{"id":35738,"date":"2026-02-27T00:31:17","date_gmt":"2026-02-27T00:31:17","guid":{"rendered":"https:\/\/nordicmart.andreevmaster.com\/product\/vasagle-kirjoituspoyta-120-x-130-x-76-cm-2-hyllya-vintage-ruskea-mustanmusta\/"},"modified":"2026-02-27T09:49:41","modified_gmt":"2026-02-27T09:49:41","slug":"vasagle-kirjoituspoyta-120-x-130-x-76-cm-2-hyllya-vintage-ruskea-mustanmusta","status":"publish","type":"product","link":"https:\/\/nordicmart.andreevmaster.com\/fi\/tuote\/vasagle-kirjoituspoyta-120-x-130-x-76-cm-2-hyllya-vintage-ruskea-mustanmusta\/","title":{"rendered":"VASAGLE-kirjoitusp\u00f6yt\u00e4 120 x 130 x 76 cm, 2 hylly\u00e4, vintage-ruskea-mustanmusta"},"content":{"rendered":"<p>VASAGLE-kirjoitusp\u00f6yt\u00e4, L-muotoinen tietokonep\u00f6yt\u00e4, kulmap\u00f6yt\u00e4 2 hyllyll\u00e4, tilaa s\u00e4\u00e4st\u00e4v\u00e4 toimistop\u00f6yt\u00e4 teollisessa designissa, pelaamiseen, helppo koota, vintage-ruskea-musta LWD72X<br \/>\nV\u00e4ri: vintage-ruskea-mustanmusta<br \/>\nMateriaali: lastulevy, ter\u00e4s<br \/>\nKoko: 120 x 130 x 76 cm (S x L x K)<br \/>\nPaino: 18,2 kg<br \/>\nP\u00f6yt\u00e4levyn maks. staattinen kantavuus: 50 kg<br \/>\nP\u00f6yt\u00e4levyn alla olevan hyllyn maks. staattinen kantavuus: 10 kg<\/p>\n","protected":false},"excerpt":{"rendered":"<p>VASAGLE-kirjoitusp\u00f6yt\u00e4, L-muotoinen tietokonep\u00f6yt\u00e4, kulmap\u00f6yt\u00e4 2 hyllyll\u00e4, tilaa s\u00e4\u00e4st\u00e4v\u00e4 toimistop\u00f6yt\u00e4 teollisessa designissa, pelaamiseen, helppo koota, vintage-ruskea-musta LWD72X<\/p>\n","protected":false},"featured_media":44279,"comment_status":"open","ping_status":"closed","template":"","meta":[],"product_brand":[],"product_cat":[32],"product_tag":[],"class_list":{"0":"post-35738","1":"product","2":"type-product","3":"status-publish","4":"has-post-thumbnail","6":"product_cat-uncategorized-fi","8":"first","9":"instock","10":"shipping-taxable","11":"purchasable","12":"product-type-simple"},"_links":{"self":[{"href":"https:\/\/nordicmart.andreevmaster.com\/fi\/wp-json\/wp\/v2\/product\/35738","targetHints":{"allow":["GET"]}}],"collection":[{"href":"https:\/\/nordicmart.andreevmaster.com\/fi\/wp-json\/wp\/v2\/product"}],"about":[{"href":"https:\/\/nordicmart.andreevmaster.com\/fi\/wp-json\/wp\/v2\/types\/product"}],"replies":[{"embeddable":true,"href":"https:\/\/nordicmart.andreevmaster.com\/fi\/wp-json\/wp\/v2\/comments?post=35738"}],"wp:featuredmedia":[{"embeddable":true,"href":"https:\/\/nordicmart.andreevmaster.com\/fi\/wp-json\/wp\/v2\/media\/44279"}],"wp:attachment":[{"href":"https:\/\/nordicmart.andreevmaster.com\/fi\/wp-json\/wp\/v2\/media?parent=35738"}],"wp:term":[{"taxonomy":"product_brand","embeddable":true,"href":"https:\/\/nordicmart.andreevmaster.com\/fi\/wp-json\/wp\/v2\/product_brand?post=35738"},{"taxonomy":"product_cat","embeddable":true,"href":"https:\/\/nordicmart.andreevmaster.com\/fi\/wp-json\/wp\/v2\/product_cat?post=35738"},{"taxonomy":"product_tag","embeddable":true,"href":"https:\/\/nordicmart.andreevmaster.com\/fi\/wp-json\/wp\/v2\/product_tag?post=35738"}],"curies":[{"name":"wp","href":"https:\/\/api.w.org\/{rel}","templated":true}]}}