{"id":35734,"date":"2026-02-27T00:31:15","date_gmt":"2026-02-27T00:31:15","guid":{"rendered":"https:\/\/nordicmart.andreevmaster.com\/product\/vasagle-kirjoituspoyta-monitoritelineella-55-x-135-x-76-cm-eebenpuunmusta\/"},"modified":"2026-02-27T09:49:40","modified_gmt":"2026-02-27T09:49:40","slug":"vasagle-kirjoituspoyta-monitoritelineella-55-x-135-x-76-cm-eebenpuunmusta","status":"publish","type":"product","link":"https:\/\/nordicmart.andreevmaster.com\/fi\/tuote\/vasagle-kirjoituspoyta-monitoritelineella-55-x-135-x-76-cm-eebenpuunmusta\/","title":{"rendered":"VASAGLE-kirjoitusp\u00f6yt\u00e4 monitoritelineell\u00e4 55 x 135 x 76 cm, eebenpuunmusta"},"content":{"rendered":"<p>VASAGLE-kirjoitusp\u00f6yt\u00e4, pelip\u00f6yt\u00e4 sis\u00e4\u00e4nrakennetulla pistorasialistalla, tietokonep\u00f6yt\u00e4, 2 monitorin telineell\u00e4, makuuhuone, 55 x 135 x 76 cm, eebenpuunmusta LWD117B01<br \/>\nV\u00e4ri: eebenpuunmusta<br \/>\nMateriaali: lastulevy, ter\u00e4s<br \/>\nKoko: 55 \u00d7 135 \u00d7 76 cm (S x L x K)<br \/>\nP\u00f6yd\u00e4n korkeus monitoritelineell\u00e4: 91 cm<br \/>\nPaino: 20,5 kg<br \/>\nP\u00f6yt\u00e4levyn maks. staattinen kantavuus: 100 kg<br \/>\nMonitoritelineen maks. staattinen kantavuus: 20 kg<\/p>\n","protected":false},"excerpt":{"rendered":"<p>VASAGLE-kirjoitusp\u00f6yt\u00e4, pelip\u00f6yt\u00e4 sis\u00e4\u00e4nrakennetulla pistorasialistalla, tietokonep\u00f6yt\u00e4, 2 monitorin telineell\u00e4, makuuhuone, 55 x 135 x 76 cm, eebenpuunmusta LWD117B01<\/p>\n","protected":false},"featured_media":44275,"comment_status":"open","ping_status":"closed","template":"","meta":[],"product_brand":[],"product_cat":[32],"product_tag":[],"class_list":{"0":"post-35734","1":"product","2":"type-product","3":"status-publish","4":"has-post-thumbnail","6":"product_cat-uncategorized-fi","8":"first","9":"instock","10":"shipping-taxable","11":"purchasable","12":"product-type-simple"},"_links":{"self":[{"href":"https:\/\/nordicmart.andreevmaster.com\/fi\/wp-json\/wp\/v2\/product\/35734","targetHints":{"allow":["GET"]}}],"collection":[{"href":"https:\/\/nordicmart.andreevmaster.com\/fi\/wp-json\/wp\/v2\/product"}],"about":[{"href":"https:\/\/nordicmart.andreevmaster.com\/fi\/wp-json\/wp\/v2\/types\/product"}],"replies":[{"embeddable":true,"href":"https:\/\/nordicmart.andreevmaster.com\/fi\/wp-json\/wp\/v2\/comments?post=35734"}],"wp:featuredmedia":[{"embeddable":true,"href":"https:\/\/nordicmart.andreevmaster.com\/fi\/wp-json\/wp\/v2\/media\/44275"}],"wp:attachment":[{"href":"https:\/\/nordicmart.andreevmaster.com\/fi\/wp-json\/wp\/v2\/media?parent=35734"}],"wp:term":[{"taxonomy":"product_brand","embeddable":true,"href":"https:\/\/nordicmart.andreevmaster.com\/fi\/wp-json\/wp\/v2\/product_brand?post=35734"},{"taxonomy":"product_cat","embeddable":true,"href":"https:\/\/nordicmart.andreevmaster.com\/fi\/wp-json\/wp\/v2\/product_cat?post=35734"},{"taxonomy":"product_tag","embeddable":true,"href":"https:\/\/nordicmart.andreevmaster.com\/fi\/wp-json\/wp\/v2\/product_tag?post=35734"}],"curies":[{"name":"wp","href":"https:\/\/api.w.org\/{rel}","templated":true}]}}