{"id":35732,"date":"2026-02-27T00:31:15","date_gmt":"2026-02-27T00:31:15","guid":{"rendered":"https:\/\/nordicmart.andreevmaster.com\/product\/vasagle-tietokonepoyta-3-hyllya-ja-2-laatikkoa-luonnonvarinen-tammi-helmenvalkoinen\/"},"modified":"2026-02-27T09:49:39","modified_gmt":"2026-02-27T09:49:39","slug":"vasagle-tietokonepoyta-3-hyllya-ja-2-laatikkoa-luonnonvarinen-tammi-helmenvalkoinen","status":"publish","type":"product","link":"https:\/\/nordicmart.andreevmaster.com\/fi\/tuote\/vasagle-tietokonepoyta-3-hyllya-ja-2-laatikkoa-luonnonvarinen-tammi-helmenvalkoinen\/","title":{"rendered":"VASAGLE tietokonep\u00f6yt\u00e4, 3 hylly\u00e4 ja 2 laatikkoa, luonnonv\u00e4rinen tammi-helmenvalkoinen"},"content":{"rendered":"<p>VASAGLE Kirjoitusp\u00f6yt\u00e4, tietokonep\u00f6yt\u00e4, PC-p\u00f6yt\u00e4, toimistop\u00f6yt\u00e4, 2 hyllyll\u00e4 oikealla tai vasemmalla puolella, toimistoon, olohuoneeseen, ter\u00e4srunko, teollinen muotoilu, musta LWD047B16<br \/>\nV\u00e4ri: luonnonv\u00e4rinen tammi-helmenvalkoinen<br \/>\nMateriaali: lastulevy, ter\u00e4s, kuitukangas<br \/>\nKoko: 140 x 60 x 76 cm (L x S x K)<br \/>\nPaino: 23,5 kg<br \/>\nP\u00f6yt\u00e4levyn maks. staattinen kantavuus: 50 kg<br \/>\nHyllyjen maks. staattinen kantavuus: 10 kg<\/p>\n","protected":false},"excerpt":{"rendered":"<p>VASAGLE Kirjoitusp\u00f6yt\u00e4, tietokonep\u00f6yt\u00e4, PC-p\u00f6yt\u00e4, toimistop\u00f6yt\u00e4, 2 hyllyll\u00e4 oikealla tai vasemmalla puolella, toimistoon, olohuoneeseen, ter\u00e4srunko, teollinen muotoilu, musta LWD047B16<\/p>\n","protected":false},"featured_media":44273,"comment_status":"open","ping_status":"closed","template":"","meta":[],"product_brand":[],"product_cat":[32],"product_tag":[],"class_list":{"0":"post-35732","1":"product","2":"type-product","3":"status-publish","4":"has-post-thumbnail","6":"product_cat-uncategorized-fi","8":"first","9":"instock","10":"shipping-taxable","11":"purchasable","12":"product-type-simple"},"_links":{"self":[{"href":"https:\/\/nordicmart.andreevmaster.com\/fi\/wp-json\/wp\/v2\/product\/35732","targetHints":{"allow":["GET"]}}],"collection":[{"href":"https:\/\/nordicmart.andreevmaster.com\/fi\/wp-json\/wp\/v2\/product"}],"about":[{"href":"https:\/\/nordicmart.andreevmaster.com\/fi\/wp-json\/wp\/v2\/types\/product"}],"replies":[{"embeddable":true,"href":"https:\/\/nordicmart.andreevmaster.com\/fi\/wp-json\/wp\/v2\/comments?post=35732"}],"wp:featuredmedia":[{"embeddable":true,"href":"https:\/\/nordicmart.andreevmaster.com\/fi\/wp-json\/wp\/v2\/media\/44273"}],"wp:attachment":[{"href":"https:\/\/nordicmart.andreevmaster.com\/fi\/wp-json\/wp\/v2\/media?parent=35732"}],"wp:term":[{"taxonomy":"product_brand","embeddable":true,"href":"https:\/\/nordicmart.andreevmaster.com\/fi\/wp-json\/wp\/v2\/product_brand?post=35732"},{"taxonomy":"product_cat","embeddable":true,"href":"https:\/\/nordicmart.andreevmaster.com\/fi\/wp-json\/wp\/v2\/product_cat?post=35732"},{"taxonomy":"product_tag","embeddable":true,"href":"https:\/\/nordicmart.andreevmaster.com\/fi\/wp-json\/wp\/v2\/product_tag?post=35732"}],"curies":[{"name":"wp","href":"https:\/\/api.w.org\/{rel}","templated":true}]}}