{"id":35728,"date":"2026-02-27T00:31:14","date_gmt":"2026-02-27T00:31:14","guid":{"rendered":"https:\/\/nordicmart.andreevmaster.com\/product\/vasagle-l-muotoinen-tyopoyta-2-laatikkoa-135-x-105-cm\/"},"modified":"2026-02-27T09:49:38","modified_gmt":"2026-02-27T09:49:38","slug":"vasagle-l-muotoinen-tyopoyta-2-laatikkoa-135-x-105-cm","status":"publish","type":"product","link":"https:\/\/nordicmart.andreevmaster.com\/fi\/tuote\/vasagle-l-muotoinen-tyopoyta-2-laatikkoa-135-x-105-cm\/","title":{"rendered":"VASAGLE L-muotoinen ty\u00f6p\u00f6yt\u00e4, 2 laatikkoa, 135 x 105 cm"},"content":{"rendered":"<p>VASAGLE L-muotoinen ty\u00f6p\u00f6yt\u00e4, 2 tilavaa laatikkoa, tietokonep\u00f6yt\u00e4 monitoritelineell\u00e4, kulmap\u00f6yt\u00e4, pelip\u00f6yt\u00e4 s\u00e4\u00e4dett\u00e4v\u00e4ll\u00e4 hyllyll\u00e4 115 x 105 cm vintage-ruskea LWD097B01<br \/>\nV\u00e4ri: vintage-ruskea<br \/>\nMateriaali: lastulevy, ter\u00e4s, kuitukangas, polyester-puuvillakangas<br \/>\nKoko: 105 x 135 x 89,5 cm (S x L x K)<br \/>\nPaino: 22,3 kg<br \/>\nP\u00f6yt\u00e4levyn maks. staattinen kantavuus: 50 kg<br \/>\nMonitoritelineen maks. staattinen kantavuus: 20 kg<\/p>\n","protected":false},"excerpt":{"rendered":"<p>VASAGLE L-muotoinen ty\u00f6p\u00f6yt\u00e4, 2 tilavaa laatikkoa, tietokonep\u00f6yt\u00e4 monitoritelineell\u00e4, kulmap\u00f6yt\u00e4, pelip\u00f6yt\u00e4 s\u00e4\u00e4dett\u00e4v\u00e4ll\u00e4 hyllyll\u00e4 115 x 105 cm vintage-ruskea LWD097B01<\/p>\n","protected":false},"featured_media":44269,"comment_status":"open","ping_status":"closed","template":"","meta":[],"product_brand":[],"product_cat":[32],"product_tag":[],"class_list":{"0":"post-35728","1":"product","2":"type-product","3":"status-publish","4":"has-post-thumbnail","6":"product_cat-uncategorized-fi","8":"first","9":"instock","10":"shipping-taxable","11":"purchasable","12":"product-type-simple"},"_links":{"self":[{"href":"https:\/\/nordicmart.andreevmaster.com\/fi\/wp-json\/wp\/v2\/product\/35728","targetHints":{"allow":["GET"]}}],"collection":[{"href":"https:\/\/nordicmart.andreevmaster.com\/fi\/wp-json\/wp\/v2\/product"}],"about":[{"href":"https:\/\/nordicmart.andreevmaster.com\/fi\/wp-json\/wp\/v2\/types\/product"}],"replies":[{"embeddable":true,"href":"https:\/\/nordicmart.andreevmaster.com\/fi\/wp-json\/wp\/v2\/comments?post=35728"}],"wp:featuredmedia":[{"embeddable":true,"href":"https:\/\/nordicmart.andreevmaster.com\/fi\/wp-json\/wp\/v2\/media\/44269"}],"wp:attachment":[{"href":"https:\/\/nordicmart.andreevmaster.com\/fi\/wp-json\/wp\/v2\/media?parent=35728"}],"wp:term":[{"taxonomy":"product_brand","embeddable":true,"href":"https:\/\/nordicmart.andreevmaster.com\/fi\/wp-json\/wp\/v2\/product_brand?post=35728"},{"taxonomy":"product_cat","embeddable":true,"href":"https:\/\/nordicmart.andreevmaster.com\/fi\/wp-json\/wp\/v2\/product_cat?post=35728"},{"taxonomy":"product_tag","embeddable":true,"href":"https:\/\/nordicmart.andreevmaster.com\/fi\/wp-json\/wp\/v2\/product_tag?post=35728"}],"curies":[{"name":"wp","href":"https:\/\/api.w.org\/{rel}","templated":true}]}}