{"id":35721,"date":"2026-02-27T00:31:12","date_gmt":"2026-02-27T00:31:12","guid":{"rendered":"https:\/\/nordicmart.andreevmaster.com\/product\/vasagle-kirjoituspoyta-laatikoilla-ja-naytonjalustalla-eebenpuunmusta\/"},"modified":"2026-02-27T09:49:37","modified_gmt":"2026-02-27T09:49:37","slug":"vasagle-kirjoituspoyta-laatikoilla-ja-naytonjalustalla-eebenpuunmusta","status":"publish","type":"product","link":"https:\/\/nordicmart.andreevmaster.com\/fi\/tuote\/vasagle-kirjoituspoyta-laatikoilla-ja-naytonjalustalla-eebenpuunmusta\/","title":{"rendered":"VASAGLE-kirjoitusp\u00f6yt\u00e4 laatikoilla ja n\u00e4yt\u00f6njalustalla, eebenpuunmusta"},"content":{"rendered":"<p>VASAGLE Kirjoitusp\u00f6yt\u00e4 laatikoilla, tietokonep\u00f6yt\u00e4 monitoritelineell\u00e4, LED-valaistus, 55 x 135 x 90 cm, sis\u00e4\u00e4nrakennetut pistorasiat, 2 USB-liit\u00e4nt\u00e4\u00e4, kotitoimistoon, eebenpuunmusta LWD094B56<br \/>\nV\u00e4ri    Eebenpuunmusta<br \/>\nPakkauksen mitat    \u200e110 x 65 x 13,5 cm; 24 kg<br \/>\nTuotteen paino    \u200e24 kg<\/p>\n","protected":false},"excerpt":{"rendered":"<p>VASAGLE Kirjoitusp\u00f6yt\u00e4 laatikoilla, tietokonep\u00f6yt\u00e4 monitoritelineell\u00e4, LED-valaistus, 55 x 135 x 90 cm, sis\u00e4\u00e4nrakennetut pistorasiat, 2 USB-liit\u00e4nt\u00e4\u00e4, kotitoimistoon, eebenpuunmusta LWD094B56<\/p>\n","protected":false},"featured_media":44262,"comment_status":"open","ping_status":"closed","template":"","meta":[],"product_brand":[],"product_cat":[32],"product_tag":[],"class_list":{"0":"post-35721","1":"product","2":"type-product","3":"status-publish","4":"has-post-thumbnail","6":"product_cat-uncategorized-fi","8":"first","9":"instock","10":"shipping-taxable","11":"purchasable","12":"product-type-simple"},"_links":{"self":[{"href":"https:\/\/nordicmart.andreevmaster.com\/fi\/wp-json\/wp\/v2\/product\/35721","targetHints":{"allow":["GET"]}}],"collection":[{"href":"https:\/\/nordicmart.andreevmaster.com\/fi\/wp-json\/wp\/v2\/product"}],"about":[{"href":"https:\/\/nordicmart.andreevmaster.com\/fi\/wp-json\/wp\/v2\/types\/product"}],"replies":[{"embeddable":true,"href":"https:\/\/nordicmart.andreevmaster.com\/fi\/wp-json\/wp\/v2\/comments?post=35721"}],"wp:featuredmedia":[{"embeddable":true,"href":"https:\/\/nordicmart.andreevmaster.com\/fi\/wp-json\/wp\/v2\/media\/44262"}],"wp:attachment":[{"href":"https:\/\/nordicmart.andreevmaster.com\/fi\/wp-json\/wp\/v2\/media?parent=35721"}],"wp:term":[{"taxonomy":"product_brand","embeddable":true,"href":"https:\/\/nordicmart.andreevmaster.com\/fi\/wp-json\/wp\/v2\/product_brand?post=35721"},{"taxonomy":"product_cat","embeddable":true,"href":"https:\/\/nordicmart.andreevmaster.com\/fi\/wp-json\/wp\/v2\/product_cat?post=35721"},{"taxonomy":"product_tag","embeddable":true,"href":"https:\/\/nordicmart.andreevmaster.com\/fi\/wp-json\/wp\/v2\/product_tag?post=35721"}],"curies":[{"name":"wp","href":"https:\/\/api.w.org\/{rel}","templated":true}]}}