{"id":35719,"date":"2026-02-27T00:31:11","date_gmt":"2026-02-27T00:31:11","guid":{"rendered":"https:\/\/nordicmart.andreevmaster.com\/product\/vasagle-kirjoituspoyta-laatikoilla-ja-pistorasioilla-eebenpuunmusta\/"},"modified":"2026-02-27T09:49:36","modified_gmt":"2026-02-27T09:49:36","slug":"vasagle-kirjoituspoyta-laatikoilla-ja-pistorasioilla-eebenpuunmusta","status":"publish","type":"product","link":"https:\/\/nordicmart.andreevmaster.com\/fi\/tuote\/vasagle-kirjoituspoyta-laatikoilla-ja-pistorasioilla-eebenpuunmusta\/","title":{"rendered":"VASAGLE-kirjoitusp\u00f6yt\u00e4 laatikoilla ja pistorasioilla, eebenpuunmusta"},"content":{"rendered":"<p>VASAGLE Kirjoitusp\u00f6yt\u00e4 laatikoilla, tietokonep\u00f6yt\u00e4 monitoritelineell\u00e4, LED-valaistus, 55 x 135 x 90 cm, sis\u00e4\u00e4nrakennetut pistorasiat, 2 USB-liit\u00e4nt\u00e4\u00e4, kotitoimistoon, eebenpuunmusta LWD094B56<br \/>\nV\u00e4ri: \u200eEebenpuunmusta<br \/>\nPakkauksen mitat: 94,5 x 65 x 14,5 cm; 22,3 kg<br \/>\nTuotteen paino: 22,3 kg<\/p>\n","protected":false},"excerpt":{"rendered":"<p>VASAGLE Kirjoitusp\u00f6yt\u00e4 laatikoilla, tietokonep\u00f6yt\u00e4 monitoritelineell\u00e4, LED-valaistus, 55 x 135 x 90 cm, sis\u00e4\u00e4nrakennetut pistorasiat, 2 USB-liit\u00e4nt\u00e4\u00e4, kotitoimistoon, eebenpuunmusta LWD094B56<\/p>\n","protected":false},"featured_media":44260,"comment_status":"open","ping_status":"closed","template":"","meta":[],"product_brand":[],"product_cat":[32],"product_tag":[],"class_list":{"0":"post-35719","1":"product","2":"type-product","3":"status-publish","4":"has-post-thumbnail","6":"product_cat-uncategorized-fi","8":"first","9":"instock","10":"shipping-taxable","11":"purchasable","12":"product-type-simple"},"_links":{"self":[{"href":"https:\/\/nordicmart.andreevmaster.com\/fi\/wp-json\/wp\/v2\/product\/35719","targetHints":{"allow":["GET"]}}],"collection":[{"href":"https:\/\/nordicmart.andreevmaster.com\/fi\/wp-json\/wp\/v2\/product"}],"about":[{"href":"https:\/\/nordicmart.andreevmaster.com\/fi\/wp-json\/wp\/v2\/types\/product"}],"replies":[{"embeddable":true,"href":"https:\/\/nordicmart.andreevmaster.com\/fi\/wp-json\/wp\/v2\/comments?post=35719"}],"wp:featuredmedia":[{"embeddable":true,"href":"https:\/\/nordicmart.andreevmaster.com\/fi\/wp-json\/wp\/v2\/media\/44260"}],"wp:attachment":[{"href":"https:\/\/nordicmart.andreevmaster.com\/fi\/wp-json\/wp\/v2\/media?parent=35719"}],"wp:term":[{"taxonomy":"product_brand","embeddable":true,"href":"https:\/\/nordicmart.andreevmaster.com\/fi\/wp-json\/wp\/v2\/product_brand?post=35719"},{"taxonomy":"product_cat","embeddable":true,"href":"https:\/\/nordicmart.andreevmaster.com\/fi\/wp-json\/wp\/v2\/product_cat?post=35719"},{"taxonomy":"product_tag","embeddable":true,"href":"https:\/\/nordicmart.andreevmaster.com\/fi\/wp-json\/wp\/v2\/product_tag?post=35719"}],"curies":[{"name":"wp","href":"https:\/\/api.w.org\/{rel}","templated":true}]}}