{"id":35712,"date":"2026-02-27T00:31:09","date_gmt":"2026-02-27T00:31:09","guid":{"rendered":"https:\/\/nordicmart.andreevmaster.com\/product\/vasagle-l-muotoinen-tyopoyta-helppo-koota\/"},"modified":"2026-02-27T09:49:35","modified_gmt":"2026-02-27T09:49:35","slug":"vasagle-l-muotoinen-tyopoyta-helppo-koota","status":"publish","type":"product","link":"https:\/\/nordicmart.andreevmaster.com\/fi\/tuote\/vasagle-l-muotoinen-tyopoyta-helppo-koota\/","title":{"rendered":"VASAGLE L-muotoinen ty\u00f6p\u00f6yt\u00e4, helppo koota"},"content":{"rendered":"<p>VASAGLE kulmainen ty\u00f6p\u00f6yt\u00e4, L-muotoinen tietokonep\u00f6yt\u00e4, toimistop\u00f6yt\u00e4, ty\u00f6huone, kotitoimisto, pelaaminen, tilaa s\u00e4\u00e4st\u00e4v\u00e4, helppo asentaa, teollinen muotoilu, greige-musta LWD073B02<br \/>\nV\u00e4ri: eebenpuunmusta-mustanmusta<br \/>\nMateriaali: lastulevy, ter\u00e4s<br \/>\nKoko: 149 x 149 x 76 cm (S x L x K)<br \/>\nPaino: 23,2 kg<br \/>\nKokonaiskuormituskyky: 50 kg<\/p>\n","protected":false},"excerpt":{"rendered":"<p>VASAGLE kulmainen ty\u00f6p\u00f6yt\u00e4, L-muotoinen tietokonep\u00f6yt\u00e4, toimistop\u00f6yt\u00e4, ty\u00f6huone, kotitoimisto, pelaaminen, tilaa s\u00e4\u00e4st\u00e4v\u00e4, helppo asentaa, teollinen muotoilu, greige-musta LWD073B02<\/p>\n","protected":false},"featured_media":44253,"comment_status":"open","ping_status":"closed","template":"","meta":[],"product_brand":[],"product_cat":[32],"product_tag":[],"class_list":{"0":"post-35712","1":"product","2":"type-product","3":"status-publish","4":"has-post-thumbnail","6":"product_cat-uncategorized-fi","8":"first","9":"instock","10":"shipping-taxable","11":"purchasable","12":"product-type-simple"},"_links":{"self":[{"href":"https:\/\/nordicmart.andreevmaster.com\/fi\/wp-json\/wp\/v2\/product\/35712","targetHints":{"allow":["GET"]}}],"collection":[{"href":"https:\/\/nordicmart.andreevmaster.com\/fi\/wp-json\/wp\/v2\/product"}],"about":[{"href":"https:\/\/nordicmart.andreevmaster.com\/fi\/wp-json\/wp\/v2\/types\/product"}],"replies":[{"embeddable":true,"href":"https:\/\/nordicmart.andreevmaster.com\/fi\/wp-json\/wp\/v2\/comments?post=35712"}],"wp:featuredmedia":[{"embeddable":true,"href":"https:\/\/nordicmart.andreevmaster.com\/fi\/wp-json\/wp\/v2\/media\/44253"}],"wp:attachment":[{"href":"https:\/\/nordicmart.andreevmaster.com\/fi\/wp-json\/wp\/v2\/media?parent=35712"}],"wp:term":[{"taxonomy":"product_brand","embeddable":true,"href":"https:\/\/nordicmart.andreevmaster.com\/fi\/wp-json\/wp\/v2\/product_brand?post=35712"},{"taxonomy":"product_cat","embeddable":true,"href":"https:\/\/nordicmart.andreevmaster.com\/fi\/wp-json\/wp\/v2\/product_cat?post=35712"},{"taxonomy":"product_tag","embeddable":true,"href":"https:\/\/nordicmart.andreevmaster.com\/fi\/wp-json\/wp\/v2\/product_tag?post=35712"}],"curies":[{"name":"wp","href":"https:\/\/api.w.org\/{rel}","templated":true}]}}