{"id":35707,"date":"2026-02-27T00:31:08","date_gmt":"2026-02-27T00:31:08","guid":{"rendered":"https:\/\/nordicmart.andreevmaster.com\/product\/vasagle-kirjoituspoyta-118-x-60-cm-ritilalla\/"},"modified":"2026-02-27T09:49:34","modified_gmt":"2026-02-27T09:49:34","slug":"vasagle-kirjoituspoyta-118-x-60-cm-ritilalla","status":"publish","type":"product","link":"https:\/\/nordicmart.andreevmaster.com\/fi\/tuote\/vasagle-kirjoituspoyta-118-x-60-cm-ritilalla\/","title":{"rendered":"VASAGLE-kirjoitusp\u00f6yt\u00e4 118 x 60 cm, ritil\u00e4ll\u00e4"},"content":{"rendered":"<p>Tuotetiedot: &#8211; V\u00e4ri: vintage-ruskea-musta &#8211; Materiaali: lastulevy, ter\u00e4s, Oxford-kangas &#8211; Koko: 118 x 60 x 75\/120 cm (P x L x K) &#8211; Paino: 18,4 kg &#8211; Maks. staattinen kantavuus: 50 kg Toimitus sis\u00e4lt\u00e4\u00e4:- 1 x tietokonep\u00f6yt\u00e4 &#8211; 1 x lis\u00e4varustepaketti &#8211; 6 x kiinnike &#8211; 1 x ohjeet (DE, EN, FR, ES, IT) VASAGLE Huomautukset: &#8211; Turvallisuussyist\u00e4 lapset eiv\u00e4t saa kiivet\u00e4 tuotteelle tai leikki\u00e4 sill\u00e4.<\/p>\n","protected":false},"excerpt":{"rendered":"<p>VASAGLE tietokonep\u00f6yt\u00e4, kirjoitusp\u00f6yt\u00e4, ritil\u00e4ll\u00e4 ja kangaspusseilla, ter\u00e4srunko, pituus 118 cm, teollinen muotoilu, vintage-ruskea-musta LWD068B01<\/p>\n","protected":false},"featured_media":44248,"comment_status":"open","ping_status":"closed","template":"","meta":[],"product_brand":[],"product_cat":[32],"product_tag":[],"class_list":{"0":"post-35707","1":"product","2":"type-product","3":"status-publish","4":"has-post-thumbnail","6":"product_cat-uncategorized-fi","8":"first","9":"instock","10":"shipping-taxable","11":"purchasable","12":"product-type-simple"},"_links":{"self":[{"href":"https:\/\/nordicmart.andreevmaster.com\/fi\/wp-json\/wp\/v2\/product\/35707","targetHints":{"allow":["GET"]}}],"collection":[{"href":"https:\/\/nordicmart.andreevmaster.com\/fi\/wp-json\/wp\/v2\/product"}],"about":[{"href":"https:\/\/nordicmart.andreevmaster.com\/fi\/wp-json\/wp\/v2\/types\/product"}],"replies":[{"embeddable":true,"href":"https:\/\/nordicmart.andreevmaster.com\/fi\/wp-json\/wp\/v2\/comments?post=35707"}],"wp:featuredmedia":[{"embeddable":true,"href":"https:\/\/nordicmart.andreevmaster.com\/fi\/wp-json\/wp\/v2\/media\/44248"}],"wp:attachment":[{"href":"https:\/\/nordicmart.andreevmaster.com\/fi\/wp-json\/wp\/v2\/media?parent=35707"}],"wp:term":[{"taxonomy":"product_brand","embeddable":true,"href":"https:\/\/nordicmart.andreevmaster.com\/fi\/wp-json\/wp\/v2\/product_brand?post=35707"},{"taxonomy":"product_cat","embeddable":true,"href":"https:\/\/nordicmart.andreevmaster.com\/fi\/wp-json\/wp\/v2\/product_cat?post=35707"},{"taxonomy":"product_tag","embeddable":true,"href":"https:\/\/nordicmart.andreevmaster.com\/fi\/wp-json\/wp\/v2\/product_tag?post=35707"}],"curies":[{"name":"wp","href":"https:\/\/api.w.org\/{rel}","templated":true}]}}