{"id":35704,"date":"2026-02-27T00:31:07","date_gmt":"2026-02-27T00:31:07","guid":{"rendered":"https:\/\/nordicmart.andreevmaster.com\/product\/vasagle-tietokonepoyta-vintage-ruskea-musta\/"},"modified":"2026-02-27T09:49:33","modified_gmt":"2026-02-27T09:49:33","slug":"vasagle-tietokonepoyta-vintage-ruskea-musta","status":"publish","type":"product","link":"https:\/\/nordicmart.andreevmaster.com\/fi\/tuote\/vasagle-tietokonepoyta-vintage-ruskea-musta\/","title":{"rendered":"VASAGLE tietokonep\u00f6yt\u00e4 vintage-ruskea-musta"},"content":{"rendered":"<p>Tuotetiedot: V\u00e4ri: vintage-ruskea-musta Materiaali: lastulevy, ter\u00e4s Koko: 118 x 60 x 89 cm (P x L x K) Paino: 26,5 kg Maks. kantavuus: 50 kg Toimitus sis\u00e4lt\u00e4\u00e4: 1 x tietokonep\u00f6yt\u00e4 1 x lis\u00e4varustepaketti 1 x ohjeet (DE, EN, FR, ES, IT) VASAGLE Huomautukset: Turvallisuussyist\u00e4 lapset eiv\u00e4t saa kiivet\u00e4 tuotteelle tai leikki\u00e4 sill\u00e4.<\/p>\n","protected":false},"excerpt":{"rendered":"<p>VASAGLE tietokonep\u00f6yt\u00e4, ty\u00f6p\u00f6yt\u00e4 monitoritelineell\u00e4, rullavaunulla, asiakirjojen s\u00e4ilytystilalla, kotitoimisto, ty\u00f6huone, teollinen tyyli, vintage-ruskea-musta LWD060B01<\/p>\n","protected":false},"featured_media":44245,"comment_status":"open","ping_status":"closed","template":"","meta":[],"product_brand":[],"product_cat":[32],"product_tag":[],"class_list":{"0":"post-35704","1":"product","2":"type-product","3":"status-publish","4":"has-post-thumbnail","6":"product_cat-uncategorized-fi","8":"first","9":"instock","10":"shipping-taxable","11":"purchasable","12":"product-type-simple"},"_links":{"self":[{"href":"https:\/\/nordicmart.andreevmaster.com\/fi\/wp-json\/wp\/v2\/product\/35704","targetHints":{"allow":["GET"]}}],"collection":[{"href":"https:\/\/nordicmart.andreevmaster.com\/fi\/wp-json\/wp\/v2\/product"}],"about":[{"href":"https:\/\/nordicmart.andreevmaster.com\/fi\/wp-json\/wp\/v2\/types\/product"}],"replies":[{"embeddable":true,"href":"https:\/\/nordicmart.andreevmaster.com\/fi\/wp-json\/wp\/v2\/comments?post=35704"}],"wp:featuredmedia":[{"embeddable":true,"href":"https:\/\/nordicmart.andreevmaster.com\/fi\/wp-json\/wp\/v2\/media\/44245"}],"wp:attachment":[{"href":"https:\/\/nordicmart.andreevmaster.com\/fi\/wp-json\/wp\/v2\/media?parent=35704"}],"wp:term":[{"taxonomy":"product_brand","embeddable":true,"href":"https:\/\/nordicmart.andreevmaster.com\/fi\/wp-json\/wp\/v2\/product_brand?post=35704"},{"taxonomy":"product_cat","embeddable":true,"href":"https:\/\/nordicmart.andreevmaster.com\/fi\/wp-json\/wp\/v2\/product_cat?post=35704"},{"taxonomy":"product_tag","embeddable":true,"href":"https:\/\/nordicmart.andreevmaster.com\/fi\/wp-json\/wp\/v2\/product_tag?post=35704"}],"curies":[{"name":"wp","href":"https:\/\/api.w.org\/{rel}","templated":true}]}}