{"id":35699,"date":"2026-02-27T00:31:05","date_gmt":"2026-02-27T00:31:05","guid":{"rendered":"https:\/\/nordicmart.andreevmaster.com\/product\/vasagle-tietokonepoyta-hyllyilla-oikealla-tai-vasemmalla\/"},"modified":"2026-02-27T09:49:32","modified_gmt":"2026-02-27T09:49:32","slug":"vasagle-tietokonepoyta-hyllyilla-oikealla-tai-vasemmalla","status":"publish","type":"product","link":"https:\/\/nordicmart.andreevmaster.com\/fi\/tuote\/vasagle-tietokonepoyta-hyllyilla-oikealla-tai-vasemmalla\/","title":{"rendered":"VASAGLE-tietokonep\u00f6yt\u00e4 hyllyill\u00e4 oikealla tai vasemmalla"},"content":{"rendered":"<p>VASAGLE Kirjoitusp\u00f6yt\u00e4, 120 cm pitk\u00e4 tietokonep\u00f6yt\u00e4 hyllyill\u00e4 oikealla tai vasemmalla, toimistop\u00f6yt\u00e4, ty\u00f6huone, kotitoimisto, helppo asentaa, vakaa, teollinen muotoilu, vintage-ruskea-musta LWD48X<br \/>\nV\u00e4ri: vintage-ruskea-musta<br \/>\nMateriaali: lastulevy, ter\u00e4s<br \/>\nKoko: 56 x 137,2 x 120 cm (S x L x K)<br \/>\nPaino: 23,5 kg<br \/>\nP\u00f6yt\u00e4levyn maks. staattinen kantavuus: 100 kg<\/p>\n","protected":false},"excerpt":{"rendered":"<p>VASAGLE Kirjoitusp\u00f6yt\u00e4, 120 cm pitk\u00e4 tietokonep\u00f6yt\u00e4 hyllyill\u00e4 oikealla tai vasemmalla, toimistop\u00f6yt\u00e4, ty\u00f6huone, kotitoimisto, helppo asentaa, vakaa, teollinen muotoilu, vintage-ruskea-musta LWD48X<\/p>\n","protected":false},"featured_media":44240,"comment_status":"open","ping_status":"closed","template":"","meta":[],"product_brand":[],"product_cat":[32],"product_tag":[],"class_list":{"0":"post-35699","1":"product","2":"type-product","3":"status-publish","4":"has-post-thumbnail","6":"product_cat-uncategorized-fi","8":"first","9":"instock","10":"shipping-taxable","11":"purchasable","12":"product-type-simple"},"_links":{"self":[{"href":"https:\/\/nordicmart.andreevmaster.com\/fi\/wp-json\/wp\/v2\/product\/35699","targetHints":{"allow":["GET"]}}],"collection":[{"href":"https:\/\/nordicmart.andreevmaster.com\/fi\/wp-json\/wp\/v2\/product"}],"about":[{"href":"https:\/\/nordicmart.andreevmaster.com\/fi\/wp-json\/wp\/v2\/types\/product"}],"replies":[{"embeddable":true,"href":"https:\/\/nordicmart.andreevmaster.com\/fi\/wp-json\/wp\/v2\/comments?post=35699"}],"wp:featuredmedia":[{"embeddable":true,"href":"https:\/\/nordicmart.andreevmaster.com\/fi\/wp-json\/wp\/v2\/media\/44240"}],"wp:attachment":[{"href":"https:\/\/nordicmart.andreevmaster.com\/fi\/wp-json\/wp\/v2\/media?parent=35699"}],"wp:term":[{"taxonomy":"product_brand","embeddable":true,"href":"https:\/\/nordicmart.andreevmaster.com\/fi\/wp-json\/wp\/v2\/product_brand?post=35699"},{"taxonomy":"product_cat","embeddable":true,"href":"https:\/\/nordicmart.andreevmaster.com\/fi\/wp-json\/wp\/v2\/product_cat?post=35699"},{"taxonomy":"product_tag","embeddable":true,"href":"https:\/\/nordicmart.andreevmaster.com\/fi\/wp-json\/wp\/v2\/product_tag?post=35699"}],"curies":[{"name":"wp","href":"https:\/\/api.w.org\/{rel}","templated":true}]}}