{"id":35695,"date":"2026-02-27T00:31:04","date_gmt":"2026-02-27T00:31:04","guid":{"rendered":"https:\/\/nordicmart.andreevmaster.com\/product\/vasagle-kirjoituspoyta-jossa-2-hyllya-oikealla-tai-vasemmalla-puolella\/"},"modified":"2026-02-27T09:49:31","modified_gmt":"2026-02-27T09:49:31","slug":"vasagle-kirjoituspoyta-jossa-2-hyllya-oikealla-tai-vasemmalla-puolella","status":"publish","type":"product","link":"https:\/\/nordicmart.andreevmaster.com\/fi\/tuote\/vasagle-kirjoituspoyta-jossa-2-hyllya-oikealla-tai-vasemmalla-puolella\/","title":{"rendered":"VASAGLE Kirjoitusp\u00f6yt\u00e4, jossa 2 hylly\u00e4 oikealla tai vasemmalla puolella"},"content":{"rendered":"<p>VASAGLE Kirjoitusp\u00f6yt\u00e4, tietokonep\u00f6yt\u00e4, PC-p\u00f6yt\u00e4, toimistop\u00f6yt\u00e4, 2 hyllyll\u00e4 oikealla tai vasemmalla puolella, toimistoon, olohuoneeseen, ter\u00e4srunko, teollinen muotoilu, musta LWD047B16<br \/>\nV\u00e4ri: luonnonbeige-helmenvalkoinen<br \/>\nMateriaali: lastulevy, ter\u00e4s<br \/>\nKoko: 60 x 120 x 76 cm (S x L x K)<br \/>\nPaino: 17,7 kg<\/p>\n","protected":false},"excerpt":{"rendered":"<p>VASAGLE Kirjoitusp\u00f6yt\u00e4, tietokonep\u00f6yt\u00e4, PC-p\u00f6yt\u00e4, toimistop\u00f6yt\u00e4, 2 hyllyll\u00e4 oikealla tai vasemmalla puolella, toimistoon, olohuoneeseen, ter\u00e4srunko, teollinen muotoilu, musta LWD047B16<\/p>\n","protected":false},"featured_media":44236,"comment_status":"open","ping_status":"closed","template":"","meta":[],"product_brand":[],"product_cat":[32],"product_tag":[],"class_list":{"0":"post-35695","1":"product","2":"type-product","3":"status-publish","4":"has-post-thumbnail","6":"product_cat-uncategorized-fi","8":"first","9":"instock","10":"shipping-taxable","11":"purchasable","12":"product-type-simple"},"_links":{"self":[{"href":"https:\/\/nordicmart.andreevmaster.com\/fi\/wp-json\/wp\/v2\/product\/35695","targetHints":{"allow":["GET"]}}],"collection":[{"href":"https:\/\/nordicmart.andreevmaster.com\/fi\/wp-json\/wp\/v2\/product"}],"about":[{"href":"https:\/\/nordicmart.andreevmaster.com\/fi\/wp-json\/wp\/v2\/types\/product"}],"replies":[{"embeddable":true,"href":"https:\/\/nordicmart.andreevmaster.com\/fi\/wp-json\/wp\/v2\/comments?post=35695"}],"wp:featuredmedia":[{"embeddable":true,"href":"https:\/\/nordicmart.andreevmaster.com\/fi\/wp-json\/wp\/v2\/media\/44236"}],"wp:attachment":[{"href":"https:\/\/nordicmart.andreevmaster.com\/fi\/wp-json\/wp\/v2\/media?parent=35695"}],"wp:term":[{"taxonomy":"product_brand","embeddable":true,"href":"https:\/\/nordicmart.andreevmaster.com\/fi\/wp-json\/wp\/v2\/product_brand?post=35695"},{"taxonomy":"product_cat","embeddable":true,"href":"https:\/\/nordicmart.andreevmaster.com\/fi\/wp-json\/wp\/v2\/product_cat?post=35695"},{"taxonomy":"product_tag","embeddable":true,"href":"https:\/\/nordicmart.andreevmaster.com\/fi\/wp-json\/wp\/v2\/product_tag?post=35695"}],"curies":[{"name":"wp","href":"https:\/\/api.w.org\/{rel}","templated":true}]}}