{"id":35694,"date":"2026-02-27T00:31:04","date_gmt":"2026-02-27T00:31:04","guid":{"rendered":"https:\/\/nordicmart.andreevmaster.com\/product\/vasagle-tietokonepoyta-hyllyilla-musta\/"},"modified":"2026-02-27T09:49:31","modified_gmt":"2026-02-27T09:49:31","slug":"vasagle-tietokonepoyta-hyllyilla-musta","status":"publish","type":"product","link":"https:\/\/nordicmart.andreevmaster.com\/fi\/tuote\/vasagle-tietokonepoyta-hyllyilla-musta\/","title":{"rendered":"VASAGLE tietokonep\u00f6yt\u00e4 hyllyill\u00e4, musta"},"content":{"rendered":"<p>Tuotetiedot: &#8211; V\u00e4ri: musta &#8211; Materiaali: lastulevy, ter\u00e4s &#8211; Koko: 120 x 60 x 75 cm (P x L x K) &#8211; Paino: 18,8 kg Toimitus sis\u00e4lt\u00e4\u00e4: &#8211; 1 x ty\u00f6p\u00f6yt\u00e4 &#8211; 1 x lis\u00e4varustepaketti &#8211; 1 x ohjeet VASAGLE Huomautukset:- Turvallisuussyist\u00e4 lapset eiv\u00e4t saa kiivet\u00e4 tuotteelle tai leikki\u00e4 sill\u00e4.<\/p>\n","protected":false},"excerpt":{"rendered":"<p>VASAGLE Kirjoitusp\u00f6yt\u00e4, tietokonep\u00f6yt\u00e4, PC-p\u00f6yt\u00e4, toimistop\u00f6yt\u00e4, 2 hyllyll\u00e4 oikealla tai vasemmalla puolella, toimistoon, olohuoneeseen, ter\u00e4srunko, teollinen muotoilu, musta LWD047B16<\/p>\n","protected":false},"featured_media":44235,"comment_status":"open","ping_status":"closed","template":"","meta":[],"product_brand":[],"product_cat":[32],"product_tag":[],"class_list":{"0":"post-35694","1":"product","2":"type-product","3":"status-publish","4":"has-post-thumbnail","6":"product_cat-uncategorized-fi","8":"first","9":"instock","10":"shipping-taxable","11":"purchasable","12":"product-type-simple"},"_links":{"self":[{"href":"https:\/\/nordicmart.andreevmaster.com\/fi\/wp-json\/wp\/v2\/product\/35694","targetHints":{"allow":["GET"]}}],"collection":[{"href":"https:\/\/nordicmart.andreevmaster.com\/fi\/wp-json\/wp\/v2\/product"}],"about":[{"href":"https:\/\/nordicmart.andreevmaster.com\/fi\/wp-json\/wp\/v2\/types\/product"}],"replies":[{"embeddable":true,"href":"https:\/\/nordicmart.andreevmaster.com\/fi\/wp-json\/wp\/v2\/comments?post=35694"}],"wp:featuredmedia":[{"embeddable":true,"href":"https:\/\/nordicmart.andreevmaster.com\/fi\/wp-json\/wp\/v2\/media\/44235"}],"wp:attachment":[{"href":"https:\/\/nordicmart.andreevmaster.com\/fi\/wp-json\/wp\/v2\/media?parent=35694"}],"wp:term":[{"taxonomy":"product_brand","embeddable":true,"href":"https:\/\/nordicmart.andreevmaster.com\/fi\/wp-json\/wp\/v2\/product_brand?post=35694"},{"taxonomy":"product_cat","embeddable":true,"href":"https:\/\/nordicmart.andreevmaster.com\/fi\/wp-json\/wp\/v2\/product_cat?post=35694"},{"taxonomy":"product_tag","embeddable":true,"href":"https:\/\/nordicmart.andreevmaster.com\/fi\/wp-json\/wp\/v2\/product_tag?post=35694"}],"curies":[{"name":"wp","href":"https:\/\/api.w.org\/{rel}","templated":true}]}}