{"id":35693,"date":"2026-02-27T00:31:04","date_gmt":"2026-02-27T00:31:04","guid":{"rendered":"https:\/\/nordicmart.andreevmaster.com\/product\/vasagle-kirjoituspoyta-2-hyllya-ja-terasrunko-vaahteranvalkoinen\/"},"modified":"2026-02-27T09:49:31","modified_gmt":"2026-02-27T09:49:31","slug":"vasagle-kirjoituspoyta-2-hyllya-ja-terasrunko-vaahteranvalkoinen","status":"publish","type":"product","link":"https:\/\/nordicmart.andreevmaster.com\/fi\/tuote\/vasagle-kirjoituspoyta-2-hyllya-ja-terasrunko-vaahteranvalkoinen\/","title":{"rendered":"VASAGLE-kirjoitusp\u00f6yt\u00e4, 2 hylly\u00e4 ja ter\u00e4srunko, vaahteranvalkoinen"},"content":{"rendered":"<p>VASAGLE Kirjoitusp\u00f6yt\u00e4, tietokonep\u00f6yt\u00e4, PC-p\u00f6yt\u00e4, toimistop\u00f6yt\u00e4, jossa 2 hyllytasoa oikealla tai vasemmalla, ty\u00f6p\u00f6yt\u00e4 toimistoon, olohuoneeseen, helppo asentaa, teollinen muotoilu, vintage-ruskea-musta LWD47X<br \/>\nV\u00e4ri: vaahteranvalkoinen<br \/>\nMateriaali: lastulevy, ter\u00e4s<br \/>\nKoko: 50 x 100 x 76 cm (S x L x K)<br \/>\nPaino: 14,3 kg<\/p>\n","protected":false},"excerpt":{"rendered":"<p>VASAGLE Kirjoitusp\u00f6yt\u00e4, tietokonep\u00f6yt\u00e4, PC-p\u00f6yt\u00e4, toimistop\u00f6yt\u00e4, jossa 2 hyllytasoa oikealla tai vasemmalla, ty\u00f6p\u00f6yt\u00e4 toimistoon, olohuoneeseen, helppo asentaa, teollinen muotoilu, vintage-ruskea-musta LWD47X<\/p>\n","protected":false},"featured_media":44234,"comment_status":"open","ping_status":"closed","template":"","meta":[],"product_brand":[],"product_cat":[32],"product_tag":[],"class_list":{"0":"post-35693","1":"product","2":"type-product","3":"status-publish","4":"has-post-thumbnail","6":"product_cat-uncategorized-fi","8":"first","9":"instock","10":"shipping-taxable","11":"purchasable","12":"product-type-simple"},"_links":{"self":[{"href":"https:\/\/nordicmart.andreevmaster.com\/fi\/wp-json\/wp\/v2\/product\/35693","targetHints":{"allow":["GET"]}}],"collection":[{"href":"https:\/\/nordicmart.andreevmaster.com\/fi\/wp-json\/wp\/v2\/product"}],"about":[{"href":"https:\/\/nordicmart.andreevmaster.com\/fi\/wp-json\/wp\/v2\/types\/product"}],"replies":[{"embeddable":true,"href":"https:\/\/nordicmart.andreevmaster.com\/fi\/wp-json\/wp\/v2\/comments?post=35693"}],"wp:featuredmedia":[{"embeddable":true,"href":"https:\/\/nordicmart.andreevmaster.com\/fi\/wp-json\/wp\/v2\/media\/44234"}],"wp:attachment":[{"href":"https:\/\/nordicmart.andreevmaster.com\/fi\/wp-json\/wp\/v2\/media?parent=35693"}],"wp:term":[{"taxonomy":"product_brand","embeddable":true,"href":"https:\/\/nordicmart.andreevmaster.com\/fi\/wp-json\/wp\/v2\/product_brand?post=35693"},{"taxonomy":"product_cat","embeddable":true,"href":"https:\/\/nordicmart.andreevmaster.com\/fi\/wp-json\/wp\/v2\/product_cat?post=35693"},{"taxonomy":"product_tag","embeddable":true,"href":"https:\/\/nordicmart.andreevmaster.com\/fi\/wp-json\/wp\/v2\/product_tag?post=35693"}],"curies":[{"name":"wp","href":"https:\/\/api.w.org\/{rel}","templated":true}]}}