{"id":35668,"date":"2026-02-27T00:30:57","date_gmt":"2026-02-27T00:30:57","guid":{"rendered":"https:\/\/nordicmart.andreevmaster.com\/product\/vasagle-pieni-tietokonepoyta-teollinen-muotoilu-musta\/"},"modified":"2026-02-27T09:49:26","modified_gmt":"2026-02-27T09:49:26","slug":"vasagle-pieni-tietokonepoyta-teollinen-muotoilu-musta","status":"publish","type":"product","link":"https:\/\/nordicmart.andreevmaster.com\/fi\/tuote\/vasagle-pieni-tietokonepoyta-teollinen-muotoilu-musta\/","title":{"rendered":"VASAGLE Pieni tietokonep\u00f6yt\u00e4, teollinen muotoilu, musta"},"content":{"rendered":"<p>VASAGLE-kirjoitusp\u00f6yt\u00e4, tietokonep\u00f6yt\u00e4, kapea toimistop\u00f6yt\u00e4, 120 x 60 x 75 cm, ty\u00f6huone, kotitoimisto, toimisto, helppo koota, ter\u00e4s, teollinen muotoilu, vintage-ruskea-musta LWD039B01<br \/>\nV\u00e4ri: musta<br \/>\nMateriaali: lastulevy, ter\u00e4s<br \/>\nKoko: 50 x 80 x 76 cm (S x L x K)<br \/>\nPaino: 8,5 kg<br \/>\nMaks. staattinen kantavuus: 50 kg<\/p>\n","protected":false},"excerpt":{"rendered":"<p>VASAGLE-kirjoitusp\u00f6yt\u00e4, tietokonep\u00f6yt\u00e4, kapea toimistop\u00f6yt\u00e4, 120 x 60 x 75 cm, ty\u00f6huone, kotitoimisto, toimisto, helppo koota, ter\u00e4s, teollinen muotoilu, vintage-ruskea-musta LWD039B01<\/p>\n","protected":false},"featured_media":44209,"comment_status":"open","ping_status":"closed","template":"","meta":[],"product_brand":[],"product_cat":[32],"product_tag":[],"class_list":{"0":"post-35668","1":"product","2":"type-product","3":"status-publish","4":"has-post-thumbnail","6":"product_cat-uncategorized-fi","8":"first","9":"instock","10":"shipping-taxable","11":"purchasable","12":"product-type-simple"},"_links":{"self":[{"href":"https:\/\/nordicmart.andreevmaster.com\/fi\/wp-json\/wp\/v2\/product\/35668","targetHints":{"allow":["GET"]}}],"collection":[{"href":"https:\/\/nordicmart.andreevmaster.com\/fi\/wp-json\/wp\/v2\/product"}],"about":[{"href":"https:\/\/nordicmart.andreevmaster.com\/fi\/wp-json\/wp\/v2\/types\/product"}],"replies":[{"embeddable":true,"href":"https:\/\/nordicmart.andreevmaster.com\/fi\/wp-json\/wp\/v2\/comments?post=35668"}],"wp:featuredmedia":[{"embeddable":true,"href":"https:\/\/nordicmart.andreevmaster.com\/fi\/wp-json\/wp\/v2\/media\/44209"}],"wp:attachment":[{"href":"https:\/\/nordicmart.andreevmaster.com\/fi\/wp-json\/wp\/v2\/media?parent=35668"}],"wp:term":[{"taxonomy":"product_brand","embeddable":true,"href":"https:\/\/nordicmart.andreevmaster.com\/fi\/wp-json\/wp\/v2\/product_brand?post=35668"},{"taxonomy":"product_cat","embeddable":true,"href":"https:\/\/nordicmart.andreevmaster.com\/fi\/wp-json\/wp\/v2\/product_cat?post=35668"},{"taxonomy":"product_tag","embeddable":true,"href":"https:\/\/nordicmart.andreevmaster.com\/fi\/wp-json\/wp\/v2\/product_tag?post=35668"}],"curies":[{"name":"wp","href":"https:\/\/api.w.org\/{rel}","templated":true}]}}