{"id":35666,"date":"2026-02-27T00:30:57","date_gmt":"2026-02-27T00:30:57","guid":{"rendered":"https:\/\/nordicmart.andreevmaster.com\/product\/vasagle-kapea-toimistopoyta-teollisessa-designissa\/"},"modified":"2026-02-27T09:49:25","modified_gmt":"2026-02-27T09:49:25","slug":"vasagle-kapea-toimistopoyta-teollisessa-designissa","status":"publish","type":"product","link":"https:\/\/nordicmart.andreevmaster.com\/fi\/tuote\/vasagle-kapea-toimistopoyta-teollisessa-designissa\/","title":{"rendered":"VASAGLE Kapea toimistop\u00f6yt\u00e4 teollisessa designissa"},"content":{"rendered":"<p>Tuotetiedot:  &#8211; V\u00e4ri: vintage-ruskea-musta  &#8211; Materiaali: lastulevy, ter\u00e4s  &#8211; Koko: 80 x 50 x 75 cm (P x L x K)  &#8211; Paino: 8,5 kg  &#8211; Maks. staattinen kantavuus: 50 kg  Toimitus sis\u00e4lt\u00e4\u00e4: &#8211; 1 x ty\u00f6p\u00f6yt\u00e4 &#8211; 1 x lis\u00e4varustepaketti &#8211; 1 x ohjeet VASAGLE Huomautukset: &#8211; Turvallisuussyist\u00e4 lapset eiv\u00e4t saa kiivet\u00e4 tuotteelle tai leikki\u00e4 sill\u00e4.<\/p>\n","protected":false},"excerpt":{"rendered":"<p>VASAGLE Kirjoitusp\u00f6yt\u00e4, tietokonep\u00f6yt\u00e4, kapea toimistop\u00f6yt\u00e4, 80 x 50 x 75 cm, ty\u00f6huone, kotitoimisto, toimisto, helppo koota, ter\u00e4s, teollinen muotoilu, vintage-ruskea-musta LWD038B01<\/p>\n","protected":false},"featured_media":44207,"comment_status":"open","ping_status":"closed","template":"","meta":[],"product_brand":[],"product_cat":[32],"product_tag":[],"class_list":{"0":"post-35666","1":"product","2":"type-product","3":"status-publish","4":"has-post-thumbnail","6":"product_cat-uncategorized-fi","8":"first","9":"instock","10":"shipping-taxable","11":"purchasable","12":"product-type-simple"},"_links":{"self":[{"href":"https:\/\/nordicmart.andreevmaster.com\/fi\/wp-json\/wp\/v2\/product\/35666","targetHints":{"allow":["GET"]}}],"collection":[{"href":"https:\/\/nordicmart.andreevmaster.com\/fi\/wp-json\/wp\/v2\/product"}],"about":[{"href":"https:\/\/nordicmart.andreevmaster.com\/fi\/wp-json\/wp\/v2\/types\/product"}],"replies":[{"embeddable":true,"href":"https:\/\/nordicmart.andreevmaster.com\/fi\/wp-json\/wp\/v2\/comments?post=35666"}],"wp:featuredmedia":[{"embeddable":true,"href":"https:\/\/nordicmart.andreevmaster.com\/fi\/wp-json\/wp\/v2\/media\/44207"}],"wp:attachment":[{"href":"https:\/\/nordicmart.andreevmaster.com\/fi\/wp-json\/wp\/v2\/media?parent=35666"}],"wp:term":[{"taxonomy":"product_brand","embeddable":true,"href":"https:\/\/nordicmart.andreevmaster.com\/fi\/wp-json\/wp\/v2\/product_brand?post=35666"},{"taxonomy":"product_cat","embeddable":true,"href":"https:\/\/nordicmart.andreevmaster.com\/fi\/wp-json\/wp\/v2\/product_cat?post=35666"},{"taxonomy":"product_tag","embeddable":true,"href":"https:\/\/nordicmart.andreevmaster.com\/fi\/wp-json\/wp\/v2\/product_tag?post=35666"}],"curies":[{"name":"wp","href":"https:\/\/api.w.org\/{rel}","templated":true}]}}