{"id":35665,"date":"2026-02-27T00:30:56","date_gmt":"2026-02-27T00:30:56","guid":{"rendered":"https:\/\/nordicmart.andreevmaster.com\/product\/songmics-8-laatikkoinen-lipasto-vintage-ruskea-musta\/"},"modified":"2026-02-27T09:49:25","modified_gmt":"2026-02-27T09:49:25","slug":"songmics-8-laatikkoinen-lipasto-vintage-ruskea-musta","status":"publish","type":"product","link":"https:\/\/nordicmart.andreevmaster.com\/fi\/tuote\/songmics-8-laatikkoinen-lipasto-vintage-ruskea-musta\/","title":{"rendered":"SONGMICS 8-laatikkoinen lipasto Vintage-ruskea-musta"},"content":{"rendered":"<p>Mit\u00e4 voit tehd\u00e4 t\u00e4ll\u00e4 rullavaunulla? Luo oma tyylik\u00e4s s\u00e4ilytystila: t\u00e4yt\u00e4 j\u00e4\u00e4kaapin ja sein\u00e4n v\u00e4linen tila, aseta elintarvikkeet ja keitti\u00f6tarvikkeet vaunulle ja luo piilotettu, mutta helposti saavutettava ruokakomero, joka vie vain v\u00e4h\u00e4n tilaa.Pid\u00e4 pyykki leijumassa: aseta t\u00e4m\u00e4 rullavaunu pesukoneen viereen, laita pyykkikori sen p\u00e4\u00e4lle ja pesuaineet ja pyykkipojat alla oleviin lokeroihin. Voit s\u00e4\u00e4t\u00e4\u00e4 hyllyn korkeutta tarpeen mukaan. Hallitse kylpyhuoneen kaaosta: v\u00e4h\u00e4n tilaa kylpyhuoneessa? Ei h\u00e4t\u00e4\u00e4. T\u00e4m\u00e4 siirrett\u00e4v\u00e4 hylly sopii pesualtaan ja sein\u00e4n v\u00e4liseen kapeaan tilaan. Pid\u00e4 shampoot, kosmetiikka, pyyhkeet ja wc-paperirullat aina k\u00e4den ulottuvilla ja aloita ja lopeta jokainen p\u00e4iv\u00e4 siistiss\u00e4 ymp\u00e4rist\u00f6ss\u00e4.Tuotetiedot: V\u00e4ri: valkoinen Materiaali: ter\u00e4s Koko: 40 x 16 x 80 cm (P x L x K) Paino: 2,7 kg Maks. staattinen kantavuus hyllytasoa kohti: 20 kg Toimitus sis\u00e4lt\u00e4\u00e4: 1 x rullavaunu 4 x PP-levy 1 x lis\u00e4varustepaketti 1 x ohjeet (DE, EN, ES, FR, IT) SONGMICS-ohjeet:Muovikiinnikkeiden asennuksessa nuoli tulee aina osoittaa yl\u00f6sp\u00e4in. Tarkista asennuksen j\u00e4lkeen kaikki kiinnikkeet varmistaaksesi, ett\u00e4 ne eiv\u00e4t liiku. Varmista, ett\u00e4 kaikki kiinnikkeet ovat kunnolla lukittuneet pystytankojen syvennyksiin, jotta hyllyt ovat yhdensuuntaiset ty\u00f6tason kanssa. Hyllytasojen suurin staattinen kantavuus on 20 kg. \u00c4l\u00e4 ylit\u00e4 t\u00e4t\u00e4 enimm\u00e4ispainoa.<\/p>\n","protected":false},"excerpt":{"rendered":"<p>SONGMICS lipasto, kaappi, 8 laatikkoa, teollinen muotoilu, metallirunko, puukuviopinta, lastenhuoneeseen, makuuhuoneeseen, eteiseen, vintage-ruskea-musta LVT24H<\/p>\n","protected":false},"featured_media":44206,"comment_status":"open","ping_status":"closed","template":"","meta":[],"product_brand":[],"product_cat":[32],"product_tag":[],"class_list":{"0":"post-35665","1":"product","2":"type-product","3":"status-publish","4":"has-post-thumbnail","6":"product_cat-uncategorized-fi","8":"first","9":"instock","10":"shipping-taxable","11":"purchasable","12":"product-type-simple"},"_links":{"self":[{"href":"https:\/\/nordicmart.andreevmaster.com\/fi\/wp-json\/wp\/v2\/product\/35665","targetHints":{"allow":["GET"]}}],"collection":[{"href":"https:\/\/nordicmart.andreevmaster.com\/fi\/wp-json\/wp\/v2\/product"}],"about":[{"href":"https:\/\/nordicmart.andreevmaster.com\/fi\/wp-json\/wp\/v2\/types\/product"}],"replies":[{"embeddable":true,"href":"https:\/\/nordicmart.andreevmaster.com\/fi\/wp-json\/wp\/v2\/comments?post=35665"}],"wp:featuredmedia":[{"embeddable":true,"href":"https:\/\/nordicmart.andreevmaster.com\/fi\/wp-json\/wp\/v2\/media\/44206"}],"wp:attachment":[{"href":"https:\/\/nordicmart.andreevmaster.com\/fi\/wp-json\/wp\/v2\/media?parent=35665"}],"wp:term":[{"taxonomy":"product_brand","embeddable":true,"href":"https:\/\/nordicmart.andreevmaster.com\/fi\/wp-json\/wp\/v2\/product_brand?post=35665"},{"taxonomy":"product_cat","embeddable":true,"href":"https:\/\/nordicmart.andreevmaster.com\/fi\/wp-json\/wp\/v2\/product_cat?post=35665"},{"taxonomy":"product_tag","embeddable":true,"href":"https:\/\/nordicmart.andreevmaster.com\/fi\/wp-json\/wp\/v2\/product_tag?post=35665"}],"curies":[{"name":"wp","href":"https:\/\/api.w.org\/{rel}","templated":true}]}}