{"id":35664,"date":"2026-02-27T00:30:56","date_gmt":"2026-02-27T00:30:56","guid":{"rendered":"https:\/\/nordicmart.andreevmaster.com\/product\/songmics-lipasto-vintage-ruskea-musta\/"},"modified":"2026-02-27T09:49:25","modified_gmt":"2026-02-27T09:49:25","slug":"songmics-lipasto-vintage-ruskea-musta","status":"publish","type":"product","link":"https:\/\/nordicmart.andreevmaster.com\/fi\/tuote\/songmics-lipasto-vintage-ruskea-musta\/","title":{"rendered":"SONGMICS lipasto vintage-ruskea-musta"},"content":{"rendered":"<p>Paljon huomiota yksityiskohtiin: \u00c4l\u00e4 huoli, jos sinulla on lapsia, sill\u00e4 t\u00e4m\u00e4n y\u00f6p\u00f6yd\u00e4n muotoilu on lapsille sopiva. Mukana toimitettu kaatumissuoja takaa turvallisen ymp\u00e4rist\u00f6n perheellesi, ja kangaspussit est\u00e4v\u00e4t pienten k\u00e4sien j\u00e4\u00e4misen puristuksiin, kun lapsesi haluavat laittaa vaatteensa itse laatikoihin. Helppo asennus: Yksinkertaisen muotoilun ja mukana toimitettujen asennustarvikkeiden ansiosta sinun ei tarvitse viett\u00e4\u00e4 koko sunnuntai-iltap\u00e4iv\u00e4\u00e4si kokoonpanossa. Seuraa vain helppotajuisia ohjeita, niin saat t\u00e4m\u00e4n sivup\u00f6yd\u00e4n koottua hetkess\u00e4. Tuotetiedot: V\u00e4ri: vintage-ruskea-musta Materiaali: MDF (keskitihe\u00e4 kuitulevy), metalli, laatikoiden etuosa, keinonahka, alaosa Oxford-kangasta, kuitukangas Koko: 80 x 30 x 70 cm (P x L x K) Paino: 8,4 kg Pinnan maks. staattinen kantavuus: 15 kg Laatikon maks. staattinen kantavuus: 3 kg Toimitus sis\u00e4lt\u00e4\u00e4: 1 x lipasto 12 x etiketti 1 x kuusiokoloavain 1 x lis\u00e4varustepaketti SONGMICS Huomautukset:\u00c4l\u00e4 t\u00e4yt\u00e4 laatikoita liian painavilla esineill\u00e4. Pyyhi tuote p\u00e4ivitt\u00e4in kostealla liinalla. Jos tuotteesta tulee avaamisen j\u00e4lkeen \u201duuden\u201d tuoksu, aseta se hetkeksi hyvin tuuletettuun paikkaan.<\/p>\n","protected":false},"excerpt":{"rendered":"<p>SONGMICS lipasto, kaappi, 6 laatikkoa, teollinen tyyli, metallirunko, puukuvioinen pinta, lastenhuoneeseen, makuuhuoneeseen, eteiseen, vintage-ruskea-musta LVT23HV1<\/p>\n","protected":false},"featured_media":44205,"comment_status":"open","ping_status":"closed","template":"","meta":[],"product_brand":[],"product_cat":[32],"product_tag":[],"class_list":{"0":"post-35664","1":"product","2":"type-product","3":"status-publish","4":"has-post-thumbnail","6":"product_cat-uncategorized-fi","8":"first","9":"instock","10":"shipping-taxable","11":"purchasable","12":"product-type-simple"},"_links":{"self":[{"href":"https:\/\/nordicmart.andreevmaster.com\/fi\/wp-json\/wp\/v2\/product\/35664","targetHints":{"allow":["GET"]}}],"collection":[{"href":"https:\/\/nordicmart.andreevmaster.com\/fi\/wp-json\/wp\/v2\/product"}],"about":[{"href":"https:\/\/nordicmart.andreevmaster.com\/fi\/wp-json\/wp\/v2\/types\/product"}],"replies":[{"embeddable":true,"href":"https:\/\/nordicmart.andreevmaster.com\/fi\/wp-json\/wp\/v2\/comments?post=35664"}],"wp:featuredmedia":[{"embeddable":true,"href":"https:\/\/nordicmart.andreevmaster.com\/fi\/wp-json\/wp\/v2\/media\/44205"}],"wp:attachment":[{"href":"https:\/\/nordicmart.andreevmaster.com\/fi\/wp-json\/wp\/v2\/media?parent=35664"}],"wp:term":[{"taxonomy":"product_brand","embeddable":true,"href":"https:\/\/nordicmart.andreevmaster.com\/fi\/wp-json\/wp\/v2\/product_brand?post=35664"},{"taxonomy":"product_cat","embeddable":true,"href":"https:\/\/nordicmart.andreevmaster.com\/fi\/wp-json\/wp\/v2\/product_cat?post=35664"},{"taxonomy":"product_tag","embeddable":true,"href":"https:\/\/nordicmart.andreevmaster.com\/fi\/wp-json\/wp\/v2\/product_tag?post=35664"}],"curies":[{"name":"wp","href":"https:\/\/api.w.org\/{rel}","templated":true}]}}