{"id":35663,"date":"2026-02-27T00:30:56","date_gmt":"2026-02-27T00:30:56","guid":{"rendered":"https:\/\/nordicmart.andreevmaster.com\/product\/vintage-brun-sort-kommode-2\/"},"modified":"2026-02-27T09:49:25","modified_gmt":"2026-02-27T09:49:25","slug":"vintage-brun-sort-kommode-2","status":"publish","type":"product","link":"https:\/\/nordicmart.andreevmaster.com\/fi\/tuote\/vintage-brun-sort-kommode-2\/","title":{"rendered":"Vintage brun-sort kommode"},"content":{"rendered":"<p>Suuri huomio yksityiskohtiin: Sinun ei tarvitse huolehtia, jos sinulla on lapsia, sill\u00e4 t\u00e4m\u00e4n y\u00f6p\u00f6yd\u00e4n muotoilu on lapsiturvallinen. Mukana toimitettu turvalukko takaa turvallisen ymp\u00e4rist\u00f6n perheellesi, ja kangaspussit est\u00e4v\u00e4t pienten k\u00e4sien j\u00e4\u00e4misen puristuksiin, kun lapset haluavat itse laittaa vaatteitaan laatikoihin. Ongelmaton asennus: Yksinkertaisen muotoilun ja mukana toimitettujen asennustarvikkeiden ansiosta sinun ei tarvitse k\u00e4ytt\u00e4\u00e4 koko sunnuntai-iltap\u00e4iv\u00e4\u00e4 sen kokoamiseen. Seuraa vain helppoja ohjeita, niin olet koonnut sivup\u00f6yd\u00e4n hetkess\u00e4. Tuotetiedot: V\u00e4ri: Vintage ruskea-musta Materiaali: MDF (keskitihe\u00e4 kuitulevy), metalli, vetoketjullinen etuosa keinonahkaa, alaosa Oxford-kangasta, kudottamatonta kangasta Koko: 80 x 30 x 70 cm (P x L x K) Paino: 8,4 kg Pinta-alan maks. staattinen kantavuus: 15 kg Laatikon maks. staattinen kantavuus: 15 kg Laatikon maks. staattinen kantavuus: 15 kg. Laatikon staattinen kantavuus: 3 kgToimitus sis\u00e4lt\u00e4\u00e4:1 x lipasto12 x etiketti1 x kuusiokoloavain1 x lis\u00e4varustepakettiSONGMICS Huomautukset:\u00c4l\u00e4 t\u00e4yt\u00e4 laatikoita liian painavilla esineill\u00e4.Pyyhi tuote kostealla liinalla p\u00e4ivitt\u00e4isess\u00e4 puhdistuksessa.Jos tuote haisee &#8221;uudelta&#8221; pakkauksen avaamisen j\u00e4lkeen, aseta se hetkeksi hyvin tuuletettuun paikkaan.<\/p>\n","protected":false},"excerpt":{"rendered":"<p>Suuri huomio yksityiskohtiin: Sinun ei tarvitse huolehtia, jos sinulla on lapsia, sill\u00e4 t\u00e4m\u00e4n y\u00f6p\u00f6yd\u00e4n muotoilu on lapsiturvallinen. Mukana toimitettu turvalukko takaa turvallisen ymp\u00e4rist\u00f6n perheellesi, ja kangaspussit est\u00e4v\u00e4t pienten k\u00e4sien j\u00e4\u00e4misen puristuksiin, kun lapset haluavat itse laittaa vaatteitaan laatikoihin. Ongelmaton asennus: Yksinkertaisen muotoilun ja mukana toimitettujen asennustarvikkeiden ansiosta sinun ei tarvitse k\u00e4ytt\u00e4\u00e4 koko sunnuntai-iltap\u00e4iv\u00e4\u00e4 sen kokoamiseen. [&hellip;]<\/p>\n","protected":false},"featured_media":0,"comment_status":"open","ping_status":"closed","template":"","meta":[],"product_brand":[],"product_cat":[32],"product_tag":[],"class_list":{"0":"post-35663","1":"product","2":"type-product","3":"status-publish","5":"product_cat-uncategorized-fi","7":"first","8":"instock","9":"shipping-taxable","10":"product-type-simple"},"_links":{"self":[{"href":"https:\/\/nordicmart.andreevmaster.com\/fi\/wp-json\/wp\/v2\/product\/35663","targetHints":{"allow":["GET"]}}],"collection":[{"href":"https:\/\/nordicmart.andreevmaster.com\/fi\/wp-json\/wp\/v2\/product"}],"about":[{"href":"https:\/\/nordicmart.andreevmaster.com\/fi\/wp-json\/wp\/v2\/types\/product"}],"replies":[{"embeddable":true,"href":"https:\/\/nordicmart.andreevmaster.com\/fi\/wp-json\/wp\/v2\/comments?post=35663"}],"wp:attachment":[{"href":"https:\/\/nordicmart.andreevmaster.com\/fi\/wp-json\/wp\/v2\/media?parent=35663"}],"wp:term":[{"taxonomy":"product_brand","embeddable":true,"href":"https:\/\/nordicmart.andreevmaster.com\/fi\/wp-json\/wp\/v2\/product_brand?post=35663"},{"taxonomy":"product_cat","embeddable":true,"href":"https:\/\/nordicmart.andreevmaster.com\/fi\/wp-json\/wp\/v2\/product_cat?post=35663"},{"taxonomy":"product_tag","embeddable":true,"href":"https:\/\/nordicmart.andreevmaster.com\/fi\/wp-json\/wp\/v2\/product_tag?post=35663"}],"curies":[{"name":"wp","href":"https:\/\/api.w.org\/{rel}","templated":true}]}}