{"id":35662,"date":"2026-02-27T00:30:55","date_gmt":"2026-02-27T00:30:55","guid":{"rendered":"https:\/\/nordicmart.andreevmaster.com\/product\/songmics-lipasto-5-kangaspussilla-varustettua-laatikkoa\/"},"modified":"2026-02-27T09:49:24","modified_gmt":"2026-02-27T09:49:24","slug":"songmics-lipasto-5-kangaspussilla-varustettua-laatikkoa","status":"publish","type":"product","link":"https:\/\/nordicmart.andreevmaster.com\/fi\/tuote\/songmics-lipasto-5-kangaspussilla-varustettua-laatikkoa\/","title":{"rendered":"SONGMICS lipasto, 5 kangaspussilla varustettua laatikkoa"},"content":{"rendered":"<p>Paljon huomiota yksityiskohtiin: \u00c4l\u00e4 huoli, jos sinulla on lapsia, sill\u00e4 t\u00e4m\u00e4n lipaston muotoilu on lapsille sopiva. Mukana toimitettu kaatumissuoja takaa turvallisen ymp\u00e4rist\u00f6n perheellesi, ja kangaspussit est\u00e4v\u00e4t pienten k\u00e4sien j\u00e4\u00e4misen puristuksiin, kun lapsesi haluavat laittaa vaatteitaan itse pussiin. Helppo asennus: Yksinkertaisen muotoilun ja mukana toimitettujen asennustarvikkeiden ansiosta sinun ei tarvitse viett\u00e4\u00e4 koko sunnuntai-iltap\u00e4iv\u00e4\u00e4si kokoonpanossa. Seuraa vain helppotajuisia ohjeita, niin saat t\u00e4m\u00e4n kaapin koottua hetkess\u00e4. Tuotetiedot: V\u00e4ri: vintage-ruskea-musta Materiaali: MDF (keskitihe\u00e4 kuitulevy), ter\u00e4s, laatikoiden etuosa tekonahkaa, alaosa Oxford-kangasta, kuitukangasta Koko: 85 x 30 x 70 cm (P x L x K) Paino: 8,5 kg Yl\u00e4levyn maks. staattinen kantavuus: 15 kg Laatikon maks. staattinen kantavuus: 3 kg Toimitus sis\u00e4lt\u00e4\u00e4: 1 x lipasto 10 x etiketti 1 x kaatumissuoja 1 x lis\u00e4varustepaketti 1 x ohjeet SONGMICS Huomautukset:\u00c4l\u00e4 t\u00e4yt\u00e4 laatikoita liian painavilla esineill\u00e4. Pyyhi tuote p\u00e4ivitt\u00e4in kostealla liinalla. Jos tuotteesta tulee avaamisen j\u00e4lkeen \u201duuden\u201d tuoksu, aseta se hetkeksi hyvin tuuletettuun paikkaan. Kiinnit\u00e4 tuote sein\u00e4\u00e4n mukana toimitetulla kaatumissuojalla turvallisuuden takaamiseksi k\u00e4yt\u00f6n aikana.<\/p>\n","protected":false},"excerpt":{"rendered":"<p>SONGMICS lipasto, kaappi, 5 kangaspussilla varustettua laatikkoa, ter\u00e4srunko, olohuoneeseen, makuuhuoneeseen, eteiseen, vintage-ruskea-musta LVT05H<\/p>\n","protected":false},"featured_media":0,"comment_status":"open","ping_status":"closed","template":"","meta":[],"product_brand":[],"product_cat":[32],"product_tag":[],"class_list":{"0":"post-35662","1":"product","2":"type-product","3":"status-publish","5":"product_cat-uncategorized-fi","7":"first","8":"instock","9":"shipping-taxable","10":"purchasable","11":"product-type-simple"},"_links":{"self":[{"href":"https:\/\/nordicmart.andreevmaster.com\/fi\/wp-json\/wp\/v2\/product\/35662","targetHints":{"allow":["GET"]}}],"collection":[{"href":"https:\/\/nordicmart.andreevmaster.com\/fi\/wp-json\/wp\/v2\/product"}],"about":[{"href":"https:\/\/nordicmart.andreevmaster.com\/fi\/wp-json\/wp\/v2\/types\/product"}],"replies":[{"embeddable":true,"href":"https:\/\/nordicmart.andreevmaster.com\/fi\/wp-json\/wp\/v2\/comments?post=35662"}],"wp:attachment":[{"href":"https:\/\/nordicmart.andreevmaster.com\/fi\/wp-json\/wp\/v2\/media?parent=35662"}],"wp:term":[{"taxonomy":"product_brand","embeddable":true,"href":"https:\/\/nordicmart.andreevmaster.com\/fi\/wp-json\/wp\/v2\/product_brand?post=35662"},{"taxonomy":"product_cat","embeddable":true,"href":"https:\/\/nordicmart.andreevmaster.com\/fi\/wp-json\/wp\/v2\/product_cat?post=35662"},{"taxonomy":"product_tag","embeddable":true,"href":"https:\/\/nordicmart.andreevmaster.com\/fi\/wp-json\/wp\/v2\/product_tag?post=35662"}],"curies":[{"name":"wp","href":"https:\/\/api.w.org\/{rel}","templated":true}]}}