{"id":35661,"date":"2026-02-27T00:30:55","date_gmt":"2026-02-27T00:30:55","guid":{"rendered":"https:\/\/nordicmart.andreevmaster.com\/product\/songmics-sivupoyta-laatikolla\/"},"modified":"2026-02-27T09:49:24","modified_gmt":"2026-02-27T09:49:24","slug":"songmics-sivupoyta-laatikolla","status":"publish","type":"product","link":"https:\/\/nordicmart.andreevmaster.com\/fi\/tuote\/songmics-sivupoyta-laatikolla\/","title":{"rendered":"SONGMICS sivup\u00f6yt\u00e4 laatikolla"},"content":{"rendered":"<p>Aina vierell\u00e4si: k\u00e4yt\u00e4 t\u00e4t\u00e4 p\u00f6yt\u00e4\u00e4 sohvan vieress\u00e4, jotta voit asettaa oluet ja v\u00e4lipalat sille elokuvailtana. Valmista herkullinen kuppi kahvia ja viet\u00e4 mukava iltap\u00e4iv\u00e4 kirjan parissa tai aseta p\u00f6yt\u00e4 s\u00e4ngyn viereen pyjaman ja kauneusnaamioiden s\u00e4ilytt\u00e4mist\u00e4 varten \u2013 t\u00e4m\u00e4 monipuolinen p\u00f6yt\u00e4 on aina k\u00e4ytett\u00e4viss\u00e4si! Helppo asennus: Yksinkertaisen rakenteensa ja mukana toimitettujen asennustarvikkeiden ansiosta sinun ei tarvitse viett\u00e4\u00e4 koko sunnuntai-iltap\u00e4iv\u00e4\u00e4si p\u00f6yd\u00e4n kokoamiseen. Seuraa vain helppotajuisia ohjeita, ja saat t\u00e4m\u00e4n sivup\u00f6yd\u00e4n koottua hetkess\u00e4. Tuotetiedot: V\u00e4ri: vintage-ruskea-musta Materiaali: MDF (keskitihe\u00e4 kuitulevy), metalli, laatikon etuosa tekonahkaa, alaosa Oxford-kangasta, kuitukangasta Koko: 41 x 41 x 47 cm (P x L x K) Paino: 4,3 kg Pinnan maks. staattinen kantavuus: 15 kg Laatikon maks. staattinen kantavuus: 3 kg Toimitus sis\u00e4lt\u00e4\u00e4: 1 x y\u00f6p\u00f6yt\u00e4 2 x etiketti 1 x kuusiokoloavain 1 x lis\u00e4varustepaketti 1 x ohjeet SONGMICS Huomautukset:\u00c4l\u00e4 t\u00e4yt\u00e4 laatikkoa liian painavilla esineill\u00e4. Pyyhi tuote p\u00e4ivitt\u00e4in kostealla liinalla. Jos tuotteesta tulee avaamisen j\u00e4lkeen \u201duuden\u201d tuoksu, aseta se hetkeksi hyvin tuuletettuun paikkaan.<\/p>\n","protected":false},"excerpt":{"rendered":"<p>SONGMICS y\u00f6p\u00f6yt\u00e4, y\u00f6p\u00f6yt\u00e4, sivup\u00f6yt\u00e4, s\u00e4ilytys, laatikolla, 2 hylly\u00e4, teollinen tyyli, olohuoneeseen, makuuhuoneeseen, vintage-ruskea-musta LVT02H<\/p>\n","protected":false},"featured_media":44204,"comment_status":"open","ping_status":"closed","template":"","meta":[],"product_brand":[],"product_cat":[32],"product_tag":[],"class_list":{"0":"post-35661","1":"product","2":"type-product","3":"status-publish","4":"has-post-thumbnail","6":"product_cat-uncategorized-fi","8":"first","9":"instock","10":"shipping-taxable","11":"purchasable","12":"product-type-simple"},"_links":{"self":[{"href":"https:\/\/nordicmart.andreevmaster.com\/fi\/wp-json\/wp\/v2\/product\/35661","targetHints":{"allow":["GET"]}}],"collection":[{"href":"https:\/\/nordicmart.andreevmaster.com\/fi\/wp-json\/wp\/v2\/product"}],"about":[{"href":"https:\/\/nordicmart.andreevmaster.com\/fi\/wp-json\/wp\/v2\/types\/product"}],"replies":[{"embeddable":true,"href":"https:\/\/nordicmart.andreevmaster.com\/fi\/wp-json\/wp\/v2\/comments?post=35661"}],"wp:featuredmedia":[{"embeddable":true,"href":"https:\/\/nordicmart.andreevmaster.com\/fi\/wp-json\/wp\/v2\/media\/44204"}],"wp:attachment":[{"href":"https:\/\/nordicmart.andreevmaster.com\/fi\/wp-json\/wp\/v2\/media?parent=35661"}],"wp:term":[{"taxonomy":"product_brand","embeddable":true,"href":"https:\/\/nordicmart.andreevmaster.com\/fi\/wp-json\/wp\/v2\/product_brand?post=35661"},{"taxonomy":"product_cat","embeddable":true,"href":"https:\/\/nordicmart.andreevmaster.com\/fi\/wp-json\/wp\/v2\/product_cat?post=35661"},{"taxonomy":"product_tag","embeddable":true,"href":"https:\/\/nordicmart.andreevmaster.com\/fi\/wp-json\/wp\/v2\/product_tag?post=35661"}],"curies":[{"name":"wp","href":"https:\/\/api.w.org\/{rel}","templated":true}]}}