{"id":35660,"date":"2026-02-27T00:30:55","date_gmt":"2026-02-27T00:30:55","guid":{"rendered":"https:\/\/nordicmart.andreevmaster.com\/product\/songmics-yopoyta-jossa-on-laatikko-ja-2-hyllya\/"},"modified":"2026-02-27T09:49:24","modified_gmt":"2026-02-27T09:49:24","slug":"songmics-yopoyta-jossa-on-laatikko-ja-2-hyllya","status":"publish","type":"product","link":"https:\/\/nordicmart.andreevmaster.com\/fi\/tuote\/songmics-yopoyta-jossa-on-laatikko-ja-2-hyllya\/","title":{"rendered":"SONGMICS y\u00f6p\u00f6yt\u00e4, jossa on laatikko ja 2 hylly\u00e4"},"content":{"rendered":"<p>SONGMICS y\u00f6p\u00f6yt\u00e4, y\u00f6p\u00f6yt\u00e4, sivup\u00f6yt\u00e4, s\u00e4ilytys, laatikolla, 2 hylly\u00e4, moderni, olohuoneeseen, makuuhuoneeseen<br \/>\nV\u00e4ri: tammibeige-pilvinen valkoinen<br \/>\nMateriaali: MDF (keskitihe\u00e4 kuitulevy), metalli, laatikon etuosa keinonahkaa, alaosa Oxford-kangasta, kuitukangasta<br \/>\nKoko: 41 x 41 x 47 cm (P x L x K)<br \/>\nPaino: 4,3 kg<br \/>\nPinnan maks. staattinen kantavuus: 15 kg<br \/>\nKeskimm\u00e4isen hyllyn maks. staattinen kantavuus: 9 kg<br \/>\nLaatikkon enimm\u00e4iskantavuus: 4,5 kg<br \/>\nMaks. staattinen kokonaiskuormituskyky: 59 kg<\/p>\n","protected":false},"excerpt":{"rendered":"<p>SONGMICS y\u00f6p\u00f6yt\u00e4, y\u00f6p\u00f6yt\u00e4, sivup\u00f6yt\u00e4, s\u00e4ilytys, laatikolla, 2 hylly\u00e4, moderni, olohuoneeseen, makuuhuoneeseen<\/p>\n","protected":false},"featured_media":44203,"comment_status":"open","ping_status":"closed","template":"","meta":[],"product_brand":[],"product_cat":[32],"product_tag":[],"class_list":{"0":"post-35660","1":"product","2":"type-product","3":"status-publish","4":"has-post-thumbnail","6":"product_cat-uncategorized-fi","8":"first","9":"instock","10":"shipping-taxable","11":"purchasable","12":"product-type-simple"},"_links":{"self":[{"href":"https:\/\/nordicmart.andreevmaster.com\/fi\/wp-json\/wp\/v2\/product\/35660","targetHints":{"allow":["GET"]}}],"collection":[{"href":"https:\/\/nordicmart.andreevmaster.com\/fi\/wp-json\/wp\/v2\/product"}],"about":[{"href":"https:\/\/nordicmart.andreevmaster.com\/fi\/wp-json\/wp\/v2\/types\/product"}],"replies":[{"embeddable":true,"href":"https:\/\/nordicmart.andreevmaster.com\/fi\/wp-json\/wp\/v2\/comments?post=35660"}],"wp:featuredmedia":[{"embeddable":true,"href":"https:\/\/nordicmart.andreevmaster.com\/fi\/wp-json\/wp\/v2\/media\/44203"}],"wp:attachment":[{"href":"https:\/\/nordicmart.andreevmaster.com\/fi\/wp-json\/wp\/v2\/media?parent=35660"}],"wp:term":[{"taxonomy":"product_brand","embeddable":true,"href":"https:\/\/nordicmart.andreevmaster.com\/fi\/wp-json\/wp\/v2\/product_brand?post=35660"},{"taxonomy":"product_cat","embeddable":true,"href":"https:\/\/nordicmart.andreevmaster.com\/fi\/wp-json\/wp\/v2\/product_cat?post=35660"},{"taxonomy":"product_tag","embeddable":true,"href":"https:\/\/nordicmart.andreevmaster.com\/fi\/wp-json\/wp\/v2\/product_tag?post=35660"}],"curies":[{"name":"wp","href":"https:\/\/api.w.org\/{rel}","templated":true}]}}