{"id":35655,"date":"2026-02-27T00:30:54","date_gmt":"2026-02-27T00:30:54","guid":{"rendered":"https:\/\/nordicmart.andreevmaster.com\/product\/songmics-sateenvarjoteline-metallinen-sateenvarjoteline-nelionmuotoinen\/"},"modified":"2026-02-27T09:49:23","modified_gmt":"2026-02-27T09:49:23","slug":"songmics-sateenvarjoteline-metallinen-sateenvarjoteline-nelionmuotoinen","status":"publish","type":"product","link":"https:\/\/nordicmart.andreevmaster.com\/fi\/tuote\/songmics-sateenvarjoteline-metallinen-sateenvarjoteline-nelionmuotoinen\/","title":{"rendered":"SONGMICS sateenvarjoteline, metallinen sateenvarjoteline, neli\u00f6nmuotoinen"},"content":{"rendered":"<p>SONGMICS metallinen sateenvarjoteline, sateenvarjoteline, neli\u00f6nmuotoinen, vesis\u00e4ili\u00f6ll\u00e4 ja 4 koukulla, 15,5 x 15,5 x 49 cm, antrasiitti LUC049G01<br \/>\nTekniset tiedot:<br \/>\n&#8211; Koko: 15,5 x 15,5 x 49 cm (P x L x K)<br \/>\n&#8211; Paino: 1,8 kg<br \/>\n&#8211; V\u00e4ri: antrasiitti<br \/>\n&#8211; Materiaali: metalli, muovi<\/p>\n","protected":false},"excerpt":{"rendered":"<p>SONGMICS metallinen sateenvarjoteline, sateenvarjoteline, neli\u00f6nmuotoinen, vesis\u00e4ili\u00f6ll\u00e4 ja 4 koukulla, 15,5 x 15,5 x 49 cm, antrasiitti LUC049G01<\/p>\n","protected":false},"featured_media":44198,"comment_status":"open","ping_status":"closed","template":"","meta":[],"product_brand":[],"product_cat":[32],"product_tag":[],"class_list":{"0":"post-35655","1":"product","2":"type-product","3":"status-publish","4":"has-post-thumbnail","6":"product_cat-uncategorized-fi","8":"first","9":"instock","10":"shipping-taxable","11":"purchasable","12":"product-type-simple"},"_links":{"self":[{"href":"https:\/\/nordicmart.andreevmaster.com\/fi\/wp-json\/wp\/v2\/product\/35655","targetHints":{"allow":["GET"]}}],"collection":[{"href":"https:\/\/nordicmart.andreevmaster.com\/fi\/wp-json\/wp\/v2\/product"}],"about":[{"href":"https:\/\/nordicmart.andreevmaster.com\/fi\/wp-json\/wp\/v2\/types\/product"}],"replies":[{"embeddable":true,"href":"https:\/\/nordicmart.andreevmaster.com\/fi\/wp-json\/wp\/v2\/comments?post=35655"}],"wp:featuredmedia":[{"embeddable":true,"href":"https:\/\/nordicmart.andreevmaster.com\/fi\/wp-json\/wp\/v2\/media\/44198"}],"wp:attachment":[{"href":"https:\/\/nordicmart.andreevmaster.com\/fi\/wp-json\/wp\/v2\/media?parent=35655"}],"wp:term":[{"taxonomy":"product_brand","embeddable":true,"href":"https:\/\/nordicmart.andreevmaster.com\/fi\/wp-json\/wp\/v2\/product_brand?post=35655"},{"taxonomy":"product_cat","embeddable":true,"href":"https:\/\/nordicmart.andreevmaster.com\/fi\/wp-json\/wp\/v2\/product_cat?post=35655"},{"taxonomy":"product_tag","embeddable":true,"href":"https:\/\/nordicmart.andreevmaster.com\/fi\/wp-json\/wp\/v2\/product_tag?post=35655"}],"curies":[{"name":"wp","href":"https:\/\/api.w.org\/{rel}","templated":true}]}}