{"id":35654,"date":"2026-02-27T00:30:53","date_gmt":"2026-02-27T00:30:53","guid":{"rendered":"https:\/\/nordicmart.andreevmaster.com\/product\/songmics-sateenvarjoteline-sateenvarjoteline-pyorea\/"},"modified":"2026-02-27T09:49:23","modified_gmt":"2026-02-27T09:49:23","slug":"songmics-sateenvarjoteline-sateenvarjoteline-pyorea","status":"publish","type":"product","link":"https:\/\/nordicmart.andreevmaster.com\/fi\/tuote\/songmics-sateenvarjoteline-sateenvarjoteline-pyorea\/","title":{"rendered":"SONGMICS sateenvarjoteline, sateenvarjoteline, py\u00f6re\u00e4"},"content":{"rendered":"<p>Tekniset tiedot:<br \/>\n&#8211; Mitat: 17 x 41 cm (\u00d8 x K)<br \/>\n&#8211; Paino: 1,8 kg<br \/>\n&#8211; Materiaali: ter\u00e4s<br \/>\n&#8211; V\u00e4ri: musta<\/p>\n","protected":false},"excerpt":{"rendered":"<p>Tekniset tiedot: &#8211; Mitat: 17 x 41 cm (\u00d8 x K) &#8211; Paino: 1,8 kg &#8211; Materiaali: ter\u00e4s &#8211; V\u00e4ri: musta<\/p>\n","protected":false},"featured_media":44197,"comment_status":"open","ping_status":"closed","template":"","meta":[],"product_brand":[],"product_cat":[32],"product_tag":[],"class_list":{"0":"post-35654","1":"product","2":"type-product","3":"status-publish","4":"has-post-thumbnail","6":"product_cat-uncategorized-fi","8":"first","9":"instock","10":"shipping-taxable","11":"purchasable","12":"product-type-simple"},"_links":{"self":[{"href":"https:\/\/nordicmart.andreevmaster.com\/fi\/wp-json\/wp\/v2\/product\/35654","targetHints":{"allow":["GET"]}}],"collection":[{"href":"https:\/\/nordicmart.andreevmaster.com\/fi\/wp-json\/wp\/v2\/product"}],"about":[{"href":"https:\/\/nordicmart.andreevmaster.com\/fi\/wp-json\/wp\/v2\/types\/product"}],"replies":[{"embeddable":true,"href":"https:\/\/nordicmart.andreevmaster.com\/fi\/wp-json\/wp\/v2\/comments?post=35654"}],"wp:featuredmedia":[{"embeddable":true,"href":"https:\/\/nordicmart.andreevmaster.com\/fi\/wp-json\/wp\/v2\/media\/44197"}],"wp:attachment":[{"href":"https:\/\/nordicmart.andreevmaster.com\/fi\/wp-json\/wp\/v2\/media?parent=35654"}],"wp:term":[{"taxonomy":"product_brand","embeddable":true,"href":"https:\/\/nordicmart.andreevmaster.com\/fi\/wp-json\/wp\/v2\/product_brand?post=35654"},{"taxonomy":"product_cat","embeddable":true,"href":"https:\/\/nordicmart.andreevmaster.com\/fi\/wp-json\/wp\/v2\/product_cat?post=35654"},{"taxonomy":"product_tag","embeddable":true,"href":"https:\/\/nordicmart.andreevmaster.com\/fi\/wp-json\/wp\/v2\/product_tag?post=35654"}],"curies":[{"name":"wp","href":"https:\/\/api.w.org\/{rel}","templated":true}]}}