{"id":35653,"date":"2026-02-27T00:30:53","date_gmt":"2026-02-27T00:30:53","guid":{"rendered":"https:\/\/nordicmart.andreevmaster.com\/product\/songmics-sateenvarjoteline-nelionmuotoinen-metallinen-vesisailiolla-ja-4-koukulla\/"},"modified":"2026-02-27T09:49:23","modified_gmt":"2026-02-27T09:49:23","slug":"songmics-sateenvarjoteline-nelionmuotoinen-metallinen-vesisailiolla-ja-4-koukulla","status":"publish","type":"product","link":"https:\/\/nordicmart.andreevmaster.com\/fi\/tuote\/songmics-sateenvarjoteline-nelionmuotoinen-metallinen-vesisailiolla-ja-4-koukulla\/","title":{"rendered":"SONGMICS sateenvarjoteline, neli\u00f6nmuotoinen, metallinen, vesis\u00e4ili\u00f6ll\u00e4 ja 4 koukulla"},"content":{"rendered":"<p>Neli\u00f6nmuotoinen sateenvarjoteline, metallinen sateenvarjoteline, vesis\u00e4ili\u00f6ll\u00e4 ja 4 koukulla, 15,5 x 15,5 x 49 cm, antrasiitti<br \/>\nTuotetiedot:<br \/>\n&#8211; V\u00e4ri: antrasiitti<br \/>\n&#8211; Materiaali: metalli<br \/>\n&#8211; Koko: 15,5 x 15,5 x 49 cm (P x L x K)<br \/>\n&#8211; Paino: 1,5 kg<\/p>\n<p>Toimitus sis\u00e4lt\u00e4\u00e4<br \/>\n&#8211; 1 x sateenvarjoteline<br \/>\n&#8211; 1 x vesis\u00e4ili\u00f6<br \/>\n&#8211; 4 x koukku<\/p>\n","protected":false},"excerpt":{"rendered":"<p>Neli\u00f6nmuotoinen sateenvarjoteline, metallinen sateenvarjoteline, vesis\u00e4ili\u00f6ll\u00e4 ja 4 koukulla, 15,5 x 15,5 x 49 cm, antrasiitti<\/p>\n","protected":false},"featured_media":44196,"comment_status":"open","ping_status":"closed","template":"","meta":[],"product_brand":[],"product_cat":[32],"product_tag":[],"class_list":{"0":"post-35653","1":"product","2":"type-product","3":"status-publish","4":"has-post-thumbnail","6":"product_cat-uncategorized-fi","8":"first","9":"instock","10":"shipping-taxable","11":"purchasable","12":"product-type-simple"},"_links":{"self":[{"href":"https:\/\/nordicmart.andreevmaster.com\/fi\/wp-json\/wp\/v2\/product\/35653","targetHints":{"allow":["GET"]}}],"collection":[{"href":"https:\/\/nordicmart.andreevmaster.com\/fi\/wp-json\/wp\/v2\/product"}],"about":[{"href":"https:\/\/nordicmart.andreevmaster.com\/fi\/wp-json\/wp\/v2\/types\/product"}],"replies":[{"embeddable":true,"href":"https:\/\/nordicmart.andreevmaster.com\/fi\/wp-json\/wp\/v2\/comments?post=35653"}],"wp:featuredmedia":[{"embeddable":true,"href":"https:\/\/nordicmart.andreevmaster.com\/fi\/wp-json\/wp\/v2\/media\/44196"}],"wp:attachment":[{"href":"https:\/\/nordicmart.andreevmaster.com\/fi\/wp-json\/wp\/v2\/media?parent=35653"}],"wp:term":[{"taxonomy":"product_brand","embeddable":true,"href":"https:\/\/nordicmart.andreevmaster.com\/fi\/wp-json\/wp\/v2\/product_brand?post=35653"},{"taxonomy":"product_cat","embeddable":true,"href":"https:\/\/nordicmart.andreevmaster.com\/fi\/wp-json\/wp\/v2\/product_cat?post=35653"},{"taxonomy":"product_tag","embeddable":true,"href":"https:\/\/nordicmart.andreevmaster.com\/fi\/wp-json\/wp\/v2\/product_tag?post=35653"}],"curies":[{"name":"wp","href":"https:\/\/api.w.org\/{rel}","templated":true}]}}