{"id":35647,"date":"2026-02-27T00:30:51","date_gmt":"2026-02-27T00:30:51","guid":{"rendered":"https:\/\/nordicmart.andreevmaster.com\/product\/songmics-ihastuttava-valkoinen-sateenvarjoteline\/"},"modified":"2026-02-27T09:49:21","modified_gmt":"2026-02-27T09:49:21","slug":"songmics-ihastuttava-valkoinen-sateenvarjoteline","status":"publish","type":"product","link":"https:\/\/nordicmart.andreevmaster.com\/fi\/tuote\/songmics-ihastuttava-valkoinen-sateenvarjoteline\/","title":{"rendered":"SONGMICS Ihastuttava valkoinen sateenvarjoteline"},"content":{"rendered":"<p>T\u00e4m\u00e4 rautainen sateenvarjoteline on sek\u00e4 toimiva ett\u00e4 tyylik\u00e4s. Sateenpisaroiden ja avatun sateenvarjon muodostama reik\u00e4malli sopii hyvin sateenvarjotelineeseen. Teline tarjoaa paitsi s\u00e4ilytystilaa, my\u00f6s koristaa tilaa ja on varmasti katseenvangitsija eteisess\u00e4si. Miksi valita Songmics-sateenvarjoteline? Songmics on aina asiakasl\u00e4ht\u00f6inen ja sitoutunut tarjoamaan korkealaatuisia tuotteita, joilla on hyv\u00e4 hinta-laatusuhde. Meill\u00e4 on erinomainen asiakaspalvelu, ja teemme kaikkemme ongelmiesi ratkaisemiseksi. Uudenlainen reik\u00e4malli, Songmicsin omaper\u00e4inen suunnittelu. T\u00e4ydellinen pakkaus, joka minimoi kuljetusvauriot. Tarjoamme sateenvarjotelineit\u00e4 eri malleina ja kehit\u00e4mme jatkuvasti uusia malleja. Kiit\u00e4mme sinua kiinnostuksestasi. Tuotetiedot: &#8211; Materiaali: rautalevy &#8211; Mitat: 19,5 x 19,5 x 49 cm &#8211; V\u00e4ri: valkoinen &#8211; Paino: 2 kg Toimitus sis\u00e4lt\u00e4\u00e4: &#8211; 1 x sateenvarjoteline &#8211; 1 x vesis\u00e4ili\u00f6 &#8211; 2 x koukku<\/p>\n","protected":false},"excerpt":{"rendered":"<p>SONGMICS metallinen sateenvarjoteline, py\u00f6re\u00e4 sateenvarjoteline, irrotettava vesis\u00e4ili\u00f6, koukkuilla, 49 x \u00d8 19,5 cm, valkoinen LUC23W<\/p>\n","protected":false},"featured_media":44192,"comment_status":"open","ping_status":"closed","template":"","meta":[],"product_brand":[],"product_cat":[32],"product_tag":[],"class_list":{"0":"post-35647","1":"product","2":"type-product","3":"status-publish","4":"has-post-thumbnail","6":"product_cat-uncategorized-fi","8":"first","9":"instock","10":"shipping-taxable","11":"purchasable","12":"product-type-simple"},"_links":{"self":[{"href":"https:\/\/nordicmart.andreevmaster.com\/fi\/wp-json\/wp\/v2\/product\/35647","targetHints":{"allow":["GET"]}}],"collection":[{"href":"https:\/\/nordicmart.andreevmaster.com\/fi\/wp-json\/wp\/v2\/product"}],"about":[{"href":"https:\/\/nordicmart.andreevmaster.com\/fi\/wp-json\/wp\/v2\/types\/product"}],"replies":[{"embeddable":true,"href":"https:\/\/nordicmart.andreevmaster.com\/fi\/wp-json\/wp\/v2\/comments?post=35647"}],"wp:featuredmedia":[{"embeddable":true,"href":"https:\/\/nordicmart.andreevmaster.com\/fi\/wp-json\/wp\/v2\/media\/44192"}],"wp:attachment":[{"href":"https:\/\/nordicmart.andreevmaster.com\/fi\/wp-json\/wp\/v2\/media?parent=35647"}],"wp:term":[{"taxonomy":"product_brand","embeddable":true,"href":"https:\/\/nordicmart.andreevmaster.com\/fi\/wp-json\/wp\/v2\/product_brand?post=35647"},{"taxonomy":"product_cat","embeddable":true,"href":"https:\/\/nordicmart.andreevmaster.com\/fi\/wp-json\/wp\/v2\/product_cat?post=35647"},{"taxonomy":"product_tag","embeddable":true,"href":"https:\/\/nordicmart.andreevmaster.com\/fi\/wp-json\/wp\/v2\/product_tag?post=35647"}],"curies":[{"name":"wp","href":"https:\/\/api.w.org\/{rel}","templated":true}]}}