{"id":35645,"date":"2026-02-27T00:30:51","date_gmt":"2026-02-27T00:30:51","guid":{"rendered":"https:\/\/nordicmart.andreevmaster.com\/product\/songmics-viehattava-sateenvarjoteline-antrasiitti\/"},"modified":"2026-02-27T09:49:21","modified_gmt":"2026-02-27T09:49:21","slug":"songmics-viehattava-sateenvarjoteline-antrasiitti","status":"publish","type":"product","link":"https:\/\/nordicmart.andreevmaster.com\/fi\/tuote\/songmics-viehattava-sateenvarjoteline-antrasiitti\/","title":{"rendered":"SONGMICS Vieh\u00e4tt\u00e4v\u00e4 sateenvarjoteline, antrasiitti"},"content":{"rendered":"<p>S\u00e4ilyt\u00e4 sateenvarjot tyylikk\u00e4\u00e4sti! \u00c4l\u00e4 en\u00e4\u00e4 j\u00e4t\u00e4 sateenvarjoja lattialle! S\u00e4ilyt\u00e4 ne t\u00e4ss\u00e4 telineess\u00e4 ja aseta se eteisen nurkkaan \u2013 n\u00e4in nurkka muuttuu moderniksi ja tyylikk\u00e4\u00e4ksi s\u00e4ilytyspaikaksi. Kun vieraasi astuvat kotiisi, he huomaavat, ett\u00e4 sinulla on el\u00e4m\u00e4si hallinnassa! El\u00e4 ekologisesti! T\u00e4m\u00e4 sateenvarjoteline on varustettu muovisella astianker\u00e4ysalustalla, joka ker\u00e4\u00e4 sateenvarjoista tippuvan veden. N\u00e4in v\u00e4ltyt\u00e4\u00e4n vesilammikoilta lattialla! Lis\u00e4ksi astianker\u00e4ysalusta on helppo irrottaa ja tyhjent\u00e4\u00e4. K\u00e4yt\u00e4 ker\u00e4tty\u00e4 sadevett\u00e4 ruukkukasvien kasteluun ja jaa luonnon lahja niiden kanssa. Tuotetiedot: V\u00e4ri: antrasiitti, mattapinta Materiaali: metalli, muovi Koko: 49 x 19,5 cm (K x \u00d8) Paino: 2 kg Toimitus sis\u00e4lt\u00e4\u00e4: 1 x sateenvarjoteline 1 x vesis\u00e4ili\u00f6 4 x koukku<\/p>\n","protected":false},"excerpt":{"rendered":"<p>SONGMICS metallinen sateenvarjoteline, py\u00f6re\u00e4 sateenvarjoteline, irrotettava vesis\u00e4ili\u00f6, koukkuilla, 49 x \u00d8 19,5 cm, valkoinen LUC23W<\/p>\n","protected":false},"featured_media":44190,"comment_status":"open","ping_status":"closed","template":"","meta":[],"product_brand":[],"product_cat":[32],"product_tag":[],"class_list":{"0":"post-35645","1":"product","2":"type-product","3":"status-publish","4":"has-post-thumbnail","6":"product_cat-uncategorized-fi","8":"first","9":"instock","10":"shipping-taxable","11":"purchasable","12":"product-type-simple"},"_links":{"self":[{"href":"https:\/\/nordicmart.andreevmaster.com\/fi\/wp-json\/wp\/v2\/product\/35645","targetHints":{"allow":["GET"]}}],"collection":[{"href":"https:\/\/nordicmart.andreevmaster.com\/fi\/wp-json\/wp\/v2\/product"}],"about":[{"href":"https:\/\/nordicmart.andreevmaster.com\/fi\/wp-json\/wp\/v2\/types\/product"}],"replies":[{"embeddable":true,"href":"https:\/\/nordicmart.andreevmaster.com\/fi\/wp-json\/wp\/v2\/comments?post=35645"}],"wp:featuredmedia":[{"embeddable":true,"href":"https:\/\/nordicmart.andreevmaster.com\/fi\/wp-json\/wp\/v2\/media\/44190"}],"wp:attachment":[{"href":"https:\/\/nordicmart.andreevmaster.com\/fi\/wp-json\/wp\/v2\/media?parent=35645"}],"wp:term":[{"taxonomy":"product_brand","embeddable":true,"href":"https:\/\/nordicmart.andreevmaster.com\/fi\/wp-json\/wp\/v2\/product_brand?post=35645"},{"taxonomy":"product_cat","embeddable":true,"href":"https:\/\/nordicmart.andreevmaster.com\/fi\/wp-json\/wp\/v2\/product_cat?post=35645"},{"taxonomy":"product_tag","embeddable":true,"href":"https:\/\/nordicmart.andreevmaster.com\/fi\/wp-json\/wp\/v2\/product_tag?post=35645"}],"curies":[{"name":"wp","href":"https:\/\/api.w.org\/{rel}","templated":true}]}}