{"id":35640,"date":"2026-02-27T00:30:49","date_gmt":"2026-02-27T00:30:49","guid":{"rendered":"https:\/\/nordicmart.andreevmaster.com\/product\/songmics-viehattava-sateenvarjoteline-valkoinen\/"},"modified":"2026-02-27T09:49:19","modified_gmt":"2026-02-27T09:49:19","slug":"songmics-viehattava-sateenvarjoteline-valkoinen","status":"publish","type":"product","link":"https:\/\/nordicmart.andreevmaster.com\/fi\/tuote\/songmics-viehattava-sateenvarjoteline-valkoinen\/","title":{"rendered":"SONGMICS Vieh\u00e4tt\u00e4v\u00e4 sateenvarjoteline, valkoinen"},"content":{"rendered":"<p>Songmics tarjoaa tyylikk\u00e4\u00e4n eteiskalusteen, joka on miellytt\u00e4v\u00e4 lis\u00e4 vaatehuonekalusteisiin. Metallista valmistettu sateenvarjoteline on perhosaiheineen katseenvangitsija eteisess\u00e4si tai sis\u00e4\u00e4nk\u00e4ynnin alueella. Sen korkeus on t\u00e4ydellinen 49 cm, ja se on vakaa my\u00f6s suurten sateenvarjojen kanssa. Sateenvarjot kuivuvat siin\u00e4 hyvin. Se ei vie paljon tilaa, joten se mahtuu my\u00f6s pienempiin nurkkiin. Songmics-sateenvarjoteline toimitetaan suojapakkauksessa, joka est\u00e4\u00e4 kuljetusvauriot. Huomautus: &#8211; Ei ole lelu, pid\u00e4 tuote poissa lasten ulottuvilta. Tuotetiedot: &#8211; Materiaali: metalli &#8211; Mitat: 19,5 x 49 cm (\u00f8 x H) &#8211; V\u00e4ri: valkoinen  &#8211; Nettopaino: 2 kg &#8211; Bruttopaino: 2,8 kg Toimitus sis\u00e4lt\u00e4\u00e4: &#8211; 1 x sateenvarjoteline &#8211; 1 x vesis\u00e4ili\u00f6 &#8211; 2 x koukku<\/p>\n","protected":false},"excerpt":{"rendered":"<p>SONGMICS metallinen sateenvarjoteline, py\u00f6re\u00e4 sateenvarjoteline, irrotettava vesis\u00e4ili\u00f6, koukkuilla, 49 x \u00d8 19,5 cm, valkoinen LUC10W<\/p>\n","protected":false},"featured_media":44187,"comment_status":"open","ping_status":"closed","template":"","meta":[],"product_brand":[],"product_cat":[32],"product_tag":[],"class_list":{"0":"post-35640","1":"product","2":"type-product","3":"status-publish","4":"has-post-thumbnail","6":"product_cat-uncategorized-fi","8":"first","9":"instock","10":"shipping-taxable","11":"purchasable","12":"product-type-simple"},"_links":{"self":[{"href":"https:\/\/nordicmart.andreevmaster.com\/fi\/wp-json\/wp\/v2\/product\/35640","targetHints":{"allow":["GET"]}}],"collection":[{"href":"https:\/\/nordicmart.andreevmaster.com\/fi\/wp-json\/wp\/v2\/product"}],"about":[{"href":"https:\/\/nordicmart.andreevmaster.com\/fi\/wp-json\/wp\/v2\/types\/product"}],"replies":[{"embeddable":true,"href":"https:\/\/nordicmart.andreevmaster.com\/fi\/wp-json\/wp\/v2\/comments?post=35640"}],"wp:featuredmedia":[{"embeddable":true,"href":"https:\/\/nordicmart.andreevmaster.com\/fi\/wp-json\/wp\/v2\/media\/44187"}],"wp:attachment":[{"href":"https:\/\/nordicmart.andreevmaster.com\/fi\/wp-json\/wp\/v2\/media?parent=35640"}],"wp:term":[{"taxonomy":"product_brand","embeddable":true,"href":"https:\/\/nordicmart.andreevmaster.com\/fi\/wp-json\/wp\/v2\/product_brand?post=35640"},{"taxonomy":"product_cat","embeddable":true,"href":"https:\/\/nordicmart.andreevmaster.com\/fi\/wp-json\/wp\/v2\/product_cat?post=35640"},{"taxonomy":"product_tag","embeddable":true,"href":"https:\/\/nordicmart.andreevmaster.com\/fi\/wp-json\/wp\/v2\/product_tag?post=35640"}],"curies":[{"name":"wp","href":"https:\/\/api.w.org\/{rel}","templated":true}]}}