{"id":35637,"date":"2026-02-27T00:30:49","date_gmt":"2026-02-27T00:30:49","guid":{"rendered":"https:\/\/nordicmart.andreevmaster.com\/product\/songmics-metallinen-sateenvarjoteline-valkoinen\/"},"modified":"2026-02-27T09:49:19","modified_gmt":"2026-02-27T09:49:19","slug":"songmics-metallinen-sateenvarjoteline-valkoinen","status":"publish","type":"product","link":"https:\/\/nordicmart.andreevmaster.com\/fi\/tuote\/songmics-metallinen-sateenvarjoteline-valkoinen\/","title":{"rendered":"SONGMICS metallinen sateenvarjoteline, valkoinen"},"content":{"rendered":"<p>Ei sotkua, ei stressi\u00e4: laita sateenvarjosi t\u00e4h\u00e4n tyylikk\u00e4\u00e4seen SONGMICS-sateenvarjotelineeseen, kun olet saapunut kotiin sateesta l\u00e4pim\u00e4rk\u00e4 ja tippum\u00e4rk\u00e4 \u2013 n\u00e4in lattiasi pysyy kuivana ja v\u00e4lt\u00e4t m\u00e4r\u00e4n sotkun. El\u00e4 ekologisesti! T\u00e4m\u00e4 sateenvarjoteline on varustettu muovisella alustalla, joka ker\u00e4\u00e4 sateenvarjoista tippuvan veden. N\u00e4in v\u00e4ltyt\u00e4\u00e4n vesil\u00e4t\u00e4k\u00f6ilt\u00e4 lattialla! Lis\u00e4ksi kuppi on helppo irrottaa ja tyhjent\u00e4\u00e4. K\u00e4yt\u00e4 ker\u00e4tty\u00e4 sadevett\u00e4 ruukkukasvien kasteluun ja jaa luonnon lahja niiden kanssa. Tuotetiedot: V\u00e4ri: valkoinen Materiaali: maalattu ter\u00e4s Koko: 28 x 12 x 41 cm (P x L x K) Paino: 2 kg Toimitus sis\u00e4lt\u00e4\u00e4: 1 x sateenvarjoteline 1 x vesis\u00e4ili\u00f6<\/p>\n","protected":false},"excerpt":{"rendered":"<p>SONGMICS metallinen sateenvarjoteline, suorakulmainen sateenvarjoteline, 28 x 12 x 41 cm, vesis\u00e4ili\u00f6ll\u00e4 ja 4 koukulla, ritil\u00e4muotoilu, antrasiitti LUC02AG<\/p>\n","protected":false},"featured_media":44184,"comment_status":"open","ping_status":"closed","template":"","meta":[],"product_brand":[],"product_cat":[32],"product_tag":[],"class_list":{"0":"post-35637","1":"product","2":"type-product","3":"status-publish","4":"has-post-thumbnail","6":"product_cat-uncategorized-fi","8":"first","9":"instock","10":"shipping-taxable","11":"purchasable","12":"product-type-simple"},"_links":{"self":[{"href":"https:\/\/nordicmart.andreevmaster.com\/fi\/wp-json\/wp\/v2\/product\/35637","targetHints":{"allow":["GET"]}}],"collection":[{"href":"https:\/\/nordicmart.andreevmaster.com\/fi\/wp-json\/wp\/v2\/product"}],"about":[{"href":"https:\/\/nordicmart.andreevmaster.com\/fi\/wp-json\/wp\/v2\/types\/product"}],"replies":[{"embeddable":true,"href":"https:\/\/nordicmart.andreevmaster.com\/fi\/wp-json\/wp\/v2\/comments?post=35637"}],"wp:featuredmedia":[{"embeddable":true,"href":"https:\/\/nordicmart.andreevmaster.com\/fi\/wp-json\/wp\/v2\/media\/44184"}],"wp:attachment":[{"href":"https:\/\/nordicmart.andreevmaster.com\/fi\/wp-json\/wp\/v2\/media?parent=35637"}],"wp:term":[{"taxonomy":"product_brand","embeddable":true,"href":"https:\/\/nordicmart.andreevmaster.com\/fi\/wp-json\/wp\/v2\/product_brand?post=35637"},{"taxonomy":"product_cat","embeddable":true,"href":"https:\/\/nordicmart.andreevmaster.com\/fi\/wp-json\/wp\/v2\/product_cat?post=35637"},{"taxonomy":"product_tag","embeddable":true,"href":"https:\/\/nordicmart.andreevmaster.com\/fi\/wp-json\/wp\/v2\/product_tag?post=35637"}],"curies":[{"name":"wp","href":"https:\/\/api.w.org\/{rel}","templated":true}]}}