{"id":35636,"date":"2026-02-27T00:30:48","date_gmt":"2026-02-27T00:30:48","guid":{"rendered":"https:\/\/nordicmart.andreevmaster.com\/product\/songmics-designer-sateenvarjoteline-musta\/"},"modified":"2026-02-27T09:49:18","modified_gmt":"2026-02-27T09:49:18","slug":"songmics-designer-sateenvarjoteline-musta","status":"publish","type":"product","link":"https:\/\/nordicmart.andreevmaster.com\/fi\/tuote\/songmics-designer-sateenvarjoteline-musta\/","title":{"rendered":"SONGMICS Designer sateenvarjoteline, musta"},"content":{"rendered":"<p>Ei sotkua, ei stressi\u00e4: laita sateenvarjosi t\u00e4h\u00e4n tyylikk\u00e4\u00e4seen SONGMICS-sateenvarjotelineeseen, kun olet kastunut l\u00e4pim\u00e4r\u00e4ksi sateessa ja tullut kotiin. N\u00e4in lattiasi pysyy kuivana ja v\u00e4lt\u00e4t m\u00e4r\u00e4n sotkun. Ker\u00e4\u00e4 tippuvan veden: T\u00e4m\u00e4 sateenvarjoteline toimitetaan irrotettavalla muovisella ker\u00e4ysastia, joka est\u00e4\u00e4 vesilammikoiden muodostumisen lattialle. Lis\u00e4ksi astia on helppo tyhjent\u00e4\u00e4. Vihdoinkin sateenvarjosi eiv\u00e4t en\u00e4\u00e4 ole hajallaan ymp\u00e4ri taloa! Aseta ne t\u00e4h\u00e4n sateenvarjotelineeseen, jotta olet valmiina seuraavaan sadep\u00e4iv\u00e4\u00e4n. Tuotetiedot: V\u00e4ri: musta Materiaali: ter\u00e4srunko pinnoitteella Koko: 28 x 12 x 41 cm (P x L x K) Paino: 2 kg Toimitus sis\u00e4lt\u00e4\u00e4: 1 x sateenvarjoteline 1 x vesis\u00e4ili\u00f6<\/p>\n","protected":false},"excerpt":{"rendered":"<p>SONGMICS metallinen sateenvarjoteline, suorakulmainen sateenvarjoteline, 28 x 12 x 41 cm, vesis\u00e4ili\u00f6ll\u00e4 ja 4 koukulla, ritil\u00e4muotoilu, antrasiitti LUC02AG<\/p>\n","protected":false},"featured_media":44183,"comment_status":"open","ping_status":"closed","template":"","meta":[],"product_brand":[],"product_cat":[32],"product_tag":[],"class_list":{"0":"post-35636","1":"product","2":"type-product","3":"status-publish","4":"has-post-thumbnail","6":"product_cat-uncategorized-fi","8":"first","9":"instock","10":"shipping-taxable","11":"purchasable","12":"product-type-simple"},"_links":{"self":[{"href":"https:\/\/nordicmart.andreevmaster.com\/fi\/wp-json\/wp\/v2\/product\/35636","targetHints":{"allow":["GET"]}}],"collection":[{"href":"https:\/\/nordicmart.andreevmaster.com\/fi\/wp-json\/wp\/v2\/product"}],"about":[{"href":"https:\/\/nordicmart.andreevmaster.com\/fi\/wp-json\/wp\/v2\/types\/product"}],"replies":[{"embeddable":true,"href":"https:\/\/nordicmart.andreevmaster.com\/fi\/wp-json\/wp\/v2\/comments?post=35636"}],"wp:featuredmedia":[{"embeddable":true,"href":"https:\/\/nordicmart.andreevmaster.com\/fi\/wp-json\/wp\/v2\/media\/44183"}],"wp:attachment":[{"href":"https:\/\/nordicmart.andreevmaster.com\/fi\/wp-json\/wp\/v2\/media?parent=35636"}],"wp:term":[{"taxonomy":"product_brand","embeddable":true,"href":"https:\/\/nordicmart.andreevmaster.com\/fi\/wp-json\/wp\/v2\/product_brand?post=35636"},{"taxonomy":"product_cat","embeddable":true,"href":"https:\/\/nordicmart.andreevmaster.com\/fi\/wp-json\/wp\/v2\/product_cat?post=35636"},{"taxonomy":"product_tag","embeddable":true,"href":"https:\/\/nordicmart.andreevmaster.com\/fi\/wp-json\/wp\/v2\/product_tag?post=35636"}],"curies":[{"name":"wp","href":"https:\/\/api.w.org\/{rel}","templated":true}]}}