{"id":35632,"date":"2026-02-27T00:30:48","date_gmt":"2026-02-27T00:30:48","guid":{"rendered":"https:\/\/nordicmart.andreevmaster.com\/product\/songmics-sopo-valkoinen-sateenvarjoteline\/"},"modified":"2026-02-27T09:49:17","modified_gmt":"2026-02-27T09:49:17","slug":"songmics-sopo-valkoinen-sateenvarjoteline","status":"publish","type":"product","link":"https:\/\/nordicmart.andreevmaster.com\/fi\/tuote\/songmics-sopo-valkoinen-sateenvarjoteline\/","title":{"rendered":"SONGMICS S\u00f6p\u00f6 valkoinen sateenvarjoteline"},"content":{"rendered":"<p>T\u00e4m\u00e4 rautainen sateenvarjoteline on sek\u00e4 toimiva ett\u00e4 tyylik\u00e4s. Sateenvarjon reik\u00e4kuvio sopii hyvin sateenvarjotelineeseen. Teline tarjoaa paitsi s\u00e4ilytystilaa my\u00f6s koristaa tilaa ja on varmasti katseenvangitsija eteisess\u00e4si. Miksi valita Songmics-sateenvarjoteline?Songmics on aina asiakasl\u00e4ht\u00f6inen ja sitoutunut tarjoamaan korkealaatuisia tuotteita, joilla on hyv\u00e4 hinta-laatusuhde. Meill\u00e4 on erinomainen asiakaspalvelu, ja teemme kaikkemme ratkaistaksemme ongelmasi. Uudenlainen rei&#8217;itys, jonka Songmics on suunnitellut itse. T\u00e4ydellinen pakkaus, joka minimoi kuljetusvauriot.Tarjoamme sateenvarjotelineit\u00e4 eri malleina ja kehit\u00e4mme jatkuvasti uusia malleja. Kiit\u00e4mme sinua kiinnostuksestasi. Tuotetiedot: Materiaali: rautalevy Mitat: 15,5 x 15,5 x 49 cm V\u00e4ri: valkoinen Paino: 2 kg Toimitus sis\u00e4lt\u00e4\u00e4: 1 x sateenvarjoteline 1 x vesis\u00e4ili\u00f6 4 x koukku<\/p>\n","protected":false},"excerpt":{"rendered":"<p>SONGMICS metallinen sateenvarjoteline, neli\u00f6nmuotoinen sateenvarjoteline, irrotettava vesis\u00e4ili\u00f6, koukkuilla, 15,5 x 15,5 x 49 cm, valkoinen LUC01W<\/p>\n","protected":false},"featured_media":44181,"comment_status":"open","ping_status":"closed","template":"","meta":[],"product_brand":[],"product_cat":[32],"product_tag":[],"class_list":{"0":"post-35632","1":"product","2":"type-product","3":"status-publish","4":"has-post-thumbnail","6":"product_cat-uncategorized-fi","8":"first","9":"instock","10":"shipping-taxable","11":"purchasable","12":"product-type-simple"},"_links":{"self":[{"href":"https:\/\/nordicmart.andreevmaster.com\/fi\/wp-json\/wp\/v2\/product\/35632","targetHints":{"allow":["GET"]}}],"collection":[{"href":"https:\/\/nordicmart.andreevmaster.com\/fi\/wp-json\/wp\/v2\/product"}],"about":[{"href":"https:\/\/nordicmart.andreevmaster.com\/fi\/wp-json\/wp\/v2\/types\/product"}],"replies":[{"embeddable":true,"href":"https:\/\/nordicmart.andreevmaster.com\/fi\/wp-json\/wp\/v2\/comments?post=35632"}],"wp:featuredmedia":[{"embeddable":true,"href":"https:\/\/nordicmart.andreevmaster.com\/fi\/wp-json\/wp\/v2\/media\/44181"}],"wp:attachment":[{"href":"https:\/\/nordicmart.andreevmaster.com\/fi\/wp-json\/wp\/v2\/media?parent=35632"}],"wp:term":[{"taxonomy":"product_brand","embeddable":true,"href":"https:\/\/nordicmart.andreevmaster.com\/fi\/wp-json\/wp\/v2\/product_brand?post=35632"},{"taxonomy":"product_cat","embeddable":true,"href":"https:\/\/nordicmart.andreevmaster.com\/fi\/wp-json\/wp\/v2\/product_cat?post=35632"},{"taxonomy":"product_tag","embeddable":true,"href":"https:\/\/nordicmart.andreevmaster.com\/fi\/wp-json\/wp\/v2\/product_tag?post=35632"}],"curies":[{"name":"wp","href":"https:\/\/api.w.org\/{rel}","templated":true}]}}