{"id":35630,"date":"2026-02-27T00:30:47","date_gmt":"2026-02-27T00:30:47","guid":{"rendered":"https:\/\/nordicmart.andreevmaster.com\/product\/songmics-metallinen-sateenvarjoteline-nelionmuotoinen-antrasiitti\/"},"modified":"2026-02-27T09:49:17","modified_gmt":"2026-02-27T09:49:17","slug":"songmics-metallinen-sateenvarjoteline-nelionmuotoinen-antrasiitti","status":"publish","type":"product","link":"https:\/\/nordicmart.andreevmaster.com\/fi\/tuote\/songmics-metallinen-sateenvarjoteline-nelionmuotoinen-antrasiitti\/","title":{"rendered":"SONGMICS metallinen sateenvarjoteline, neli\u00f6nmuotoinen, antrasiitti"},"content":{"rendered":"<p>SONGMICS metallinen sateenvarjoteline, neli\u00f6nmuotoinen sateenvarjoteline, irrotettava vesis\u00e4ili\u00f6, koukkuilla, 15,5 x 15,5 x 49 cm, valkoinen LUC16W<br \/>\nV\u00e4ri: antrasiitti<br \/>\nMateriaali: metalli<br \/>\nKoko: 15,5 x 15,5 x 49 cm (P x L x K)<br \/>\nPaino: 1,5 kg<\/p>\n","protected":false},"excerpt":{"rendered":"<p>SONGMICS metallinen sateenvarjoteline, neli\u00f6nmuotoinen sateenvarjoteline, irrotettava vesis\u00e4ili\u00f6, koukkuilla, 15,5 x 15,5 x 49 cm, valkoinen LUC16W<\/p>\n","protected":false},"featured_media":0,"comment_status":"open","ping_status":"closed","template":"","meta":[],"product_brand":[],"product_cat":[32],"product_tag":[],"class_list":{"0":"post-35630","1":"product","2":"type-product","3":"status-publish","5":"product_cat-uncategorized-fi","7":"first","8":"instock","9":"shipping-taxable","10":"purchasable","11":"product-type-simple"},"_links":{"self":[{"href":"https:\/\/nordicmart.andreevmaster.com\/fi\/wp-json\/wp\/v2\/product\/35630","targetHints":{"allow":["GET"]}}],"collection":[{"href":"https:\/\/nordicmart.andreevmaster.com\/fi\/wp-json\/wp\/v2\/product"}],"about":[{"href":"https:\/\/nordicmart.andreevmaster.com\/fi\/wp-json\/wp\/v2\/types\/product"}],"replies":[{"embeddable":true,"href":"https:\/\/nordicmart.andreevmaster.com\/fi\/wp-json\/wp\/v2\/comments?post=35630"}],"wp:attachment":[{"href":"https:\/\/nordicmart.andreevmaster.com\/fi\/wp-json\/wp\/v2\/media?parent=35630"}],"wp:term":[{"taxonomy":"product_brand","embeddable":true,"href":"https:\/\/nordicmart.andreevmaster.com\/fi\/wp-json\/wp\/v2\/product_brand?post=35630"},{"taxonomy":"product_cat","embeddable":true,"href":"https:\/\/nordicmart.andreevmaster.com\/fi\/wp-json\/wp\/v2\/product_cat?post=35630"},{"taxonomy":"product_tag","embeddable":true,"href":"https:\/\/nordicmart.andreevmaster.com\/fi\/wp-json\/wp\/v2\/product_tag?post=35630"}],"curies":[{"name":"wp","href":"https:\/\/api.w.org\/{rel}","templated":true}]}}