{"id":35629,"date":"2026-02-27T00:30:47","date_gmt":"2026-02-27T00:30:47","guid":{"rendered":"https:\/\/nordicmart.andreevmaster.com\/product\/songmics-sateenvarjoteline-suorakulmainen\/"},"modified":"2026-02-27T09:49:17","modified_gmt":"2026-02-27T09:49:17","slug":"songmics-sateenvarjoteline-suorakulmainen","status":"publish","type":"product","link":"https:\/\/nordicmart.andreevmaster.com\/fi\/tuote\/songmics-sateenvarjoteline-suorakulmainen\/","title":{"rendered":"SONGMICS sateenvarjoteline, suorakulmainen"},"content":{"rendered":"<p>Ei sotkua, ei stressi\u00e4: laita sateenvarjosi t\u00e4h\u00e4n tyylikk\u00e4\u00e4seen SONGMICS-sateenvarjotelineeseen, kun olet tullut kotiin l\u00e4pim\u00e4rk\u00e4 ja kastunut sateesta. N\u00e4in lattiasi pysyy kuivana ja v\u00e4lt\u00e4t m\u00e4r\u00e4n sotkun. Ker\u00e4\u00e4 tippuvan veden: T\u00e4m\u00e4 sateenvarjoteline toimitetaan irrotettavalla muovisella ker\u00e4ysastia, joka est\u00e4\u00e4 vesilammikoiden muodostumisen lattialle. Lis\u00e4ksi astia on helppo tyhjent\u00e4\u00e4. Vihdoinkin sateenvarjosi eiv\u00e4t en\u00e4\u00e4 ole hajallaan ymp\u00e4ri taloa! Aseta ne t\u00e4h\u00e4n sateenvarjotelineeseen, jotta olet valmiina seuraavaan sadep\u00e4iv\u00e4\u00e4n. Tuotetiedot: &#8211; V\u00e4ri: musta &#8211; Materiaali: ter\u00e4s &#8211; Koko: 28 x 12 x 41 cm (P x L x K) &#8211; Paino: 1,9 kg Toimitus sis\u00e4lt\u00e4\u00e4: &#8211; 1 x sateenvarjoteline &#8211; 1 x vesis\u00e4ili\u00f6 &#8211; 4 x koukku<\/p>\n","protected":false},"excerpt":{"rendered":"<p>SONGMICS metallinen sateenvarjoteline, sateenvarjoteline, suorakulmainen, irrotettava vesis\u00e4ili\u00f6, 4 koukkua, leikattu muotoilu, eteiseen ja toimistoon, musta LUC004B01<\/p>\n","protected":false},"featured_media":0,"comment_status":"open","ping_status":"closed","template":"","meta":[],"product_brand":[],"product_cat":[32],"product_tag":[],"class_list":{"0":"post-35629","1":"product","2":"type-product","3":"status-publish","5":"product_cat-uncategorized-fi","7":"first","8":"instock","9":"shipping-taxable","10":"purchasable","11":"product-type-simple"},"_links":{"self":[{"href":"https:\/\/nordicmart.andreevmaster.com\/fi\/wp-json\/wp\/v2\/product\/35629","targetHints":{"allow":["GET"]}}],"collection":[{"href":"https:\/\/nordicmart.andreevmaster.com\/fi\/wp-json\/wp\/v2\/product"}],"about":[{"href":"https:\/\/nordicmart.andreevmaster.com\/fi\/wp-json\/wp\/v2\/types\/product"}],"replies":[{"embeddable":true,"href":"https:\/\/nordicmart.andreevmaster.com\/fi\/wp-json\/wp\/v2\/comments?post=35629"}],"wp:attachment":[{"href":"https:\/\/nordicmart.andreevmaster.com\/fi\/wp-json\/wp\/v2\/media?parent=35629"}],"wp:term":[{"taxonomy":"product_brand","embeddable":true,"href":"https:\/\/nordicmart.andreevmaster.com\/fi\/wp-json\/wp\/v2\/product_brand?post=35629"},{"taxonomy":"product_cat","embeddable":true,"href":"https:\/\/nordicmart.andreevmaster.com\/fi\/wp-json\/wp\/v2\/product_cat?post=35629"},{"taxonomy":"product_tag","embeddable":true,"href":"https:\/\/nordicmart.andreevmaster.com\/fi\/wp-json\/wp\/v2\/product_tag?post=35629"}],"curies":[{"name":"wp","href":"https:\/\/api.w.org\/{rel}","templated":true}]}}