{"id":35628,"date":"2026-02-27T00:30:46","date_gmt":"2026-02-27T00:30:46","guid":{"rendered":"https:\/\/nordicmart.andreevmaster.com\/product\/songmics-metallinen-sateenvarjoteline-musta\/"},"modified":"2026-02-27T09:49:17","modified_gmt":"2026-02-27T09:49:17","slug":"songmics-metallinen-sateenvarjoteline-musta","status":"publish","type":"product","link":"https:\/\/nordicmart.andreevmaster.com\/fi\/tuote\/songmics-metallinen-sateenvarjoteline-musta\/","title":{"rendered":"SONGMICS metallinen sateenvarjoteline, musta"},"content":{"rendered":"<p>Ei sotkua, ei stressi\u00e4:&nbsp;Kun olet tullut kotiin sateesta l\u00e4pim\u00e4rk\u00e4 ja m\u00e4rk\u00e4, laita sateenvarjosi t\u00e4h\u00e4n tyylikk\u00e4\u00e4seen SONGMICS-sateenvarjotelineeseen \u2013 n\u00e4in lattiasi pysyy kuivana ja v\u00e4lt\u00e4t m\u00e4r\u00e4n sotkun.El\u00e4 ekologisesti!&nbsp;T\u00e4m\u00e4 sateenvarjoteline on varustettu muovisella alustalla, joka ker\u00e4\u00e4 sateenvarjoista tippuvan veden. N\u00e4in v\u00e4ltyt\u00e4\u00e4n vesilammikoilta lattialla! Lis\u00e4ksi alusta on helppo irrottaa ja tyhjent\u00e4\u00e4. K\u00e4yt\u00e4 ker\u00e4tty\u00e4 sadevett\u00e4 ruukkukasvien kasteluun ja jaa luonnon lahja niiden kanssa. Tuotetiedot: V\u00e4ri: musta Materiaali: metalli Koko: 15,5 x 15,5 x 49 cm (P x L x K) Paino: 2 kg Toimitus sis\u00e4lt\u00e4\u00e4: 1 x sateenvarjoteline 1 x vesis\u00e4ili\u00f6 4 x koukku<\/p>\n","protected":false},"excerpt":{"rendered":"<p>SONGMICS metallinen sateenvarjoteline, sateenvarjoteline, neli\u00f6nmuotoinen, 4 koukkua ja irrotettava vesis\u00e4ili\u00f6, 15,5 x 15,5 x 49 cm, musta LUC001B01<\/p>\n","protected":false},"featured_media":44179,"comment_status":"open","ping_status":"closed","template":"","meta":[],"product_brand":[],"product_cat":[32],"product_tag":[],"class_list":{"0":"post-35628","1":"product","2":"type-product","3":"status-publish","4":"has-post-thumbnail","6":"product_cat-uncategorized-fi","8":"first","9":"instock","10":"shipping-taxable","11":"purchasable","12":"product-type-simple"},"_links":{"self":[{"href":"https:\/\/nordicmart.andreevmaster.com\/fi\/wp-json\/wp\/v2\/product\/35628","targetHints":{"allow":["GET"]}}],"collection":[{"href":"https:\/\/nordicmart.andreevmaster.com\/fi\/wp-json\/wp\/v2\/product"}],"about":[{"href":"https:\/\/nordicmart.andreevmaster.com\/fi\/wp-json\/wp\/v2\/types\/product"}],"replies":[{"embeddable":true,"href":"https:\/\/nordicmart.andreevmaster.com\/fi\/wp-json\/wp\/v2\/comments?post=35628"}],"wp:featuredmedia":[{"embeddable":true,"href":"https:\/\/nordicmart.andreevmaster.com\/fi\/wp-json\/wp\/v2\/media\/44179"}],"wp:attachment":[{"href":"https:\/\/nordicmart.andreevmaster.com\/fi\/wp-json\/wp\/v2\/media?parent=35628"}],"wp:term":[{"taxonomy":"product_brand","embeddable":true,"href":"https:\/\/nordicmart.andreevmaster.com\/fi\/wp-json\/wp\/v2\/product_brand?post=35628"},{"taxonomy":"product_cat","embeddable":true,"href":"https:\/\/nordicmart.andreevmaster.com\/fi\/wp-json\/wp\/v2\/product_cat?post=35628"},{"taxonomy":"product_tag","embeddable":true,"href":"https:\/\/nordicmart.andreevmaster.com\/fi\/wp-json\/wp\/v2\/product_tag?post=35628"}],"curies":[{"name":"wp","href":"https:\/\/api.w.org\/{rel}","templated":true}]}}