{"id":35627,"date":"2026-02-27T00:30:46","date_gmt":"2026-02-27T00:30:46","guid":{"rendered":"https:\/\/nordicmart.andreevmaster.com\/product\/lumi-2-ovinen-kaappi\/"},"modified":"2026-02-27T09:49:17","modified_gmt":"2026-02-27T09:49:17","slug":"lumi-2-ovinen-kaappi","status":"publish","type":"product","link":"https:\/\/nordicmart.andreevmaster.com\/fi\/tuote\/lumi-2-ovinen-kaappi\/","title":{"rendered":"Lumi 2-ovinen kaappi"},"content":{"rendered":"<p>T\u00e4rkeimm\u00e4t edut: <\/p>\n<p>&#8211; 2 tilavaa laatikkoa,<br \/>\n &#8211; 4 hylly\u00e4, joista 3 on s\u00e4\u00e4dett\u00e4viss\u00e4<br \/>\n &#8211; mahdollisuus kiinnitt\u00e4\u00e4 sein\u00e4\u00e4n &#8211; suositeltavaa,<br \/>\n &#8211; t\u00e4ytt\u00e4\u00e4 eurooppalaiset turvallisuusstandardit ja -normit. <\/p>\n<p>Mitat (cm):<br \/>\n korkeus: 170<br \/>\n syvyys: 40<br \/>\n leveys: 80 <\/p>\n<p> Lis\u00e4tietoja:<br \/>\n &#8211; korkealaatuinen laminoitu levy, joka kest\u00e4\u00e4 vaurioita ja kosteutta, helppo pit\u00e4\u00e4 puhtaana<br \/>\n &#8211; solupolykarbonaatti,<br \/>\n &#8211; metallijalat ja -kahvat<br \/>\n &#8211; Hafele-kiskot, joissa on j\u00e4rjestelm\u00e4, joka hidastaa laatikoiden sulkeutumista <\/p>\n<p> V\u00e4rit:<br \/>\n &#8211; Valkoinen\/musta <\/p>\n<p>K\u00e4ytt\u00f6ohjeet: <\/p>\n<p>Huonekalut tulee puhdistaa pehme\u00e4ll\u00e4, vedell\u00e4 tai huonekalujen hoitoaineella kostutetulla puuvillakankaalla. <\/p>\n<p>Kokoonpano: <\/p>\n<p>Huonekalut toimitetaan pakkauksissa itse koottaviksi. Pakkauksissa on mukana yksityiskohtaiset kokoonpano-ohjeet ja tarvittavat tarvikkeet.<\/p>\n","protected":false},"excerpt":{"rendered":"<p>T\u00e4rkeimm\u00e4t edut: &#8211; 2 tilavaa laatikkoa, &#8211; 4 hylly\u00e4, joista 3 on s\u00e4\u00e4dett\u00e4viss\u00e4 &#8211; mahdollisuus kiinnitt\u00e4\u00e4 sein\u00e4\u00e4n &#8211; suositeltavaa, &#8211; t\u00e4ytt\u00e4\u00e4 eurooppalaiset turvallisuusstandardit ja -normit. Mitat (cm): korkeus: 170 syvyys: 40 leveys: 80 Lis\u00e4tietoja: &#8211; korkealaatuinen laminoitu levy, joka kest\u00e4\u00e4 vaurioita ja kosteutta, helppo pit\u00e4\u00e4 puhtaana &#8211; solupolykarbonaatti, &#8211; metallijalat ja -kahvat &#8211; Hafele-kiskot, joissa [&hellip;]<\/p>\n","protected":false},"featured_media":0,"comment_status":"open","ping_status":"closed","template":"","meta":[],"product_brand":[],"product_cat":[32],"product_tag":[],"class_list":{"0":"post-35627","1":"product","2":"type-product","3":"status-publish","5":"product_cat-uncategorized-fi","7":"first","8":"instock","9":"shipping-taxable","10":"purchasable","11":"product-type-simple"},"_links":{"self":[{"href":"https:\/\/nordicmart.andreevmaster.com\/fi\/wp-json\/wp\/v2\/product\/35627","targetHints":{"allow":["GET"]}}],"collection":[{"href":"https:\/\/nordicmart.andreevmaster.com\/fi\/wp-json\/wp\/v2\/product"}],"about":[{"href":"https:\/\/nordicmart.andreevmaster.com\/fi\/wp-json\/wp\/v2\/types\/product"}],"replies":[{"embeddable":true,"href":"https:\/\/nordicmart.andreevmaster.com\/fi\/wp-json\/wp\/v2\/comments?post=35627"}],"wp:attachment":[{"href":"https:\/\/nordicmart.andreevmaster.com\/fi\/wp-json\/wp\/v2\/media?parent=35627"}],"wp:term":[{"taxonomy":"product_brand","embeddable":true,"href":"https:\/\/nordicmart.andreevmaster.com\/fi\/wp-json\/wp\/v2\/product_brand?post=35627"},{"taxonomy":"product_cat","embeddable":true,"href":"https:\/\/nordicmart.andreevmaster.com\/fi\/wp-json\/wp\/v2\/product_cat?post=35627"},{"taxonomy":"product_tag","embeddable":true,"href":"https:\/\/nordicmart.andreevmaster.com\/fi\/wp-json\/wp\/v2\/product_tag?post=35627"}],"curies":[{"name":"wp","href":"https:\/\/api.w.org\/{rel}","templated":true}]}}