{"id":35626,"date":"2026-02-27T00:30:46","date_gmt":"2026-02-27T00:30:46","guid":{"rendered":"https:\/\/nordicmart.andreevmaster.com\/product\/lumi-laatikko-pinnasankyyn-70x140\/"},"modified":"2026-02-27T09:49:16","modified_gmt":"2026-02-27T09:49:16","slug":"lumi-laatikko-pinnasankyyn-70x140","status":"publish","type":"product","link":"https:\/\/nordicmart.andreevmaster.com\/fi\/tuote\/lumi-laatikko-pinnasankyyn-70x140\/","title":{"rendered":"Lumi-laatikko pinnas\u00e4nkyyn 70&#215;140"},"content":{"rendered":"<p>T\u00e4rkeimm\u00e4t edut: <\/p>\n<p>&#8211; py\u00f6rill\u00e4 varustettu laatikko, jossa on k\u00e4yt\u00e4nn\u00f6lliset kuminauhat pinnan naarmuuntumisen est\u00e4miseksi, <\/p>\n<p>&#8211; valmistettu eurooppalaisten standardien ja turvallisuusstandardien mukaisesti <\/p>\n<p>Mitat (cm): <\/p>\n<p>pituus: 139,3 <\/p>\n<p>leveys: 73,4 <\/p>\n<p>korkeus: 13 <\/p>\n<p>Lis\u00e4tietoja: <\/p>\n<p>&#8211; laatikkoon mahtuu patja, jonka mitat ovat: 70 cm x 140 <\/p>\n<p>Muotoilu ja viimeistely: <\/p>\n<p>&#8211; korkealaatuinen laminoitu levy, joka kest\u00e4\u00e4 vaurioita ja kosteutta ja on helppo pit\u00e4\u00e4 puhtaana <\/p>\n<p>V\u00e4ri: <\/p>\n<p>&#8211; valkoinen <\/p>\n<p>K\u00e4ytt\u00f6ohjeet: <\/p>\n<p>Huonekalut tulee puhdistaa pehme\u00e4ll\u00e4, vedell\u00e4 tai huonekalujen hoitoaineella kostutetulla puuvillakankaalla. <\/p>\n<p>Kokoonpano: <\/p>\n<p>Huonekalut toimitetaan pakkauksissa itse koottaviksi. Pakkauksissa on yksityiskohtaiset kokoonpano-ohjeet sek\u00e4 tarvikkeet (ruuvit jne.).<\/p>\n","protected":false},"excerpt":{"rendered":"<p>T\u00e4rkeimm\u00e4t edut: &#8211; py\u00f6rill\u00e4 varustettu laatikko, jossa on k\u00e4yt\u00e4nn\u00f6lliset kuminauhat pinnan naarmuuntumisen est\u00e4miseksi, &#8211; valmistettu eurooppalaisten standardien ja turvallisuusstandardien mukaisesti Mitat (cm): pituus: 139,3 leveys: 73,4 korkeus: 13 Lis\u00e4tietoja: &#8211; laatikkoon mahtuu patja, jonka mitat ovat: 70 cm x 140 Muotoilu ja viimeistely: &#8211; korkealaatuinen laminoitu levy, joka kest\u00e4\u00e4 vaurioita ja kosteutta ja on helppo [&hellip;]<\/p>\n","protected":false},"featured_media":0,"comment_status":"open","ping_status":"closed","template":"","meta":[],"product_brand":[],"product_cat":[32],"product_tag":[],"class_list":{"0":"post-35626","1":"product","2":"type-product","3":"status-publish","5":"product_cat-uncategorized-fi","7":"first","8":"instock","9":"shipping-taxable","10":"purchasable","11":"product-type-simple"},"_links":{"self":[{"href":"https:\/\/nordicmart.andreevmaster.com\/fi\/wp-json\/wp\/v2\/product\/35626","targetHints":{"allow":["GET"]}}],"collection":[{"href":"https:\/\/nordicmart.andreevmaster.com\/fi\/wp-json\/wp\/v2\/product"}],"about":[{"href":"https:\/\/nordicmart.andreevmaster.com\/fi\/wp-json\/wp\/v2\/types\/product"}],"replies":[{"embeddable":true,"href":"https:\/\/nordicmart.andreevmaster.com\/fi\/wp-json\/wp\/v2\/comments?post=35626"}],"wp:attachment":[{"href":"https:\/\/nordicmart.andreevmaster.com\/fi\/wp-json\/wp\/v2\/media?parent=35626"}],"wp:term":[{"taxonomy":"product_brand","embeddable":true,"href":"https:\/\/nordicmart.andreevmaster.com\/fi\/wp-json\/wp\/v2\/product_brand?post=35626"},{"taxonomy":"product_cat","embeddable":true,"href":"https:\/\/nordicmart.andreevmaster.com\/fi\/wp-json\/wp\/v2\/product_cat?post=35626"},{"taxonomy":"product_tag","embeddable":true,"href":"https:\/\/nordicmart.andreevmaster.com\/fi\/wp-json\/wp\/v2\/product_tag?post=35626"}],"curies":[{"name":"wp","href":"https:\/\/api.w.org\/{rel}","templated":true}]}}