{"id":35625,"date":"2026-02-27T00:30:46","date_gmt":"2026-02-27T00:30:46","guid":{"rendered":"https:\/\/nordicmart.andreevmaster.com\/product\/lumi-ratata-vaihtopoyta\/"},"modified":"2026-02-27T09:49:16","modified_gmt":"2026-02-27T09:49:16","slug":"lumi-ratata-vaihtopoyta","status":"publish","type":"product","link":"https:\/\/nordicmart.andreevmaster.com\/fi\/tuote\/lumi-ratata-vaihtopoyta\/","title":{"rendered":"Lumi \/  Ratata-vaihtop\u00f6yt\u00e4"},"content":{"rendered":"<p>T\u00e4rkeimm\u00e4t edut: <\/p>\n<p>&#8211; turvallinen, k\u00e4tev\u00e4 ja mukava paikka, joka helpottaa vauvan vaipanvaihtoa, <\/p>\n<p>&#8211; laajentaa lipaston pintaa, joten lapsi on turvassa ja kaikki hoitotuotteet ovat k\u00e4den ulottuvilla, <\/p>\n<p>&#8211; sopii t\u00e4ydellisesti LUMI-lipastoon, <\/p>\n<p>&#8211; voidaan asentaa lipaston vasemmalle ja oikealle puolelle sek\u00e4 keskelle, <\/p>\n<p>&#8211; voidaan asentaa LUMI-sarjan pinnas\u00e4nkyyn <\/p>\n<p>&#8211; sek\u00e4 asennus ett\u00e4 purkaminen ovat eritt\u00e4in nopeita ja helppoja; sen poistamisen j\u00e4lkeen lipastoon ei j\u00e4\u00e4 j\u00e4lki\u00e4, <\/p>\n<p>&#8211; t\u00e4ytt\u00e4\u00e4 eurooppalaiset turvallisuusstandardit ja -normit. <\/p>\n<p>Mitat (cm): <\/p>\n<p>korkeus: 8 <\/p>\n<p>leveys: 59 <\/p>\n<p>syvyys: 85 <\/p>\n<p> Lis\u00e4tietoja : <\/p>\n<p>-vaihtoyksikk\u00f6\u00f6n voidaan kiinnitt\u00e4\u00e4 tekstiilisis\u00e4kkeit\u00e4 \/ vaippojenvaihtomattoja, joiden enimm\u00e4ismitat ovat 56 cm x 75 cm <\/p>\n<p>-vaippap\u00f6yd\u00e4n enimm\u00e4iskantavuus: 15 kg <\/p>\n<p> Muotoilu ja viimeistely: <\/p>\n<p>&#8211; korkealaatuinen laminoitu levy, joka kest\u00e4\u00e4 vaurioita ja kosteutta ja on helppo pit\u00e4\u00e4 puhtaana, <\/p>\n<p> V\u00e4rit:<br \/>\n &#8211; valkoinen <\/p>\n<p>K\u00e4ytt\u00f6ohjeet: <\/p>\n<p>Huonekalut tulee puhdistaa pehme\u00e4ll\u00e4, vedell\u00e4 tai huonekalujen hoitoaineella kostutetulla puuvillakankaalla. <\/p>\n<p>Kokoonpano: <\/p>\n<p>Huonekalut toimitetaan pakkauksissa itse koottaviksi. Yksityiskohtaiset kokoonpano-ohjeet ovat pakkauksissa mukana.<\/p>\n","protected":false},"excerpt":{"rendered":"<p>T\u00e4rkeimm\u00e4t edut: &#8211; turvallinen, k\u00e4tev\u00e4 ja mukava paikka, joka helpottaa vauvan vaipanvaihtoa, &#8211; laajentaa lipaston pintaa, joten lapsi on turvassa ja kaikki hoitotuotteet ovat k\u00e4den ulottuvilla, &#8211; sopii t\u00e4ydellisesti LUMI-lipastoon, &#8211; voidaan asentaa lipaston vasemmalle ja oikealle puolelle sek\u00e4 keskelle, &#8211; voidaan asentaa LUMI-sarjan pinnas\u00e4nkyyn &#8211; sek\u00e4 asennus ett\u00e4 purkaminen ovat eritt\u00e4in nopeita ja helppoja; [&hellip;]<\/p>\n","protected":false},"featured_media":0,"comment_status":"open","ping_status":"closed","template":"","meta":[],"product_brand":[],"product_cat":[32],"product_tag":[],"class_list":{"0":"post-35625","1":"product","2":"type-product","3":"status-publish","5":"product_cat-uncategorized-fi","7":"first","8":"instock","9":"shipping-taxable","10":"purchasable","11":"product-type-simple"},"_links":{"self":[{"href":"https:\/\/nordicmart.andreevmaster.com\/fi\/wp-json\/wp\/v2\/product\/35625","targetHints":{"allow":["GET"]}}],"collection":[{"href":"https:\/\/nordicmart.andreevmaster.com\/fi\/wp-json\/wp\/v2\/product"}],"about":[{"href":"https:\/\/nordicmart.andreevmaster.com\/fi\/wp-json\/wp\/v2\/types\/product"}],"replies":[{"embeddable":true,"href":"https:\/\/nordicmart.andreevmaster.com\/fi\/wp-json\/wp\/v2\/comments?post=35625"}],"wp:attachment":[{"href":"https:\/\/nordicmart.andreevmaster.com\/fi\/wp-json\/wp\/v2\/media?parent=35625"}],"wp:term":[{"taxonomy":"product_brand","embeddable":true,"href":"https:\/\/nordicmart.andreevmaster.com\/fi\/wp-json\/wp\/v2\/product_brand?post=35625"},{"taxonomy":"product_cat","embeddable":true,"href":"https:\/\/nordicmart.andreevmaster.com\/fi\/wp-json\/wp\/v2\/product_cat?post=35625"},{"taxonomy":"product_tag","embeddable":true,"href":"https:\/\/nordicmart.andreevmaster.com\/fi\/wp-json\/wp\/v2\/product_tag?post=35625"}],"curies":[{"name":"wp","href":"https:\/\/api.w.org\/{rel}","templated":true}]}}