{"id":35624,"date":"2026-02-27T00:30:45","date_gmt":"2026-02-27T00:30:45","guid":{"rendered":"https:\/\/nordicmart.andreevmaster.com\/product\/lumi-kirjoituspoyta-aanenvaimentava-paneeli-kirjoituspoydalle\/"},"modified":"2026-02-27T09:49:16","modified_gmt":"2026-02-27T09:49:16","slug":"lumi-kirjoituspoyta-aanenvaimentava-paneeli-kirjoituspoydalle","status":"publish","type":"product","link":"https:\/\/nordicmart.andreevmaster.com\/fi\/tuote\/lumi-kirjoituspoyta-aanenvaimentava-paneeli-kirjoituspoydalle\/","title":{"rendered":"Lumi-kirjoitusp\u00f6yt\u00e4, \u00e4\u00e4nenvaimentava paneeli kirjoitusp\u00f6yd\u00e4lle"},"content":{"rendered":"<p>Eleganssia, vaatimattomuutta,  detal Minimalistinen, tasapainoinen ja yksinkertainen lastenhuonekalujen kokoelma. Rohkea, geometrinen muoto, rikastettu tyylikk\u00e4ill\u00e4 metallisilla yksityiskohdilla. Piilotetut liikkuvat osat ja melua vaimentavat p\u00f6yt\u00e4paneelit tarjoavat oikeanlaista mukavuutta ja turvallisuutta. Sarja on suunniteltu Montesorin kokonaisvaltaisen kehityksen filosofian periaatteiden mukaisesti.<br \/>\nTuotteen ominaisuudet:<br \/>\n&#8211; 2 tilavaa, kiskoilla liikkuvaa laatikkoa, joista lapsesi lempikoulutarvikkeet ovat helposti saatavilla<br \/>\n&#8211; koristeellinen \u00e4\u00e4nenvaimennuspaneeli, joka v\u00e4hent\u00e4\u00e4 melua ja auttaa lasta keskittym\u00e4\u00e4n. Paneeliin voi kiinnitt\u00e4\u00e4 erilaisia kuvia tai valokuvia, ja se est\u00e4\u00e4 esineit\u00e4 putoamasta p\u00f6yd\u00e4lt\u00e4 (paneeli on lis\u00e4varuste, joka voidaan ostaa erikseen)<br \/>\n&#8211; kaksi helposti k\u00e4ytett\u00e4v\u00e4\u00e4 s\u00e4ilytyslokeroa, joissa on puiset kannet, p\u00f6yd\u00e4n takana \u2013 ihanteellinen pienten esineiden s\u00e4ilytt\u00e4miseen tai kaapeleiden ja johtojen j\u00e4rjest\u00e4miseen, jotta p\u00f6yt\u00e4 ja huone pysyv\u00e4t siistein\u00e4 <\/p>\n<p>&#8211; varustettu kaapelien reitityskohdalla, jotta p\u00f6yd\u00e4ll\u00e4 ei ole turhaa sotkua <\/p>\n<p>&#8211; huolellisesti viimeistelty p\u00f6yd\u00e4n takaosa mahdollistaa sijoittamisen mihin tahansa huoneessa, joten voit mukauttaa sen yksil\u00f6llisiin tarpeisiisi <\/p>\n<p>&#8211; valmistettu eurooppalaisten turvallisuusstandardien ja -m\u00e4\u00e4r\u00e4ysten mukaisesti, mik\u00e4 takaa laadun ja kest\u00e4vyyden. <\/p>\n<p>Mitat (cm): <\/p>\n<p>korkeus: 75,2 <\/p>\n<p>syvyys: 64 <\/p>\n<p>leveys: 120 <\/p>\n<p>Muotoilu ja viimeistely: <\/p>\n<p>&#8211;  korkealaatuinen laminoitu levy, joka kest\u00e4\u00e4 vaurioita ja kosteutta ja on helppo pit\u00e4\u00e4 puhtaana, <\/p>\n<p>&#8211; ekologinen, hajuton, myrkyt\u00f6n EcoPET-paneeli <\/p>\n<p>&#8211; lakattu py\u00f6kki- ja m\u00e4ntypuuta <\/p>\n<p>\u2013 metallijalat   <\/p>\n<p>Valmistusprosessissa k\u00e4ytetyt lakat ovat lapsille turvallisia ja sertifioituja standardin EN71\/3 mukaisesti   <\/p>\n<p>V\u00e4ri: <\/p>\n<p>-valkoinen\/ musta\/ py\u00f6kki <\/p>\n<p>K\u00e4ytt\u00f6ohjeet: <\/p>\n<p>Huonekalut tulee puhdistaa pehme\u00e4ll\u00e4, vedell\u00e4 kostutetulla puuvillakankaalla tai huonekalujen hoitoaineella. <\/p>\n<p>Kokoonpano: Huonekalut toimitetaan pakkauksissa itse koottaviksi. Yksityiskohtaiset kokoonpano-ohjeet ovat pakkauksissa mukana.<\/p>\n","protected":false},"excerpt":{"rendered":"<p>Eleganssia, vaatimattomuutta, detal Minimalistinen, tasapainoinen ja yksinkertainen lastenhuonekalujen kokoelma. Rohkea, geometrinen muoto, rikastettu tyylikk\u00e4ill\u00e4 metallisilla yksityiskohdilla. Piilotetut liikkuvat osat ja melua vaimentavat p\u00f6yt\u00e4paneelit tarjoavat oikeanlaista mukavuutta ja turvallisuutta. Sarja on suunniteltu Montesorin kokonaisvaltaisen kehityksen filosofian periaatteiden mukaisesti. Tuotteen ominaisuudet: &#8211; 2 tilavaa, kiskoilla liikkuvaa laatikkoa, joista lapsesi lempikoulutarvikkeet ovat helposti saatavilla &#8211; koristeellinen \u00e4\u00e4nenvaimennuspaneeli, joka [&hellip;]<\/p>\n","protected":false},"featured_media":0,"comment_status":"open","ping_status":"closed","template":"","meta":[],"product_brand":[],"product_cat":[32],"product_tag":[],"class_list":{"0":"post-35624","1":"product","2":"type-product","3":"status-publish","5":"product_cat-uncategorized-fi","7":"first","8":"instock","9":"shipping-taxable","10":"purchasable","11":"product-type-simple"},"_links":{"self":[{"href":"https:\/\/nordicmart.andreevmaster.com\/fi\/wp-json\/wp\/v2\/product\/35624","targetHints":{"allow":["GET"]}}],"collection":[{"href":"https:\/\/nordicmart.andreevmaster.com\/fi\/wp-json\/wp\/v2\/product"}],"about":[{"href":"https:\/\/nordicmart.andreevmaster.com\/fi\/wp-json\/wp\/v2\/types\/product"}],"replies":[{"embeddable":true,"href":"https:\/\/nordicmart.andreevmaster.com\/fi\/wp-json\/wp\/v2\/comments?post=35624"}],"wp:attachment":[{"href":"https:\/\/nordicmart.andreevmaster.com\/fi\/wp-json\/wp\/v2\/media?parent=35624"}],"wp:term":[{"taxonomy":"product_brand","embeddable":true,"href":"https:\/\/nordicmart.andreevmaster.com\/fi\/wp-json\/wp\/v2\/product_brand?post=35624"},{"taxonomy":"product_cat","embeddable":true,"href":"https:\/\/nordicmart.andreevmaster.com\/fi\/wp-json\/wp\/v2\/product_cat?post=35624"},{"taxonomy":"product_tag","embeddable":true,"href":"https:\/\/nordicmart.andreevmaster.com\/fi\/wp-json\/wp\/v2\/product_tag?post=35624"}],"curies":[{"name":"wp","href":"https:\/\/api.w.org\/{rel}","templated":true}]}}