{"id":35615,"date":"2026-02-27T00:30:43","date_gmt":"2026-02-27T00:30:43","guid":{"rendered":"https:\/\/nordicmart.andreevmaster.com\/product\/vasagle-tv-kaappi-2-ovinen-televisiopoyta-pituus-140-cm\/"},"modified":"2026-02-27T09:49:14","modified_gmt":"2026-02-27T09:49:14","slug":"vasagle-tv-kaappi-2-ovinen-televisiopoyta-pituus-140-cm","status":"publish","type":"product","link":"https:\/\/nordicmart.andreevmaster.com\/fi\/tuote\/vasagle-tv-kaappi-2-ovinen-televisiopoyta-pituus-140-cm\/","title":{"rendered":"VASAGLE TV-kaappi, 2-ovinen televisiop\u00f6yt\u00e4, pituus 140 cm"},"content":{"rendered":"<p>TV-kaappi, 2-ovinen televisiop\u00f6yt\u00e4, pituus 140 cm, TV-hylly televisioille, joiden koko on enint\u00e4\u00e4n 60 tuumaa, s\u00e4\u00e4dett\u00e4v\u00e4t hyllyt, luonnonv\u00e4rinen tammi-kermanvalkoinen<br \/>\nTuotetiedot:<br \/>\n&#8211; V\u00e4ri: luonnonv\u00e4rinen tammi-kermanvalkoinen<br \/>\n&#8211; Materiaali: lastulevy<br \/>\n&#8211; Koko: 140 x 40 x 50 cm (P x L x K)<br \/>\n&#8211; Paino: 26,8 kg<br \/>\n&#8211; Maks. staattinen kantavuus: 80 kg<\/p>\n<p>Toimitus sis\u00e4lt\u00e4\u00e4<br \/>\n&#8211; 1 x TV-kaappi<br \/>\n&#8211; 1 x lis\u00e4varustepaketti<br \/>\n&#8211; 1 x ohjeet<\/p>\n","protected":false},"excerpt":{"rendered":"<p>TV-kaappi, 2-ovinen televisiop\u00f6yt\u00e4, pituus 140 cm, TV-hylly televisioille, joiden koko on enint\u00e4\u00e4n 60 tuumaa, s\u00e4\u00e4dett\u00e4v\u00e4t hyllyt, luonnonv\u00e4rinen tammi-kermanvalkoinen<\/p>\n","protected":false},"featured_media":44171,"comment_status":"open","ping_status":"closed","template":"","meta":[],"product_brand":[],"product_cat":[32],"product_tag":[],"class_list":{"0":"post-35615","1":"product","2":"type-product","3":"status-publish","4":"has-post-thumbnail","6":"product_cat-uncategorized-fi","8":"first","9":"instock","10":"shipping-taxable","11":"purchasable","12":"product-type-simple"},"_links":{"self":[{"href":"https:\/\/nordicmart.andreevmaster.com\/fi\/wp-json\/wp\/v2\/product\/35615","targetHints":{"allow":["GET"]}}],"collection":[{"href":"https:\/\/nordicmart.andreevmaster.com\/fi\/wp-json\/wp\/v2\/product"}],"about":[{"href":"https:\/\/nordicmart.andreevmaster.com\/fi\/wp-json\/wp\/v2\/types\/product"}],"replies":[{"embeddable":true,"href":"https:\/\/nordicmart.andreevmaster.com\/fi\/wp-json\/wp\/v2\/comments?post=35615"}],"wp:featuredmedia":[{"embeddable":true,"href":"https:\/\/nordicmart.andreevmaster.com\/fi\/wp-json\/wp\/v2\/media\/44171"}],"wp:attachment":[{"href":"https:\/\/nordicmart.andreevmaster.com\/fi\/wp-json\/wp\/v2\/media?parent=35615"}],"wp:term":[{"taxonomy":"product_brand","embeddable":true,"href":"https:\/\/nordicmart.andreevmaster.com\/fi\/wp-json\/wp\/v2\/product_brand?post=35615"},{"taxonomy":"product_cat","embeddable":true,"href":"https:\/\/nordicmart.andreevmaster.com\/fi\/wp-json\/wp\/v2\/product_cat?post=35615"},{"taxonomy":"product_tag","embeddable":true,"href":"https:\/\/nordicmart.andreevmaster.com\/fi\/wp-json\/wp\/v2\/product_tag?post=35615"}],"curies":[{"name":"wp","href":"https:\/\/api.w.org\/{rel}","templated":true}]}}