{"id":35614,"date":"2026-02-27T00:30:43","date_gmt":"2026-02-27T00:30:43","guid":{"rendered":"https:\/\/nordicmart.andreevmaster.com\/product\/vasagle-teollisuussuunnittelu-tv-poyta-2-lokerolla\/"},"modified":"2026-02-27T09:49:14","modified_gmt":"2026-02-27T09:49:14","slug":"vasagle-teollisuussuunnittelu-tv-poyta-2-lokerolla","status":"publish","type":"product","link":"https:\/\/nordicmart.andreevmaster.com\/fi\/tuote\/vasagle-teollisuussuunnittelu-tv-poyta-2-lokerolla\/","title":{"rendered":"VASAGLE Teollisuussuunnittelu TV-p\u00f6yt\u00e4 2 lokerolla"},"content":{"rendered":"<p>Tuotetiedot: &#8211; V\u00e4ri: vintage-ruskea-musta &#8211; Materiaali: lastulevy, ter\u00e4s &#8211; Mitat: 100 x 50 x 40 cm (L x K x S)  &#8211; Paino: 17,8 kg &#8211; P\u00f6yt\u00e4levyn enimm\u00e4iskuormitus: 30 kg &#8211; ritil\u00e4hyllyn enimm\u00e4iskuormitus: 10 kgToimitus sis\u00e4lt\u00e4\u00e4:- 1 x TV-matala kaappi- 1 x lis\u00e4varustepussi- 1 x ohjeet (DE, EN, FR, ES, IT)VASAGLE-ohjeet:- Tuote on tarkoitettu k\u00e4ytett\u00e4v\u00e4ksi vain sis\u00e4tiloissa. Aseta se kuivaan ymp\u00e4rist\u00f6\u00f6n. &#8211; P\u00f6yt\u00e4levyn enimm\u00e4iskuormitus on 30 kg, ritil\u00e4hyllyn 10 kg. \u00c4l\u00e4 aseta painavampia esineit\u00e4 niiden p\u00e4\u00e4lle.<\/p>\n","protected":false},"excerpt":{"rendered":"<p>VASAGLE TV-p\u00f6yt\u00e4, televisiohylly, matala hylly, konsoli, olohuoneen p\u00f6yt\u00e4, vakaa, metallirungolla ja ritil\u00e4hyllyll\u00e4, 2 avointa lokeroa, k\u00e4ytetty ilme, puun ulkon\u00e4k\u00f6, teollinen muotoilu, vintage-ruskea-musta LTV92X<\/p>\n","protected":false},"featured_media":44170,"comment_status":"open","ping_status":"closed","template":"","meta":[],"product_brand":[],"product_cat":[32],"product_tag":[],"class_list":{"0":"post-35614","1":"product","2":"type-product","3":"status-publish","4":"has-post-thumbnail","6":"product_cat-uncategorized-fi","8":"first","9":"instock","10":"shipping-taxable","11":"purchasable","12":"product-type-simple"},"_links":{"self":[{"href":"https:\/\/nordicmart.andreevmaster.com\/fi\/wp-json\/wp\/v2\/product\/35614","targetHints":{"allow":["GET"]}}],"collection":[{"href":"https:\/\/nordicmart.andreevmaster.com\/fi\/wp-json\/wp\/v2\/product"}],"about":[{"href":"https:\/\/nordicmart.andreevmaster.com\/fi\/wp-json\/wp\/v2\/types\/product"}],"replies":[{"embeddable":true,"href":"https:\/\/nordicmart.andreevmaster.com\/fi\/wp-json\/wp\/v2\/comments?post=35614"}],"wp:featuredmedia":[{"embeddable":true,"href":"https:\/\/nordicmart.andreevmaster.com\/fi\/wp-json\/wp\/v2\/media\/44170"}],"wp:attachment":[{"href":"https:\/\/nordicmart.andreevmaster.com\/fi\/wp-json\/wp\/v2\/media?parent=35614"}],"wp:term":[{"taxonomy":"product_brand","embeddable":true,"href":"https:\/\/nordicmart.andreevmaster.com\/fi\/wp-json\/wp\/v2\/product_brand?post=35614"},{"taxonomy":"product_cat","embeddable":true,"href":"https:\/\/nordicmart.andreevmaster.com\/fi\/wp-json\/wp\/v2\/product_cat?post=35614"},{"taxonomy":"product_tag","embeddable":true,"href":"https:\/\/nordicmart.andreevmaster.com\/fi\/wp-json\/wp\/v2\/product_tag?post=35614"}],"curies":[{"name":"wp","href":"https:\/\/api.w.org\/{rel}","templated":true}]}}