{"id":35612,"date":"2026-02-27T00:30:42","date_gmt":"2026-02-27T00:30:42","guid":{"rendered":"https:\/\/nordicmart.andreevmaster.com\/product\/vasagle-tv-kaappi-jossa-on-saadettava-hylly-siirtymatyylinen\/"},"modified":"2026-02-27T09:49:13","modified_gmt":"2026-02-27T09:49:13","slug":"vasagle-tv-kaappi-jossa-on-saadettava-hylly-siirtymatyylinen","status":"publish","type":"product","link":"https:\/\/nordicmart.andreevmaster.com\/fi\/tuote\/vasagle-tv-kaappi-jossa-on-saadettava-hylly-siirtymatyylinen\/","title":{"rendered":"VASAGLE TV-kaappi, jossa on s\u00e4\u00e4dett\u00e4v\u00e4 hylly, siirtym\u00e4tyylinen"},"content":{"rendered":"<p>VASAGLE TV-kaappi, matala kaappi, televisiohylly s\u00e4\u00e4dett\u00e4v\u00e4ll\u00e4 hyllyll\u00e4, televisioille jopa 65 tuumaa, pituus 147 cm, siirtym\u00e4tyyli, televisiop\u00f6yt\u00e4, olohuone, luonnonv\u00e4rinen tammi-kermanvalkoinen LTV566Y01<br \/>\nV\u00e4ri: luonnonv\u00e4rinen tammi-kermanvalkoinen<br \/>\nMateriaali: lastulevy, ter\u00e4s<br \/>\nKoko: 147 x 39 x 50 cm (P x L x K)<br \/>\nPaino: 62,5 kg<br \/>\nP\u00f6yt\u00e4levyn maks. staattinen kantavuus: 55 kg<br \/>\nS\u00e4\u00e4dett\u00e4v\u00e4n hyllyn maks. staattinen kantavuus: 10 kg<br \/>\nMaks. staattinen kokonaiskuormituskyky: 85 kg<\/p>\n","protected":false},"excerpt":{"rendered":"<p>VASAGLE TV-kaappi, matala kaappi, televisiohylly s\u00e4\u00e4dett\u00e4v\u00e4ll\u00e4 hyllyll\u00e4, televisioille jopa 65 tuumaa, pituus 147 cm, siirtym\u00e4tyyli, televisiop\u00f6yt\u00e4, olohuone, luonnonv\u00e4rinen tammi-kermanvalkoinen LTV566Y01<\/p>\n","protected":false},"featured_media":44168,"comment_status":"open","ping_status":"closed","template":"","meta":[],"product_brand":[],"product_cat":[32],"product_tag":[],"class_list":{"0":"post-35612","1":"product","2":"type-product","3":"status-publish","4":"has-post-thumbnail","6":"product_cat-uncategorized-fi","8":"first","9":"instock","10":"shipping-taxable","11":"purchasable","12":"product-type-simple"},"_links":{"self":[{"href":"https:\/\/nordicmart.andreevmaster.com\/fi\/wp-json\/wp\/v2\/product\/35612","targetHints":{"allow":["GET"]}}],"collection":[{"href":"https:\/\/nordicmart.andreevmaster.com\/fi\/wp-json\/wp\/v2\/product"}],"about":[{"href":"https:\/\/nordicmart.andreevmaster.com\/fi\/wp-json\/wp\/v2\/types\/product"}],"replies":[{"embeddable":true,"href":"https:\/\/nordicmart.andreevmaster.com\/fi\/wp-json\/wp\/v2\/comments?post=35612"}],"wp:featuredmedia":[{"embeddable":true,"href":"https:\/\/nordicmart.andreevmaster.com\/fi\/wp-json\/wp\/v2\/media\/44168"}],"wp:attachment":[{"href":"https:\/\/nordicmart.andreevmaster.com\/fi\/wp-json\/wp\/v2\/media?parent=35612"}],"wp:term":[{"taxonomy":"product_brand","embeddable":true,"href":"https:\/\/nordicmart.andreevmaster.com\/fi\/wp-json\/wp\/v2\/product_brand?post=35612"},{"taxonomy":"product_cat","embeddable":true,"href":"https:\/\/nordicmart.andreevmaster.com\/fi\/wp-json\/wp\/v2\/product_cat?post=35612"},{"taxonomy":"product_tag","embeddable":true,"href":"https:\/\/nordicmart.andreevmaster.com\/fi\/wp-json\/wp\/v2\/product_tag?post=35612"}],"curies":[{"name":"wp","href":"https:\/\/api.w.org\/{rel}","templated":true}]}}