{"id":35611,"date":"2026-02-27T00:30:42","date_gmt":"2026-02-27T00:30:42","guid":{"rendered":"https:\/\/nordicmart.andreevmaster.com\/product\/vasagle-teollisuustyylinen-3-tasoinen-tv-teline\/"},"modified":"2026-02-27T09:49:13","modified_gmt":"2026-02-27T09:49:13","slug":"vasagle-teollisuustyylinen-3-tasoinen-tv-teline","status":"publish","type":"product","link":"https:\/\/nordicmart.andreevmaster.com\/fi\/tuote\/vasagle-teollisuustyylinen-3-tasoinen-tv-teline\/","title":{"rendered":"VASAGLE Teollisuustyylinen 3-tasoinen TV-teline"},"content":{"rendered":"<p>Uuden VASAGLE-br\u00e4ndimme trendikk\u00e4\u00e4n vintage-tyylisen TV-kaapin avulla voit luoda juuri sen, mit\u00e4 suunnittelijat ovat ajatelleet: v\u00e4limerellisen tunnelman omassa kodissasi. Tutustu my\u00f6s muihin trendikk\u00e4\u00e4n vintage-sarjamme huonekaluihin ja yhdist\u00e4 TV-p\u00f6yt\u00e4 esimerkiksi samaa tyyli\u00e4 olevaan hyllykk\u00f6\u00f6mme. Sarjojen yst\u00e4vien suosikki K\u00e4yt\u00e4 t\u00e4t\u00e4 toimivaa TV-tasoa taulutelevisiollesi ja katso suosikkisarjojasi loputtomasti. Mist\u00e4 TV-sarjasta et t\u00e4ll\u00e4 hetkell\u00e4 saa tarpeeksen? DVD-kokoelmallesi ja pelikonsolillesi TV-kaapin alaosassa on 2 tukevaa hylly\u00e4, joille voit laittaa DVD-levyt, pelikonsolin tai kaukos\u00e4\u00e4timen. Tuotetiedot: &#8211; V\u00e4ri: vintage &#8211; Materiaali: lastulevy, rautakehys &#8211; Kokonaismitat: 140 x 40 x 52 cm (P x L x K) &#8211; Paino: 22,6 kg &#8211; Maks. kantavuus puun n\u00e4k\u00f6isell\u00e4 hyllyll\u00e4: 30 kg &#8211; Maks. rautatelineen enimm\u00e4iskuormitus: 10 kg Toimitus sis\u00e4lt\u00e4\u00e4: &#8211; 1 x televisiop\u00f6yt\u00e4 &#8211; 1 x lis\u00e4varustepussi &#8211; 1 x ohjeet (DE, EN, FR, ES, IT) VASAGLE Huomautukset: &#8211; Aseta tuote kuivaan paikkaan. &#8211; \u00c4l\u00e4 aseta raskaita esineit\u00e4 huonekalun p\u00e4\u00e4lle.<\/p>\n","protected":false},"excerpt":{"rendered":"<p>VASAGLE TV-p\u00f6yt\u00e4 televisioille, joiden koko on enint\u00e4\u00e4n 60 tuumaa, iso TV-kaappi, konsoli, olohuoneen p\u00f6yt\u00e4, metallirunkoinen kahvip\u00f6yt\u00e4, makuuhuone, olohuone, vintage, tummanruskea LTV50BX<\/p>\n","protected":false},"featured_media":0,"comment_status":"open","ping_status":"closed","template":"","meta":[],"product_brand":[],"product_cat":[32],"product_tag":[],"class_list":{"0":"post-35611","1":"product","2":"type-product","3":"status-publish","5":"product_cat-uncategorized-fi","7":"first","8":"instock","9":"shipping-taxable","10":"purchasable","11":"product-type-simple"},"_links":{"self":[{"href":"https:\/\/nordicmart.andreevmaster.com\/fi\/wp-json\/wp\/v2\/product\/35611","targetHints":{"allow":["GET"]}}],"collection":[{"href":"https:\/\/nordicmart.andreevmaster.com\/fi\/wp-json\/wp\/v2\/product"}],"about":[{"href":"https:\/\/nordicmart.andreevmaster.com\/fi\/wp-json\/wp\/v2\/types\/product"}],"replies":[{"embeddable":true,"href":"https:\/\/nordicmart.andreevmaster.com\/fi\/wp-json\/wp\/v2\/comments?post=35611"}],"wp:attachment":[{"href":"https:\/\/nordicmart.andreevmaster.com\/fi\/wp-json\/wp\/v2\/media?parent=35611"}],"wp:term":[{"taxonomy":"product_brand","embeddable":true,"href":"https:\/\/nordicmart.andreevmaster.com\/fi\/wp-json\/wp\/v2\/product_brand?post=35611"},{"taxonomy":"product_cat","embeddable":true,"href":"https:\/\/nordicmart.andreevmaster.com\/fi\/wp-json\/wp\/v2\/product_cat?post=35611"},{"taxonomy":"product_tag","embeddable":true,"href":"https:\/\/nordicmart.andreevmaster.com\/fi\/wp-json\/wp\/v2\/product_tag?post=35611"}],"curies":[{"name":"wp","href":"https:\/\/api.w.org\/{rel}","templated":true}]}}