{"id":35610,"date":"2026-02-27T00:30:42","date_gmt":"2026-02-27T00:30:42","guid":{"rendered":"https:\/\/nordicmart.andreevmaster.com\/product\/songmics-home-tv-kaappi-televisioille-joiden-koko-on-enintaan-50-tuumaa-lumivalkoinen-matta-valkoinen\/"},"modified":"2026-02-27T09:49:13","modified_gmt":"2026-02-27T09:49:13","slug":"songmics-home-tv-kaappi-televisioille-joiden-koko-on-enintaan-50-tuumaa-lumivalkoinen-matta-valkoinen","status":"publish","type":"product","link":"https:\/\/nordicmart.andreevmaster.com\/fi\/tuote\/songmics-home-tv-kaappi-televisioille-joiden-koko-on-enintaan-50-tuumaa-lumivalkoinen-matta-valkoinen\/","title":{"rendered":"SONGMICS HOME TV-kaappi televisioille, joiden koko on enint\u00e4\u00e4n 50 tuumaa, lumivalkoinen-matta valkoinen"},"content":{"rendered":"<p>SONGMICS HOME Eritt\u00e4in nopea ty\u00f6kaluton asennus, TV-kaappi jopa 50 tuuman televisioille, televisiop\u00f6yt\u00e4, matala kaappi, olohuone, 110 x 35 x 46 cm, hylly, lumivalkoinen-matta valkoinen LTV500W01<br \/>\nV\u00e4ri: lumivalkoinen-matta valkoinen<br \/>\nMateriaali: lastulevy, ter\u00e4s<br \/>\nKoko: 110 x 35 x 46 cm (P x L x K)<br \/>\nPaino: 12,6 kg<br \/>\nKansi levyn maks. staattinen kantavuus: 38 kg<br \/>\nMaks. staattinen kokonaiskuormitus: 98 kg<\/p>\n","protected":false},"excerpt":{"rendered":"<p>SONGMICS HOME Eritt\u00e4in nopea ty\u00f6kaluton asennus, TV-kaappi jopa 50 tuuman televisioille, televisiop\u00f6yt\u00e4, matala kaappi, olohuone, 110 x 35 x 46 cm, hylly, lumivalkoinen-matta valkoinen LTV500W01<\/p>\n","protected":false},"featured_media":44167,"comment_status":"open","ping_status":"closed","template":"","meta":[],"product_brand":[],"product_cat":[32],"product_tag":[],"class_list":{"0":"post-35610","1":"product","2":"type-product","3":"status-publish","4":"has-post-thumbnail","6":"product_cat-uncategorized-fi","8":"first","9":"instock","10":"shipping-taxable","11":"purchasable","12":"product-type-simple"},"_links":{"self":[{"href":"https:\/\/nordicmart.andreevmaster.com\/fi\/wp-json\/wp\/v2\/product\/35610","targetHints":{"allow":["GET"]}}],"collection":[{"href":"https:\/\/nordicmart.andreevmaster.com\/fi\/wp-json\/wp\/v2\/product"}],"about":[{"href":"https:\/\/nordicmart.andreevmaster.com\/fi\/wp-json\/wp\/v2\/types\/product"}],"replies":[{"embeddable":true,"href":"https:\/\/nordicmart.andreevmaster.com\/fi\/wp-json\/wp\/v2\/comments?post=35610"}],"wp:featuredmedia":[{"embeddable":true,"href":"https:\/\/nordicmart.andreevmaster.com\/fi\/wp-json\/wp\/v2\/media\/44167"}],"wp:attachment":[{"href":"https:\/\/nordicmart.andreevmaster.com\/fi\/wp-json\/wp\/v2\/media?parent=35610"}],"wp:term":[{"taxonomy":"product_brand","embeddable":true,"href":"https:\/\/nordicmart.andreevmaster.com\/fi\/wp-json\/wp\/v2\/product_brand?post=35610"},{"taxonomy":"product_cat","embeddable":true,"href":"https:\/\/nordicmart.andreevmaster.com\/fi\/wp-json\/wp\/v2\/product_cat?post=35610"},{"taxonomy":"product_tag","embeddable":true,"href":"https:\/\/nordicmart.andreevmaster.com\/fi\/wp-json\/wp\/v2\/product_tag?post=35610"}],"curies":[{"name":"wp","href":"https:\/\/api.w.org\/{rel}","templated":true}]}}