{"id":35609,"date":"2026-02-27T00:30:41","date_gmt":"2026-02-27T00:30:41","guid":{"rendered":"https:\/\/nordicmart.andreevmaster.com\/product\/vasagle-tv-kaappi-vintage-ruskea-musta\/"},"modified":"2026-02-27T09:49:13","modified_gmt":"2026-02-27T09:49:13","slug":"vasagle-tv-kaappi-vintage-ruskea-musta","status":"publish","type":"product","link":"https:\/\/nordicmart.andreevmaster.com\/fi\/tuote\/vasagle-tv-kaappi-vintage-ruskea-musta\/","title":{"rendered":"VASAGLE TV-kaappi vintage-ruskea-musta"},"content":{"rendered":"<p>Tuotetiedot: &#8211; V\u00e4ri: vintage-ruskea-musta &#8211; Materiaali: lastulevy, ter\u00e4s &#8211; Koko: 135 x 40 x 76 cm (P x L x K) &#8211; Paino: 41,5 kg &#8211; P\u00f6yd\u00e4n pinnan maks. staattinen kantavuus: 50 kg &#8211; Hyllykohdan maks. staattinen kantavuus: 20 kg Toimitus sis\u00e4lt\u00e4\u00e4:- 1 x TV-kaappi &#8211; 1 x lis\u00e4varustepaketti &#8211; 1 x kaatumissuoja &#8211; 1 x ohjeet (DE, EN, FR, ES, IT) VASAGLE-ohjeet: &#8211; Turvallisuussyist\u00e4 lapset eiv\u00e4t saa kiivet\u00e4 tuotteen p\u00e4\u00e4lle tai leikki\u00e4 sill\u00e4. &#8211; Kiinnit\u00e4 t\u00e4m\u00e4 tuote sein\u00e4\u00e4n mukana toimitetulla kaatumissuojalla.<\/p>\n","protected":false},"excerpt":{"rendered":"<p>VASAGLE TV-kaappi, televisiop\u00f6yt\u00e4 2 liukuovella, TV-hylly televisioille, joiden koko on enint\u00e4\u00e4n 60 tuumaa, televisiokaappi s\u00e4\u00e4dett\u00e4vill\u00e4 hyllyill\u00e4, teollinen muotoilu, vintage-ruskea-musta LTV46BX<\/p>\n","protected":false},"featured_media":44166,"comment_status":"open","ping_status":"closed","template":"","meta":[],"product_brand":[],"product_cat":[32],"product_tag":[],"class_list":{"0":"post-35609","1":"product","2":"type-product","3":"status-publish","4":"has-post-thumbnail","6":"product_cat-uncategorized-fi","8":"first","9":"instock","10":"shipping-taxable","11":"purchasable","12":"product-type-simple"},"_links":{"self":[{"href":"https:\/\/nordicmart.andreevmaster.com\/fi\/wp-json\/wp\/v2\/product\/35609","targetHints":{"allow":["GET"]}}],"collection":[{"href":"https:\/\/nordicmart.andreevmaster.com\/fi\/wp-json\/wp\/v2\/product"}],"about":[{"href":"https:\/\/nordicmart.andreevmaster.com\/fi\/wp-json\/wp\/v2\/types\/product"}],"replies":[{"embeddable":true,"href":"https:\/\/nordicmart.andreevmaster.com\/fi\/wp-json\/wp\/v2\/comments?post=35609"}],"wp:featuredmedia":[{"embeddable":true,"href":"https:\/\/nordicmart.andreevmaster.com\/fi\/wp-json\/wp\/v2\/media\/44166"}],"wp:attachment":[{"href":"https:\/\/nordicmart.andreevmaster.com\/fi\/wp-json\/wp\/v2\/media?parent=35609"}],"wp:term":[{"taxonomy":"product_brand","embeddable":true,"href":"https:\/\/nordicmart.andreevmaster.com\/fi\/wp-json\/wp\/v2\/product_brand?post=35609"},{"taxonomy":"product_cat","embeddable":true,"href":"https:\/\/nordicmart.andreevmaster.com\/fi\/wp-json\/wp\/v2\/product_cat?post=35609"},{"taxonomy":"product_tag","embeddable":true,"href":"https:\/\/nordicmart.andreevmaster.com\/fi\/wp-json\/wp\/v2\/product_tag?post=35609"}],"curies":[{"name":"wp","href":"https:\/\/api.w.org\/{rel}","templated":true}]}}