{"id":35606,"date":"2026-02-27T00:30:41","date_gmt":"2026-02-27T00:30:41","guid":{"rendered":"https:\/\/nordicmart.andreevmaster.com\/product\/vasagle-tv-kaappi-erittain-nopea-asennus-moderni-tuhkanruskea-mustanmusta\/"},"modified":"2026-02-27T09:49:12","modified_gmt":"2026-02-27T09:49:12","slug":"vasagle-tv-kaappi-erittain-nopea-asennus-moderni-tuhkanruskea-mustanmusta","status":"publish","type":"product","link":"https:\/\/nordicmart.andreevmaster.com\/fi\/tuote\/vasagle-tv-kaappi-erittain-nopea-asennus-moderni-tuhkanruskea-mustanmusta\/","title":{"rendered":"VASAGLE TV-kaappi, eritt\u00e4in nopea asennus, moderni, tuhkanruskea-mustanmusta"},"content":{"rendered":"<p>VASAGLE TV-kaappi televisioille, joiden koko on enint\u00e4\u00e4n 60 tuumaa, eritt\u00e4in nopea asennus, ty\u00f6kaluton tekniikka, TV-p\u00f6yt\u00e4 olohuoneeseen, moderni uurrettu lasi, 140 x 39 x 45 cm, tuhkanruskea-mustanmusta LTV466K02<br \/>\nV\u00e4ri: tuhkanruskea-mustanmusta<br \/>\nMateriaali: lastulevy, lasi, ter\u00e4s<br \/>\nKoko: 140 x 39 x 45 cm (P x L x K)<br \/>\nPaino: 21,7 kg<br \/>\nKannen maks. staattinen kantavuus: 60 kg<br \/>\nMaks. staattinen kokonaiskuormitus: 113 kg<\/p>\n","protected":false},"excerpt":{"rendered":"<p>VASAGLE TV-kaappi televisioille, joiden koko on enint\u00e4\u00e4n 60 tuumaa, eritt\u00e4in nopea asennus, ty\u00f6kaluton tekniikka, TV-p\u00f6yt\u00e4 olohuoneeseen, moderni uurrettu lasi, 140 x 39 x 45 cm, tuhkanruskea-mustanmusta LTV466K02<\/p>\n","protected":false},"featured_media":44164,"comment_status":"open","ping_status":"closed","template":"","meta":[],"product_brand":[],"product_cat":[32],"product_tag":[],"class_list":{"0":"post-35606","1":"product","2":"type-product","3":"status-publish","4":"has-post-thumbnail","6":"product_cat-uncategorized-fi","8":"first","9":"instock","10":"shipping-taxable","11":"purchasable","12":"product-type-simple"},"_links":{"self":[{"href":"https:\/\/nordicmart.andreevmaster.com\/fi\/wp-json\/wp\/v2\/product\/35606","targetHints":{"allow":["GET"]}}],"collection":[{"href":"https:\/\/nordicmart.andreevmaster.com\/fi\/wp-json\/wp\/v2\/product"}],"about":[{"href":"https:\/\/nordicmart.andreevmaster.com\/fi\/wp-json\/wp\/v2\/types\/product"}],"replies":[{"embeddable":true,"href":"https:\/\/nordicmart.andreevmaster.com\/fi\/wp-json\/wp\/v2\/comments?post=35606"}],"wp:featuredmedia":[{"embeddable":true,"href":"https:\/\/nordicmart.andreevmaster.com\/fi\/wp-json\/wp\/v2\/media\/44164"}],"wp:attachment":[{"href":"https:\/\/nordicmart.andreevmaster.com\/fi\/wp-json\/wp\/v2\/media?parent=35606"}],"wp:term":[{"taxonomy":"product_brand","embeddable":true,"href":"https:\/\/nordicmart.andreevmaster.com\/fi\/wp-json\/wp\/v2\/product_brand?post=35606"},{"taxonomy":"product_cat","embeddable":true,"href":"https:\/\/nordicmart.andreevmaster.com\/fi\/wp-json\/wp\/v2\/product_cat?post=35606"},{"taxonomy":"product_tag","embeddable":true,"href":"https:\/\/nordicmart.andreevmaster.com\/fi\/wp-json\/wp\/v2\/product_tag?post=35606"}],"curies":[{"name":"wp","href":"https:\/\/api.w.org\/{rel}","templated":true}]}}