{"id":35604,"date":"2026-02-27T00:30:40","date_gmt":"2026-02-27T00:30:40","guid":{"rendered":"https:\/\/nordicmart.andreevmaster.com\/product\/vasagle-tv-matala-kaappi-teollinen-tyyli\/"},"modified":"2026-02-27T09:49:11","modified_gmt":"2026-02-27T09:49:11","slug":"vasagle-tv-matala-kaappi-teollinen-tyyli","status":"publish","type":"product","link":"https:\/\/nordicmart.andreevmaster.com\/fi\/tuote\/vasagle-tv-matala-kaappi-teollinen-tyyli\/","title":{"rendered":"VASAGLE TV-matala kaappi, teollinen tyyli"},"content":{"rendered":"<p>Tuotetiedot: &#8211; V\u00e4ri: Vintage\/tummanruskea &#8211; Materiaali: lastulevy, rauta &#8211; Koko: 110 x 40 x 45 cm (P x L x K) &#8211; Paino: 21,3 kg &#8211; Pinnan maksimaalinen staattinen kantavuus: 30 kg &#8211; Hyllytasojen maksimaalinen staattinen kantavuus: 10 kg &#8211; Sis\u00e4osan hyllyn maksimaalinen staattinen kantavuus: 15 kg Toimitus sis\u00e4lt\u00e4\u00e4:- 1 x TV-kaappi &#8211; 1 x s\u00e4ilytyslaatikko lis\u00e4varusteille &#8211; 1 x ohjeet (DE, EN, FR, ES, IT) VASAGLE-ohjeet: &#8211; Aseta tuote paikkaan, jossa se ei ole alttiina l\u00e4mm\u00f6nl\u00e4hteille, suoralle auringonvalolle tai kosteudelle. &#8211; Pid\u00e4 tuote poissa ter\u00e4vien ja ter\u00e4vien esineiden sek\u00e4 sy\u00f6vytt\u00e4vien aineiden l\u00e4heisyydest\u00e4.- Lapset eiv\u00e4t saa kiivet\u00e4 tuotteen p\u00e4\u00e4lle.<\/p>\n","protected":false},"excerpt":{"rendered":"<p>VASAGLE TV-kaappi, televisiop\u00f6yt\u00e4, 48 tuuman televisioille, matala kaappi ja 2 hyllytasoa, TV-penkki, olohuone, eteinen, 110 x 40 x 45 cm, teollinen muotoilu, vintage, tummanruskea LTV42BX<\/p>\n","protected":false},"featured_media":44162,"comment_status":"open","ping_status":"closed","template":"","meta":[],"product_brand":[],"product_cat":[32],"product_tag":[],"class_list":{"0":"post-35604","1":"product","2":"type-product","3":"status-publish","4":"has-post-thumbnail","6":"product_cat-uncategorized-fi","8":"first","9":"instock","10":"shipping-taxable","11":"purchasable","12":"product-type-simple"},"_links":{"self":[{"href":"https:\/\/nordicmart.andreevmaster.com\/fi\/wp-json\/wp\/v2\/product\/35604","targetHints":{"allow":["GET"]}}],"collection":[{"href":"https:\/\/nordicmart.andreevmaster.com\/fi\/wp-json\/wp\/v2\/product"}],"about":[{"href":"https:\/\/nordicmart.andreevmaster.com\/fi\/wp-json\/wp\/v2\/types\/product"}],"replies":[{"embeddable":true,"href":"https:\/\/nordicmart.andreevmaster.com\/fi\/wp-json\/wp\/v2\/comments?post=35604"}],"wp:featuredmedia":[{"embeddable":true,"href":"https:\/\/nordicmart.andreevmaster.com\/fi\/wp-json\/wp\/v2\/media\/44162"}],"wp:attachment":[{"href":"https:\/\/nordicmart.andreevmaster.com\/fi\/wp-json\/wp\/v2\/media?parent=35604"}],"wp:term":[{"taxonomy":"product_brand","embeddable":true,"href":"https:\/\/nordicmart.andreevmaster.com\/fi\/wp-json\/wp\/v2\/product_brand?post=35604"},{"taxonomy":"product_cat","embeddable":true,"href":"https:\/\/nordicmart.andreevmaster.com\/fi\/wp-json\/wp\/v2\/product_cat?post=35604"},{"taxonomy":"product_tag","embeddable":true,"href":"https:\/\/nordicmart.andreevmaster.com\/fi\/wp-json\/wp\/v2\/product_tag?post=35604"}],"curies":[{"name":"wp","href":"https:\/\/api.w.org\/{rel}","templated":true}]}}