{"id":35603,"date":"2026-02-27T00:30:40","date_gmt":"2026-02-27T00:30:40","guid":{"rendered":"https:\/\/nordicmart.andreevmaster.com\/product\/vasagle-teollisuustyylinen-tv-kaappi-lamelliovilla\/"},"modified":"2026-02-27T09:49:11","modified_gmt":"2026-02-27T09:49:11","slug":"vasagle-teollisuustyylinen-tv-kaappi-lamelliovilla","status":"publish","type":"product","link":"https:\/\/nordicmart.andreevmaster.com\/fi\/tuote\/vasagle-teollisuustyylinen-tv-kaappi-lamelliovilla\/","title":{"rendered":"VASAGLE Teollisuustyylinen TV-kaappi lamelliovilla"},"content":{"rendered":"<p>Hieman vintagea t\u00e4\u00e4ll\u00e4, hieman teollista designia siell\u00e4 T\u00e4m\u00e4n TV-kaapin tyyli\u00e4 voidaan kuvata yhdistelm\u00e4n\u00e4 rautakehyksest\u00e4, jossa on trendik\u00e4s teollinen ilme, ja tarkasti valmistetuista vintage-levyist\u00e4 puumateriaalista. Erityisen vivahteen tuovat my\u00f6s ep\u00e4tavalliset lamelliovet, jotka her\u00e4tt\u00e4v\u00e4t uteliaisuutta siit\u00e4, mit\u00e4 niiden takana piilee. Tuloksena on yhten\u00e4inen kokonaisuus ja huonekalu, joka on sek\u00e4 kest\u00e4v\u00e4, n\u00e4ytt\u00e4v\u00e4 ett\u00e4 toimiva. Valmis suureen k\u00e4ytt\u00f6\u00f6n 110 x 40 x 45 cm (P x L x K) kokoinen huonekalu, jonka pinnalle voi asettaa 40 kg painon, sopii seuraaviin k\u00e4ytt\u00f6tarkoituksiin: &#8211; Olohuone: Matala kaappi on luonnollisesti tarkoitettu tyylikk\u00e4\u00e4ksi TV-kaapiksi. &#8211; Makuuhuone: K\u00e4yt\u00e4 huonekalua my\u00f6s makuuhuoneessa TV-p\u00f6yt\u00e4n\u00e4 tai s\u00e4ilyt\u00e4 siin\u00e4 vuodevaatteita ja kes\u00e4vaatteita, joita et tarvitse talvella. &#8211; Eteinen: Monipuolinen huonekalu voidaan k\u00e4ytt\u00e4\u00e4 my\u00f6s eteisess\u00e4 kenk\u00e4kaapina. Aseta lis\u00e4ksi ruusukimppu ja valokuvakehykset sile\u00e4lle vintage-pinnalle. Tuotetiedot: &#8211; V\u00e4ri: vintage-ruskea-musta &#8211; Materiaali: lastulevy, ter\u00e4s &#8211; Koko: 110 x 40 x 45 cm (P x L x K) &#8211; Paino: 21,8 kg &#8211; Pinnan enimm\u00e4iskuormitus: 40 kg &#8211; Sis\u00e4osien hyllyjen enimm\u00e4iskuormitus: 15 kg sis\u00e4osien enimm\u00e4iskuormitus: 15 kg Toimitus sis\u00e4lt\u00e4\u00e4: &#8211; 1 x TV-kaappi &#8211; 1 x s\u00e4ilytyslaatikko lis\u00e4varusteilla (sis\u00e4lt\u00e4\u00e4 asennusty\u00f6kalut) &#8211; 1 x ohjeet (DE, EN, FR, ES, IT) VASAGLE Huomautukset: &#8211; \u00c4l\u00e4 altista tuotetta suoralle auringonvalolle.<\/p>\n","protected":false},"excerpt":{"rendered":"<p>VASAGLE televisiop\u00f6yt\u00e4 televisioille, joiden koko on enint\u00e4\u00e4n 48 tuumaa, TV-kaappi, matala kaappi liukuovilla ja 2 hyllytasolla, olohuone, eteinen, 110 x 40 x 45 cm, teollinen muotoilu, vintage-ruskea-musta  LTV41BX<\/p>\n","protected":false},"featured_media":44161,"comment_status":"open","ping_status":"closed","template":"","meta":[],"product_brand":[],"product_cat":[32],"product_tag":[],"class_list":{"0":"post-35603","1":"product","2":"type-product","3":"status-publish","4":"has-post-thumbnail","6":"product_cat-uncategorized-fi","8":"first","9":"instock","10":"shipping-taxable","11":"purchasable","12":"product-type-simple"},"_links":{"self":[{"href":"https:\/\/nordicmart.andreevmaster.com\/fi\/wp-json\/wp\/v2\/product\/35603","targetHints":{"allow":["GET"]}}],"collection":[{"href":"https:\/\/nordicmart.andreevmaster.com\/fi\/wp-json\/wp\/v2\/product"}],"about":[{"href":"https:\/\/nordicmart.andreevmaster.com\/fi\/wp-json\/wp\/v2\/types\/product"}],"replies":[{"embeddable":true,"href":"https:\/\/nordicmart.andreevmaster.com\/fi\/wp-json\/wp\/v2\/comments?post=35603"}],"wp:featuredmedia":[{"embeddable":true,"href":"https:\/\/nordicmart.andreevmaster.com\/fi\/wp-json\/wp\/v2\/media\/44161"}],"wp:attachment":[{"href":"https:\/\/nordicmart.andreevmaster.com\/fi\/wp-json\/wp\/v2\/media?parent=35603"}],"wp:term":[{"taxonomy":"product_brand","embeddable":true,"href":"https:\/\/nordicmart.andreevmaster.com\/fi\/wp-json\/wp\/v2\/product_brand?post=35603"},{"taxonomy":"product_cat","embeddable":true,"href":"https:\/\/nordicmart.andreevmaster.com\/fi\/wp-json\/wp\/v2\/product_cat?post=35603"},{"taxonomy":"product_tag","embeddable":true,"href":"https:\/\/nordicmart.andreevmaster.com\/fi\/wp-json\/wp\/v2\/product_tag?post=35603"}],"curies":[{"name":"wp","href":"https:\/\/api.w.org\/{rel}","templated":true}]}}