{"id":35602,"date":"2026-02-27T00:30:40","date_gmt":"2026-02-27T00:30:40","guid":{"rendered":"https:\/\/nordicmart.andreevmaster.com\/product\/vasagle-teollisen-muotoilun-tv-hylly-3-tasoa\/"},"modified":"2026-02-27T09:49:11","modified_gmt":"2026-02-27T09:49:11","slug":"vasagle-teollisen-muotoilun-tv-hylly-3-tasoa","status":"publish","type":"product","link":"https:\/\/nordicmart.andreevmaster.com\/fi\/tuote\/vasagle-teollisen-muotoilun-tv-hylly-3-tasoa\/","title":{"rendered":"VASAGLE teollisen muotoilun TV-hylly, 3 tasoa"},"content":{"rendered":"<p>Uuden VASAGLE-br\u00e4ndimme trendikk\u00e4\u00e4n vintage-tyylisen TV-kaapin avulla voit luoda juuri sen, mit\u00e4 suunnittelijat ovat ajatelleet: v\u00e4limerellisen tunnelman omassa kodissasi. Tutustu my\u00f6s muihin trendikk\u00e4\u00e4n vintage-sarjamme huonekaluihin ja yhdist\u00e4 TV-p\u00f6yt\u00e4 esimerkiksi samaa tyyli\u00e4 olevaan hyllykk\u00f6\u00f6mme.  Sarjojen yst\u00e4vien suosikki K\u00e4yt\u00e4 t\u00e4t\u00e4 toimivaa TV-tasoa taulutelevisiollesi ja katso suosikkisarjojasi loputtomasti. Mist\u00e4 TV-sarjasta et t\u00e4ll\u00e4 hetkell\u00e4 saa tarpeeksen? Kerro se meille kommenteissa ja l\u00e4het\u00e4 kuva uudesta olohuoneen p\u00f6yd\u00e4st\u00e4si. DVD-kokoelmallesi ja pelikonsolillesi TV-kaapin alaosassa on 2 tukevaa hylly\u00e4, joille voit laittaa DVD-levyt, pelikonsolin tai kaukos\u00e4\u00e4timen. 3 irrotettavaan ja taitettavaan tekstiililaatikkoon voit lis\u00e4ksi siististi s\u00e4ilytt\u00e4\u00e4 TV-kaapelit tai k\u00e4ytt\u00f6ohjeet. Tuotetiedot: &#8211; V\u00e4ri: vintage, harmaa &#8211; Materiaali: lastulevy, rautakehys, kuitukangas  &#8211; Kokonaismitat: 100 x 40 x 52 cm (P x L x K) &#8211; P\u00f6yt\u00e4levyn mitat: 99 x 39 cm (P x L) &#8211; Paino: 16,4 kg &#8211; Kantavuus: 30 kg Toimitus sis\u00e4lt\u00e4\u00e4: &#8211; 1 x televisiop\u00f6yt\u00e4 &#8211; 1 x lis\u00e4varustepussi &#8211; 1 x ohjeet (DE, EN, FR, ES, IT)  VASAGLE Huomautukset: &#8211; Aseta tuote kuivaan paikkaan. &#8211; \u00c4l\u00e4 aseta raskaita esineit\u00e4 huonekalun p\u00e4\u00e4lle.<\/p>\n","protected":false},"excerpt":{"rendered":"<p>VASAGLE TV-p\u00f6yt\u00e4 televisioille, joiden koko on enint\u00e4\u00e4n 43 tuumaa, TV-kaappi teollisessa designissa, konsoli, matala kaappi, olohuoneen p\u00f6yt\u00e4 metallirungolla, puukuviolla, olohuone, vintage, tummanruskea LTV40BX<\/p>\n","protected":false},"featured_media":44160,"comment_status":"open","ping_status":"closed","template":"","meta":[],"product_brand":[],"product_cat":[32],"product_tag":[],"class_list":{"0":"post-35602","1":"product","2":"type-product","3":"status-publish","4":"has-post-thumbnail","6":"product_cat-uncategorized-fi","8":"first","9":"instock","10":"shipping-taxable","11":"purchasable","12":"product-type-simple"},"_links":{"self":[{"href":"https:\/\/nordicmart.andreevmaster.com\/fi\/wp-json\/wp\/v2\/product\/35602","targetHints":{"allow":["GET"]}}],"collection":[{"href":"https:\/\/nordicmart.andreevmaster.com\/fi\/wp-json\/wp\/v2\/product"}],"about":[{"href":"https:\/\/nordicmart.andreevmaster.com\/fi\/wp-json\/wp\/v2\/types\/product"}],"replies":[{"embeddable":true,"href":"https:\/\/nordicmart.andreevmaster.com\/fi\/wp-json\/wp\/v2\/comments?post=35602"}],"wp:featuredmedia":[{"embeddable":true,"href":"https:\/\/nordicmart.andreevmaster.com\/fi\/wp-json\/wp\/v2\/media\/44160"}],"wp:attachment":[{"href":"https:\/\/nordicmart.andreevmaster.com\/fi\/wp-json\/wp\/v2\/media?parent=35602"}],"wp:term":[{"taxonomy":"product_brand","embeddable":true,"href":"https:\/\/nordicmart.andreevmaster.com\/fi\/wp-json\/wp\/v2\/product_brand?post=35602"},{"taxonomy":"product_cat","embeddable":true,"href":"https:\/\/nordicmart.andreevmaster.com\/fi\/wp-json\/wp\/v2\/product_cat?post=35602"},{"taxonomy":"product_tag","embeddable":true,"href":"https:\/\/nordicmart.andreevmaster.com\/fi\/wp-json\/wp\/v2\/product_tag?post=35602"}],"curies":[{"name":"wp","href":"https:\/\/api.w.org\/{rel}","templated":true}]}}