{"id":35599,"date":"2026-02-27T00:30:39","date_gmt":"2026-02-27T00:30:39","guid":{"rendered":"https:\/\/nordicmart.andreevmaster.com\/product\/vasagle-tv-kaappi-led-valaistuksella-enintaan-70-tuumaa\/"},"modified":"2026-02-27T09:49:10","modified_gmt":"2026-02-27T09:49:10","slug":"vasagle-tv-kaappi-led-valaistuksella-enintaan-70-tuumaa","status":"publish","type":"product","link":"https:\/\/nordicmart.andreevmaster.com\/fi\/tuote\/vasagle-tv-kaappi-led-valaistuksella-enintaan-70-tuumaa\/","title":{"rendered":"VASAGLE TV-kaappi LED-valaistuksella, enint\u00e4\u00e4n 70 tuumaa"},"content":{"rendered":"<p>VASAGLE TV-kaappi LED-valaistuksella, televisiop\u00f6yt\u00e4, TV-teline jopa 70 tuuman televisioille, avoimet hyllyt, 2 kaappia ovilla, 160 cm, olohuoneeseen<br \/>\nV\u00e4ri: musta<br \/>\nMateriaali: lastulevy, karkaistu lasi<br \/>\nKoko: 40 x 160 x 60 cm (S x L x K)<br \/>\nPaino: 37,2 kg<br \/>\nP\u00f6yt\u00e4levyn maks. staattinen kantavuus: 40 kg<br \/>\nMaks. staattinen kokonaiskuormitus: 90 kg<\/p>\n","protected":false},"excerpt":{"rendered":"<p>VASAGLE TV-kaappi LED-valaistuksella, televisiop\u00f6yt\u00e4, TV-teline jopa 70 tuuman televisioille, avoimet hyllyt, 2 kaappia ovilla, 160 cm, olohuoneeseen<\/p>\n","protected":false},"featured_media":0,"comment_status":"open","ping_status":"closed","template":"","meta":[],"product_brand":[],"product_cat":[32],"product_tag":[],"class_list":{"0":"post-35599","1":"product","2":"type-product","3":"status-publish","5":"product_cat-uncategorized-fi","7":"first","8":"instock","9":"shipping-taxable","10":"purchasable","11":"product-type-simple"},"_links":{"self":[{"href":"https:\/\/nordicmart.andreevmaster.com\/fi\/wp-json\/wp\/v2\/product\/35599","targetHints":{"allow":["GET"]}}],"collection":[{"href":"https:\/\/nordicmart.andreevmaster.com\/fi\/wp-json\/wp\/v2\/product"}],"about":[{"href":"https:\/\/nordicmart.andreevmaster.com\/fi\/wp-json\/wp\/v2\/types\/product"}],"replies":[{"embeddable":true,"href":"https:\/\/nordicmart.andreevmaster.com\/fi\/wp-json\/wp\/v2\/comments?post=35599"}],"wp:attachment":[{"href":"https:\/\/nordicmart.andreevmaster.com\/fi\/wp-json\/wp\/v2\/media?parent=35599"}],"wp:term":[{"taxonomy":"product_brand","embeddable":true,"href":"https:\/\/nordicmart.andreevmaster.com\/fi\/wp-json\/wp\/v2\/product_brand?post=35599"},{"taxonomy":"product_cat","embeddable":true,"href":"https:\/\/nordicmart.andreevmaster.com\/fi\/wp-json\/wp\/v2\/product_cat?post=35599"},{"taxonomy":"product_tag","embeddable":true,"href":"https:\/\/nordicmart.andreevmaster.com\/fi\/wp-json\/wp\/v2\/product_tag?post=35599"}],"curies":[{"name":"wp","href":"https:\/\/api.w.org\/{rel}","templated":true}]}}