{"id":35596,"date":"2026-02-27T00:30:38","date_gmt":"2026-02-27T00:30:38","guid":{"rendered":"https:\/\/nordicmart.andreevmaster.com\/product\/vasagle-tv-kaappi-40-x-178-x-50-cm-3-laatikkoa\/"},"modified":"2026-02-27T09:49:10","modified_gmt":"2026-02-27T09:49:10","slug":"vasagle-tv-kaappi-40-x-178-x-50-cm-3-laatikkoa","status":"publish","type":"product","link":"https:\/\/nordicmart.andreevmaster.com\/fi\/tuote\/vasagle-tv-kaappi-40-x-178-x-50-cm-3-laatikkoa\/","title":{"rendered":"VASAGLE TV-kaappi 40 x 178 x 50 cm, 3 laatikkoa"},"content":{"rendered":"<p>VASAGLE TV-kaappi, matala kaappi televisioille, joiden koko on enint\u00e4\u00e4n 80 tuumaa, pituus 178 cm, TV-p\u00f6yt\u00e4, jossa on 3 laatikkoa ja 3 avointa lokeroa<br \/>\nV\u00e4ri: valkoinen<br \/>\nMateriaali: lastulevy, ter\u00e4s<br \/>\nKoko: 40 x 178 x 50 cm (S x L x K)<br \/>\nPaino: 34,9 kg<br \/>\nP\u00f6yt\u00e4levyn maks. staattinen kantavuus: 65 kg<br \/>\nMaks. staattinen kokonaiskuormitus: 105 kg<\/p>\n","protected":false},"excerpt":{"rendered":"<p>VASAGLE TV-kaappi, matala kaappi televisioille, joiden koko on enint\u00e4\u00e4n 80 tuumaa, pituus 178 cm, TV-p\u00f6yt\u00e4, jossa on 3 laatikkoa ja 3 avointa lokeroa<\/p>\n","protected":false},"featured_media":44155,"comment_status":"open","ping_status":"closed","template":"","meta":[],"product_brand":[],"product_cat":[32],"product_tag":[],"class_list":{"0":"post-35596","1":"product","2":"type-product","3":"status-publish","4":"has-post-thumbnail","6":"product_cat-uncategorized-fi","8":"first","9":"instock","10":"shipping-taxable","11":"purchasable","12":"product-type-simple"},"_links":{"self":[{"href":"https:\/\/nordicmart.andreevmaster.com\/fi\/wp-json\/wp\/v2\/product\/35596","targetHints":{"allow":["GET"]}}],"collection":[{"href":"https:\/\/nordicmart.andreevmaster.com\/fi\/wp-json\/wp\/v2\/product"}],"about":[{"href":"https:\/\/nordicmart.andreevmaster.com\/fi\/wp-json\/wp\/v2\/types\/product"}],"replies":[{"embeddable":true,"href":"https:\/\/nordicmart.andreevmaster.com\/fi\/wp-json\/wp\/v2\/comments?post=35596"}],"wp:featuredmedia":[{"embeddable":true,"href":"https:\/\/nordicmart.andreevmaster.com\/fi\/wp-json\/wp\/v2\/media\/44155"}],"wp:attachment":[{"href":"https:\/\/nordicmart.andreevmaster.com\/fi\/wp-json\/wp\/v2\/media?parent=35596"}],"wp:term":[{"taxonomy":"product_brand","embeddable":true,"href":"https:\/\/nordicmart.andreevmaster.com\/fi\/wp-json\/wp\/v2\/product_brand?post=35596"},{"taxonomy":"product_cat","embeddable":true,"href":"https:\/\/nordicmart.andreevmaster.com\/fi\/wp-json\/wp\/v2\/product_cat?post=35596"},{"taxonomy":"product_tag","embeddable":true,"href":"https:\/\/nordicmart.andreevmaster.com\/fi\/wp-json\/wp\/v2\/product_tag?post=35596"}],"curies":[{"name":"wp","href":"https:\/\/api.w.org\/{rel}","templated":true}]}}