{"id":35594,"date":"2026-02-27T00:30:38","date_gmt":"2026-02-27T00:30:38","guid":{"rendered":"https:\/\/nordicmart.andreevmaster.com\/product\/vasagle-tv-kaappi-3-avointa-lokeroa-terasrunko-valkoinen\/"},"modified":"2026-02-27T09:49:09","modified_gmt":"2026-02-27T09:49:09","slug":"vasagle-tv-kaappi-3-avointa-lokeroa-terasrunko-valkoinen","status":"publish","type":"product","link":"https:\/\/nordicmart.andreevmaster.com\/fi\/tuote\/vasagle-tv-kaappi-3-avointa-lokeroa-terasrunko-valkoinen\/","title":{"rendered":"VASAGLE TV-kaappi 3 avointa lokeroa Ter\u00e4srunko valkoinen"},"content":{"rendered":"<p>VASAGLE TV-kaappi, matala kaappi televisioille, joiden koko on enint\u00e4\u00e4n 65 tuumaa, TV-hylly 3 laatikolla, 147 x 40 x 50 cm, teollinen muotoilu, ter\u00e4srunko, vintage-ruskea-musta LTV301B01<br \/>\nV\u00e4ri: valkoinen<br \/>\nMateriaali: lastulevy, ter\u00e4s<br \/>\nKoko: 40 x 147 x 50 cm (S x L x K)<br \/>\nPaino: 30,4 kg<br \/>\nP\u00f6yt\u00e4levyn maks. staattinen kantavuus: 45 kg<br \/>\nMaks. staattinen kokonaiskuormitus: 105 kg<\/p>\n","protected":false},"excerpt":{"rendered":"<p>VASAGLE TV-kaappi, matala kaappi televisioille, joiden koko on enint\u00e4\u00e4n 65 tuumaa, TV-hylly 3 laatikolla, 147 x 40 x 50 cm, teollinen muotoilu, ter\u00e4srunko, vintage-ruskea-musta LTV301B01<\/p>\n","protected":false},"featured_media":44154,"comment_status":"open","ping_status":"closed","template":"","meta":[],"product_brand":[],"product_cat":[32],"product_tag":[],"class_list":{"0":"post-35594","1":"product","2":"type-product","3":"status-publish","4":"has-post-thumbnail","6":"product_cat-uncategorized-fi","8":"first","9":"instock","10":"shipping-taxable","11":"purchasable","12":"product-type-simple"},"_links":{"self":[{"href":"https:\/\/nordicmart.andreevmaster.com\/fi\/wp-json\/wp\/v2\/product\/35594","targetHints":{"allow":["GET"]}}],"collection":[{"href":"https:\/\/nordicmart.andreevmaster.com\/fi\/wp-json\/wp\/v2\/product"}],"about":[{"href":"https:\/\/nordicmart.andreevmaster.com\/fi\/wp-json\/wp\/v2\/types\/product"}],"replies":[{"embeddable":true,"href":"https:\/\/nordicmart.andreevmaster.com\/fi\/wp-json\/wp\/v2\/comments?post=35594"}],"wp:featuredmedia":[{"embeddable":true,"href":"https:\/\/nordicmart.andreevmaster.com\/fi\/wp-json\/wp\/v2\/media\/44154"}],"wp:attachment":[{"href":"https:\/\/nordicmart.andreevmaster.com\/fi\/wp-json\/wp\/v2\/media?parent=35594"}],"wp:term":[{"taxonomy":"product_brand","embeddable":true,"href":"https:\/\/nordicmart.andreevmaster.com\/fi\/wp-json\/wp\/v2\/product_brand?post=35594"},{"taxonomy":"product_cat","embeddable":true,"href":"https:\/\/nordicmart.andreevmaster.com\/fi\/wp-json\/wp\/v2\/product_cat?post=35594"},{"taxonomy":"product_tag","embeddable":true,"href":"https:\/\/nordicmart.andreevmaster.com\/fi\/wp-json\/wp\/v2\/product_tag?post=35594"}],"curies":[{"name":"wp","href":"https:\/\/api.w.org\/{rel}","templated":true}]}}